{"id":9659,"date":"2025-01-15T05:41:38","date_gmt":"2025-01-15T04:41:38","guid":{"rendered":"https:\/\/peters-jaegersburg.de\/?page_id=9659"},"modified":"2026-02-03T09:55:37","modified_gmt":"2026-02-03T08:55:37","slug":"unsere-inklusivleistungen","status":"publish","type":"page","link":"https:\/\/peters-jaegersburg.de\/en\/unsere-inklusivleistungen\/","title":{"rendered":"Unsere Inklusivleistungen"},"content":{"rendered":"<div data-elementor-type=\"wp-post\" data-elementor-id=\"9659\" class=\"elementor elementor-9659\" data-elementor-post-type=\"page\">\n\t\t\t\t\t\t<section class=\"elementor-section elementor-top-section elementor-element elementor-element-0c45959 elementor-section-content-middle elementor-section-boxed elementor-section-height-default elementor-section-height-default\" data-id=\"0c45959\" data-element_type=\"section\" data-e-type=\"section\">\n\t\t\t\t\t\t<div class=\"elementor-container elementor-column-gap-no\">\n\t\t\t\t\t<div class=\"elementor-column elementor-col-100 elementor-top-column elementor-element elementor-element-58ed5db\" data-id=\"58ed5db\" data-element_type=\"column\" data-e-type=\"column\">\n\t\t\t<div class=\"elementor-widget-wrap elementor-element-populated\">\n\t\t\t\t\t\t<section class=\"elementor-section elementor-inner-section elementor-element elementor-element-4ecbc56 elementor-section-boxed elementor-section-height-default elementor-section-height-default\" data-id=\"4ecbc56\" data-element_type=\"section\" data-e-type=\"section\">\n\t\t\t\t\t\t<div class=\"elementor-container elementor-column-gap-default\">\n\t\t\t\t\t<div class=\"elementor-column elementor-col-50 elementor-inner-column elementor-element elementor-element-ad1dc01\" data-id=\"ad1dc01\" data-element_type=\"column\" data-e-type=\"column\">\n\t\t\t<div class=\"elementor-widget-wrap elementor-element-populated\">\n\t\t\t\t\t\t<div class=\"elementor-element elementor-element-610d068 elementor-widget elementor-widget-heading\" data-id=\"610d068\" data-element_type=\"widget\" data-e-type=\"widget\" data-widget_type=\"heading.default\">\n\t\t\t\t\t<h1 class=\"elementor-heading-title elementor-size-default\">Unsere Inklusivleistungen<\/h1>\t\t\t\t<\/div>\n\t\t\t\t<div class=\"elementor-element elementor-element-8cd1303 elementor-widget-divider--view-line elementor-widget elementor-widget-divider\" data-id=\"8cd1303\" data-element_type=\"widget\" data-e-type=\"widget\" data-widget_type=\"divider.default\">\n\t\t\t\t\t\t\t<div class=\"elementor-divider\">\n\t\t\t<span class=\"elementor-divider-separator\">\n\t\t\t\t\t\t<\/span>\n\t\t<\/div>\n\t\t\t\t\t\t<\/div>\n\t\t\t\t<div class=\"elementor-element elementor-element-cd61035 elementor-widget elementor-widget-heading\" data-id=\"cd61035\" data-element_type=\"widget\" data-e-type=\"widget\" data-widget_type=\"heading.default\">\n\t\t\t\t\t<h2 class=\"elementor-heading-title elementor-size-default\">Das geh\u00f6rt zu Ihrem  Aufenthalt im PETERS dazu<\/h2>\t\t\t\t<\/div>\n\t\t\t\t\t<\/div>\n\t\t<\/div>\n\t\t\t\t<div class=\"elementor-column elementor-col-50 elementor-inner-column elementor-element elementor-element-6b3cbe1\" data-id=\"6b3cbe1\" data-element_type=\"column\" data-e-type=\"column\">\n\t\t\t<div class=\"elementor-widget-wrap\">\n\t\t\t\t\t\t\t<\/div>\n\t\t<\/div>\n\t\t\t\t\t<\/div>\n\t\t<\/section>\n\t\t\t\t\t<\/div>\n\t\t<\/div>\n\t\t\t\t\t<\/div>\n\t\t<\/section>\n\t\t<div class=\"elementor-element elementor-element-b6639ab e-flex e-con-boxed e-con e-parent\" data-id=\"b6639ab\" data-element_type=\"container\" data-e-type=\"container\" data-settings=\"{&quot;background_background&quot;:&quot;classic&quot;}\">\n\t\t\t\t\t<div class=\"e-con-inner\">\n\t\t<div class=\"elementor-element elementor-element-8236241 e-con-full e-flex e-con e-child\" data-id=\"8236241\" data-element_type=\"container\" data-e-type=\"container\">\n\t\t\t\t<div class=\"elementor-element elementor-element-6840d2d elementor-widget elementor-widget-heading\" data-id=\"6840d2d\" data-element_type=\"widget\" data-e-type=\"widget\" data-widget_type=\"heading.default\">\n\t\t\t\t\t<h3 class=\"elementor-heading-title elementor-size-default\">Erleben Sie pure Entspannung \u2013 Ihr perfekter Aufenthalt mit Seeblick<\/h3>\t\t\t\t<\/div>\n\t\t\t\t<div class=\"elementor-element elementor-element-d232bfa elementor-widget__width-inherit elementor-widget elementor-widget-text-editor\" data-id=\"d232bfa\" data-element_type=\"widget\" data-e-type=\"widget\" data-widget_type=\"text-editor.default\">\n\t\t\t\t\t\t\t\t\t<p>Willkommen zu Ihrem unvergesslichen Urlaubserlebnis!<\/p><p>Bei uns erwartet Sie nicht nur ein traumhafter Seeblick, sondern auch zahlreiche Annehmlichkeiten,<br \/>die Ihren Aufenthalt zu etwas ganz Besonderem machen.<\/p>\t\t\t\t\t\t\t\t<\/div>\n\t\t\t\t<\/div>\n\t\t\t\t\t<\/div>\n\t\t\t\t<\/div>\n\t\t\t\t<section class=\"elementor-section elementor-top-section elementor-element elementor-element-e3ffadc elementor-section-boxed elementor-section-height-default elementor-section-height-default\" data-id=\"e3ffadc\" data-element_type=\"section\" data-e-type=\"section\">\n\t\t\t\t\t\t<div class=\"elementor-container elementor-column-gap-default\">\n\t\t\t\t\t<div class=\"elementor-column elementor-col-100 elementor-top-column elementor-element elementor-element-d6ae452\" data-id=\"d6ae452\" data-element_type=\"column\" data-e-type=\"column\">\n\t\t\t<div class=\"elementor-widget-wrap elementor-element-populated\">\n\t\t\t\t<div class=\"elementor-element elementor-element-6ab610e e-con-full e-flex e-con e-parent\" data-id=\"6ab610e\" data-element_type=\"container\" data-e-type=\"container\">\n\t\t<div class=\"elementor-element elementor-element-7dc2698 e-con-full e-flex e-con e-child\" data-id=\"7dc2698\" data-element_type=\"container\" data-e-type=\"container\">\n\t\t\t\t<div class=\"elementor-element elementor-element-f1c0cca elementor-widget elementor-widget-heading\" data-id=\"f1c0cca\" data-element_type=\"widget\" data-e-type=\"widget\" data-widget_type=\"heading.default\">\n\t\t\t\t\t<h2 class=\"elementor-heading-title elementor-size-default\">Ein herzliches Willkommen<\/h2>\t\t\t\t<\/div>\n\t\t\t\t<div class=\"elementor-element elementor-element-406684a elementor-widget elementor-widget-text-editor\" data-id=\"406684a\" data-element_type=\"widget\" data-e-type=\"widget\" data-widget_type=\"text-editor.default\">\n\t\t\t\t\t\t\t\t\tStarten Sie Ihren Urlaub mit einem erfrischenden <b>Begr\u00fc\u00dfungsdrink<\/b> und lassen Sie den Alltag hinter sich.\t\t\t\t\t\t\t\t<\/div>\n\t\t\t\t<div class=\"elementor-element elementor-element-f298a79 elementor-widget elementor-widget-heading\" data-id=\"f298a79\" data-element_type=\"widget\" data-e-type=\"widget\" data-widget_type=\"heading.default\">\n\t\t\t\t\t<h2 class=\"elementor-heading-title elementor-size-default\">Kulinarische Highlights mit Panoramablick<\/h2>\t\t\t\t<\/div>\n\t\t\t\t<div class=\"elementor-element elementor-element-a6b0d18 elementor-widget elementor-widget-text-editor\" data-id=\"a6b0d18\" data-element_type=\"widget\" data-e-type=\"widget\" data-widget_type=\"text-editor.default\">\n\t\t\t\t\t\t\t\t\t<p>Genie\u00dfen Sie morgens unser <b>Genie\u00dferfr\u00fchst\u00fcck vom reichhaltigen Buffet<\/b> im Panorama-Restaurant mit gro\u00dfer Seeterrasse \u2013 der perfekte Start in den Tag. Abends verw\u00f6hnen wir Sie mit einem <b>exquisiten 4-Gang-Dinnermen\u00fc<\/b>, das keine W\u00fcnsche offenl\u00e4sst. (In Halbpension und Top-Angeboten enthalten.)<\/p>\t\t\t\t\t\t\t\t<\/div>\n\t\t\t\t<div class=\"elementor-element elementor-element-52b211c elementor-widget elementor-widget-heading\" data-id=\"52b211c\" data-element_type=\"widget\" data-e-type=\"widget\" data-widget_type=\"heading.default\">\n\t\t\t\t\t<h2 class=\"elementor-heading-title elementor-size-default\">Komfort und Erholung in Ihrem Zimmer<\/h2>\t\t\t\t<\/div>\n\t\t\t\t<div class=\"elementor-element elementor-element-8a400ab elementor-widget elementor-widget-text-editor\" data-id=\"8a400ab\" data-element_type=\"widget\" data-e-type=\"widget\" data-widget_type=\"text-editor.default\">\n\t\t\t\t\t\t\t\t\tFreuen Sie sich auf <b>erfrischendes Mineralwasser<\/b>, das bei Ihrer Ankunft bereits auf Sie wartet. In unseren gem\u00fctlichen <b>Boxspringbetten<\/b> genie\u00dfen Sie einen <b>erholsamen Schlaf<\/b>. Unsere Seeblick-Zimmer und die luxuri\u00f6sen Juniorsuiten \u201eKingSize\u201c (210 cm) bieten h\u00f6chsten Komfort.\t\t\t\t\t\t\t\t<\/div>\n\t\t\t\t<div class=\"elementor-element elementor-element-0f74f53 elementor-widget elementor-widget-heading\" data-id=\"0f74f53\" data-element_type=\"widget\" data-e-type=\"widget\" data-widget_type=\"heading.default\">\n\t\t\t\t\t<h2 class=\"elementor-heading-title elementor-size-default\">Wellness auf h\u00f6chstem Niveau<\/h2>\t\t\t\t<\/div>\n\t\t\t\t<div class=\"elementor-element elementor-element-2552f35 elementor-widget elementor-widget-text-editor\" data-id=\"2552f35\" data-element_type=\"widget\" data-e-type=\"widget\" data-widget_type=\"text-editor.default\">\n\t\t\t\t\t\t\t\t\tLassen Sie im Panorama-SPA-Bereich die Seele baumeln. Entspannen Sie in der <b>finnischen Sauna<\/b> (90\u00b0), im <b>Sanarium<\/b> (65\u00b0) oder in den Ruhezonen. Tauchen Sie ein in unseren beheizten <b>Infinity-Au\u00dfenpool<\/b> (28 \u00b0C) auf der <b>Sonnenterrasse<\/b> und genie\u00dfen Sie den Blick in die Weite.\t\t\t\t\t\t\t\t<\/div>\n\t\t\t\t<div class=\"elementor-element elementor-element-1547348 elementor-widget elementor-widget-image\" data-id=\"1547348\" data-element_type=\"widget\" data-e-type=\"widget\" data-widget_type=\"image.default\">\n\t\t\t\t\t\t\t\t\t\t\t\t\t\t\t<img fetchpriority=\"high\" decoding=\"async\" width=\"400\" height=\"287\" src=\"https:\/\/peters-jaegersburg.de\/wp-content\/uploads\/2021\/04\/peters-tannen.png\" class=\"attachment-full size-full wp-image-5737\" alt=\"Drei stilisierte Baumformen mit Zickzacklinien, die sowohl an Tannenb\u00e4ume als auch an Blitze erinnern. Der mittlere Baum ist dunkelgr\u00fcn, die beiden seitlichen B\u00e4ume sind hellgr\u00fcn. Das Design hat einen modernen, geometrischen Look.\" srcset=\"https:\/\/peters-jaegersburg.de\/wp-content\/uploads\/2021\/04\/peters-tannen.png 400w, https:\/\/peters-jaegersburg.de\/wp-content\/uploads\/2021\/04\/peters-tannen-768x551.png 768w, https:\/\/peters-jaegersburg.de\/wp-content\/uploads\/2021\/04\/peters-tannen-18x12.png 18w\" sizes=\"(max-width: 400px) 100vw, 400px\" title=\"\">\t\t\t\t\t\t\t\t\t\t\t\t\t\t\t<\/div>\n\t\t\t\t<\/div>\n\t\t<div class=\"elementor-element elementor-element-76f71f6 e-con-full e-flex e-con e-child\" data-id=\"76f71f6\" data-element_type=\"container\" data-e-type=\"container\">\n\t\t\t\t<div class=\"elementor-element elementor-element-e7b5e5d elementor-widget elementor-widget-image\" data-id=\"e7b5e5d\" data-element_type=\"widget\" data-e-type=\"widget\" data-widget_type=\"image.default\">\n\t\t\t\t\t\t\t\t\t\t\t\t\t\t\t<img decoding=\"async\" width=\"800\" height=\"800\" src=\"https:\/\/peters-jaegersburg.de\/wp-content\/uploads\/2020\/03\/PETERS-Hotel-Firmenevent-Cocktail-Seminar-01-1024x1024.jpg\" class=\"attachment-large size-large wp-image-4874\" alt=\"PETERS Hotel Firmenevent Cocktail Seminar\" srcset=\"https:\/\/peters-jaegersburg.de\/wp-content\/uploads\/2020\/03\/PETERS-Hotel-Firmenevent-Cocktail-Seminar-01-1024x1024.jpg 1024w, https:\/\/peters-jaegersburg.de\/wp-content\/uploads\/2020\/03\/PETERS-Hotel-Firmenevent-Cocktail-Seminar-01-300x300.jpg 300w, https:\/\/peters-jaegersburg.de\/wp-content\/uploads\/2020\/03\/PETERS-Hotel-Firmenevent-Cocktail-Seminar-01-150x150.jpg 150w, https:\/\/peters-jaegersburg.de\/wp-content\/uploads\/2020\/03\/PETERS-Hotel-Firmenevent-Cocktail-Seminar-01-1536x1536.jpg 1536w, https:\/\/peters-jaegersburg.de\/wp-content\/uploads\/2020\/03\/PETERS-Hotel-Firmenevent-Cocktail-Seminar-01-2048x2048.jpg 2048w, https:\/\/peters-jaegersburg.de\/wp-content\/uploads\/2020\/03\/PETERS-Hotel-Firmenevent-Cocktail-Seminar-01-20x20.jpg 20w\" sizes=\"(max-width: 800px) 100vw, 800px\" title=\"\">\t\t\t\t\t\t\t\t\t\t\t\t\t\t\t<\/div>\n\t\t\t\t<div class=\"elementor-element elementor-element-c74cd86 elementor-widget elementor-widget-heading\" data-id=\"c74cd86\" data-element_type=\"widget\" data-e-type=\"widget\" data-widget_type=\"heading.default\">\n\t\t\t\t\t<h2 class=\"elementor-heading-title elementor-size-default\">Alles f\u00fcr Ihr Wohlbefinden<\/h2>\t\t\t\t<\/div>\n\t\t\t\t<div class=\"elementor-element elementor-element-1f89d9d elementor-widget elementor-widget-text-editor\" data-id=\"1f89d9d\" data-element_type=\"widget\" data-e-type=\"widget\" data-widget_type=\"text-editor.default\">\n\t\t\t\t\t\t\t\t\tIhre <b>Wellness-Tasche<\/b> mit flauschigem Bademantel, <b>Saunatuch<\/b> und <b>Frottier-Slippern<\/b> steht bereits f\u00fcr Sie bereit. Bleiben Sie immer verbunden mit kostenfreiem WLAN in allen Bereichen.\t\t\t\t\t\t\t\t<\/div>\n\t\t\t\t<div class=\"elementor-element elementor-element-af53c8a elementor-widget elementor-widget-heading\" data-id=\"af53c8a\" data-element_type=\"widget\" data-e-type=\"widget\" data-widget_type=\"heading.default\">\n\t\t\t\t\t<h2 class=\"elementor-heading-title elementor-size-default\">Unser Service f\u00fcr Ihren Komfort<\/h2>\t\t\t\t<\/div>\n\t\t\t\t<div class=\"elementor-element elementor-element-0b6b4fd elementor-widget elementor-widget-text-editor\" data-id=\"0b6b4fd\" data-element_type=\"widget\" data-e-type=\"widget\" data-widget_type=\"text-editor.default\">\n\t\t\t\t\t\t\t\t\t<b>T\u00e4gliche Zimmerreinigung<\/b>, eine <b>praktische Gep\u00e4ckaufbewahrung<\/b>\u00a0und unsere herzliche Gastfreundschaft sorgen daf\u00fcr, dass Sie sich rundum wohlf\u00fchlen.\t\t\t\t\t\t\t\t<\/div>\n\t\t\t\t<div class=\"elementor-element elementor-element-65b0e1d elementor-widget elementor-widget-heading\" data-id=\"65b0e1d\" data-element_type=\"widget\" data-e-type=\"widget\" data-widget_type=\"heading.default\">\n\t\t\t\t\t<h2 class=\"elementor-heading-title elementor-size-default\">Ihr perfekter R\u00fcckzugsort<\/h2>\t\t\t\t<\/div>\n\t\t\t\t<div class=\"elementor-element elementor-element-de104cc elementor-widget elementor-widget-text-editor\" data-id=\"de104cc\" data-element_type=\"widget\" data-e-type=\"widget\" data-widget_type=\"text-editor.default\">\n\t\t\t\t\t\t\t\t\tKommen Sie zu uns und erleben Sie <b>einen Aufenthalt voller Genuss<\/b>, Entspannung und einzigartiger Momente. Jetzt buchen und den Alltag hinter sich lassen!\t\t\t\t\t\t\t\t<\/div>\n\t\t\t\t<div class=\"elementor-element elementor-element-f151119 elementor-widget elementor-widget-heading\" data-id=\"f151119\" data-element_type=\"widget\" data-e-type=\"widget\" data-widget_type=\"heading.default\">\n\t\t\t\t\t<h2 class=\"elementor-heading-title elementor-size-default\">Ihr Vorteil<\/h2>\t\t\t\t<\/div>\n\t\t\t\t<div class=\"elementor-element elementor-element-124417f elementor-widget elementor-widget-text-editor\" data-id=\"124417f\" data-element_type=\"widget\" data-e-type=\"widget\" data-widget_type=\"text-editor.default\">\n\t\t\t\t\t\t\t\t\t<p>Die <b>Saarland Card<\/b> (ab 2 N\u00e4chten).<br \/><b>VIP Day Pass<\/b> f\u00fcr das Fashion Outlet Zweibr\u00fccken mit 10% Rabatt<\/p>\t\t\t\t\t\t\t\t<\/div>\n\t\t\t\t<\/div>\n\t\t\t\t<\/div>\n\t\t\t\t\t<\/div>\n\t\t<\/div>\n\t\t\t\t\t<\/div>\n\t\t<\/section>\n\t\t<div class=\"elementor-element elementor-element-ae16a55 e-flex e-con-boxed e-con e-parent\" data-id=\"ae16a55\" data-element_type=\"container\" data-e-type=\"container\">\n\t\t\t\t\t<div class=\"e-con-inner\">\n\t\t\t\t<div class=\"elementor-element elementor-element-5630f70 elementor-widget elementor-widget-html\" data-id=\"5630f70\" data-element_type=\"widget\" data-e-type=\"widget\" data-widget_type=\"html.default\">\n\t\t\t\t\t<script src=\"https:\/\/www.holidaycheck.de\/widgets?step=code&type=code&options=hotel-1-1899965-de_DE-s-w-1-2-1-3-0\" type=\"text\/javascript\"><\/script><div id=\"holidaycheck-widget-hotel-1-1899965-de_DE-s-w-1-2-1-3-0\"><div id=\"holidaycheck_widget_placeholder-1899965\" style=\"width:120px;padding:5px;background:#0058a2;\"><a href=\"https:\/\/www.holidaycheck.de\/hi\/peters-hotel-spa\/19679c06-2c4e-4325-b33e-63a30d249f96\" target=\"_blank\" rel=\"noopener\"><img decoding=\"async\" alt=\"Hotels mit Hotelbewertungen bei HolidayCheck\" src=\"https:\/\/www.holidaycheck.de\/widgets\/logo_xlarge.png\" border=\"0\" title=\"\"><\/a><\/div><\/div>\t\t\t\t<\/div>\n\t\t\t\t\t<\/div>\n\t\t\t\t<\/div>\n\t\t<div class=\"elementor-element elementor-element-8c40bbd e-flex e-con-boxed e-con e-parent\" data-id=\"8c40bbd\" data-element_type=\"container\" data-e-type=\"container\">\n\t\t\t\t\t<div class=\"e-con-inner\">\n\t\t\t\t<div class=\"elementor-element elementor-element-407cddf elementor-widget elementor-widget-heading\" data-id=\"407cddf\" data-element_type=\"widget\" data-e-type=\"widget\" data-widget_type=\"heading.default\">\n\t\t\t\t\t<h3 class=\"elementor-heading-title elementor-size-default\">We are looking forward to seeing you!<\/h3>\t\t\t\t<\/div>\n\t\t\t\t\t<\/div>\n\t\t\t\t<\/div>\n\t\t\t\t<\/div>","protected":false},"excerpt":{"rendered":"<p>Unsere Inklusivleistungen Das geh\u00f6rt zu Ihrem Aufenthalt im PETERS dazu Erleben Sie pure Entspannung \u2013 Ihr perfekter Aufenthalt mit Seeblick Willkommen zu Ihrem unvergesslichen Urlaubserlebnis! Bei uns erwartet Sie nicht nur ein traumhafter Seeblick, sondern auch zahlreiche Annehmlichkeiten,die Ihren Aufenthalt zu etwas ganz Besonderem machen. Ein herzliches Willkommen Starten Sie Ihren Urlaub mit einem erfrischenden [&hellip;]<\/p>\n","protected":false},"author":1,"featured_media":0,"parent":0,"menu_order":0,"comment_status":"closed","ping_status":"closed","template":"","meta":{"footnotes":""},"class_list":["post-9659","page","type-page","status-publish","hentry"],"_links":{"self":[{"href":"https:\/\/peters-jaegersburg.de\/en\/wp-json\/wp\/v2\/pages\/9659","targetHints":{"allow":["GET"]}}],"collection":[{"href":"https:\/\/peters-jaegersburg.de\/en\/wp-json\/wp\/v2\/pages"}],"about":[{"href":"https:\/\/peters-jaegersburg.de\/en\/wp-json\/wp\/v2\/types\/page"}],"author":[{"embeddable":true,"href":"https:\/\/peters-jaegersburg.de\/en\/wp-json\/wp\/v2\/users\/1"}],"replies":[{"embeddable":true,"href":"https:\/\/peters-jaegersburg.de\/en\/wp-json\/wp\/v2\/comments?post=9659"}],"version-history":[{"count":46,"href":"https:\/\/peters-jaegersburg.de\/en\/wp-json\/wp\/v2\/pages\/9659\/revisions"}],"predecessor-version":[{"id":10600,"href":"https:\/\/peters-jaegersburg.de\/en\/wp-json\/wp\/v2\/pages\/9659\/revisions\/10600"}],"wp:attachment":[{"href":"https:\/\/peters-jaegersburg.de\/en\/wp-json\/wp\/v2\/media?parent=9659"}],"curies":[{"name":"wp","href":"https:\/\/api.w.org\/{rel}","templated":true}]}}