{"id":917,"date":"2019-01-07T07:43:16","date_gmt":"2019-01-07T06:43:16","guid":{"rendered":"http:\/\/2019.peters-jaegersburg.de\/?page_id=917"},"modified":"2020-01-23T04:59:36","modified_gmt":"2020-01-23T03:59:36","slug":"voelklinger-huette-unesco-weltkulturerbe","status":"publish","type":"page","link":"https:\/\/peters-jaegersburg.de\/en\/voelklinger-huette-unesco-weltkulturerbe\/","title":{"rendered":"V\u00f6lklinger H\u00fctte &#8211; Unesco Weltkulturerbe"},"content":{"rendered":"<div data-elementor-type=\"wp-post\" data-elementor-id=\"917\" class=\"elementor elementor-917\" data-elementor-post-type=\"page\">\n\t\t\t\t\t\t<section class=\"elementor-section elementor-top-section elementor-element elementor-element-53bd9899 elementor-section-height-min-height elementor-section-boxed elementor-section-height-default elementor-section-items-middle\" data-id=\"53bd9899\" data-element_type=\"section\" data-e-type=\"section\" data-settings=\"{&quot;background_background&quot;:&quot;classic&quot;}\">\n\t\t\t\t\t\t<div class=\"elementor-container elementor-column-gap-default\">\n\t\t\t\t\t<div class=\"elementor-column elementor-col-50 elementor-top-column elementor-element elementor-element-30ce4f0\" data-id=\"30ce4f0\" data-element_type=\"column\" data-e-type=\"column\">\n\t\t\t<div class=\"elementor-widget-wrap elementor-element-populated\">\n\t\t\t\t\t\t<div class=\"elementor-element elementor-element-bc4b992 elementor-widget elementor-widget-image\" data-id=\"bc4b992\" data-element_type=\"widget\" data-e-type=\"widget\" data-widget_type=\"image.default\">\n\t\t\t\t\t\t\t\t\t\t\t\t\t\t\t<img fetchpriority=\"high\" decoding=\"async\" width=\"800\" height=\"800\" src=\"https:\/\/peters-jaegersburg.de\/wp-content\/uploads\/2019\/03\/voelklinger-huette-weltkulturerbe-peters-wellness-spa-hotel-saarland-1024x1024.jpg\" class=\"attachment-large size-large wp-image-1900\" alt=\"Ein mit bunten Lichtern beleuchtetes Stahlwerk in der Abendd\u00e4mmerung, Schornsteine und Industriebauten heben sich von einem blau-violetten Himmel ab.\" srcset=\"https:\/\/peters-jaegersburg.de\/wp-content\/uploads\/2019\/03\/voelklinger-huette-weltkulturerbe-peters-wellness-spa-hotel-saarland-1024x1024.jpg 1024w, https:\/\/peters-jaegersburg.de\/wp-content\/uploads\/2019\/03\/voelklinger-huette-weltkulturerbe-peters-wellness-spa-hotel-saarland-300x300.jpg 300w, https:\/\/peters-jaegersburg.de\/wp-content\/uploads\/2019\/03\/voelklinger-huette-weltkulturerbe-peters-wellness-spa-hotel-saarland-150x150.jpg 150w, https:\/\/peters-jaegersburg.de\/wp-content\/uploads\/2019\/03\/voelklinger-huette-weltkulturerbe-peters-wellness-spa-hotel-saarland-1536x1536.jpg 1536w, https:\/\/peters-jaegersburg.de\/wp-content\/uploads\/2019\/03\/voelklinger-huette-weltkulturerbe-peters-wellness-spa-hotel-saarland-2048x2048.jpg 2048w, https:\/\/peters-jaegersburg.de\/wp-content\/uploads\/2019\/03\/voelklinger-huette-weltkulturerbe-peters-wellness-spa-hotel-saarland-20x20.jpg 20w\" sizes=\"(max-width: 800px) 100vw, 800px\" title=\"\">\t\t\t\t\t\t\t\t\t\t\t\t\t\t\t<\/div>\n\t\t\t\t\t<\/div>\n\t\t<\/div>\n\t\t\t\t<div class=\"elementor-column elementor-col-50 elementor-top-column elementor-element elementor-element-72a7491\" data-id=\"72a7491\" data-element_type=\"column\" data-e-type=\"column\" data-settings=\"{&quot;background_background&quot;:&quot;classic&quot;}\">\n\t\t\t<div class=\"elementor-widget-wrap elementor-element-populated\">\n\t\t\t\t\t\t<div class=\"elementor-element elementor-element-723c559 elementor-widget elementor-widget-heading\" data-id=\"723c559\" data-element_type=\"widget\" data-e-type=\"widget\" data-widget_type=\"heading.default\">\n\t\t\t\t\t<h1 class=\"elementor-heading-title elementor-size-default\">V\u00f6lklinger H\u00fctte<\/h1>\t\t\t\t<\/div>\n\t\t\t\t<div class=\"elementor-element elementor-element-6cd7ad3 elementor-widget-divider--view-line elementor-widget elementor-widget-divider\" data-id=\"6cd7ad3\" data-element_type=\"widget\" data-e-type=\"widget\" data-widget_type=\"divider.default\">\n\t\t\t\t\t\t\t<div class=\"elementor-divider\">\n\t\t\t<span class=\"elementor-divider-separator\">\n\t\t\t\t\t\t<\/span>\n\t\t<\/div>\n\t\t\t\t\t\t<\/div>\n\t\t\t\t<div class=\"elementor-element elementor-element-80c1293 elementor-widget elementor-widget-heading\" data-id=\"80c1293\" data-element_type=\"widget\" data-e-type=\"widget\" data-widget_type=\"heading.default\">\n\t\t\t\t\t<h2 class=\"elementor-heading-title elementor-size-default\">Unesco- Weltkulturerbe<\/h2>\t\t\t\t<\/div>\n\t\t\t\t<div class=\"elementor-element elementor-element-73f59ef elementor-widget elementor-widget-text-editor\" data-id=\"73f59ef\" data-element_type=\"widget\" data-e-type=\"widget\" data-widget_type=\"text-editor.default\">\n\t\t\t\t\t\t\t\t\t<p>Das Weltkulturerbe V\u00f6lklinger H\u00fctte ist weltweit das einzige Eisenwerk aus der Bl\u00fctezeit der Industrialisierung das vollst\u00e4ndig erhalten ist. Es z\u00e4hlt zu den ungew\u00f6hnlichsten Weltkulturerbest\u00e4tten der UNESCO.<\/p><p>The circular trail through the UNESCO world heritage with 7,000 meters of well labeled paths takes about two to three hours.\nThe multimedia introduction in the sintering plant sends the visitors on a time travel from the beginnings of the V\u00f6lklinger H\u00fctte to the present. The roof of the ore shed grants a view on the city of V\u00f6lklingen and the active Saar steel mill. Through the Burden hall, the former raw materials warehouse of the H\u00fctte, you will go to the impressive furnaces.<\/p><p>More information under:<br \/><a href=\"https:\/\/www.voelklinger-huette.org\/willkommen\/\" target=\"_blank\" rel=\"noopener\">voelklinger-huette.org<\/a><\/p>\t\t\t\t\t\t\t\t<\/div>\n\t\t\t\t\t<\/div>\n\t\t<\/div>\n\t\t\t\t\t<\/div>\n\t\t<\/section>\n\t\t\t\t<\/div>","protected":false},"excerpt":{"rendered":"<p>V\u00f6lklinger H\u00fctte Unesco- Weltkulturerbe Das Weltkulturerbe V\u00f6lklinger H\u00fctte ist weltweit das einzige Eisenwerk aus der Bl\u00fctezeit der Industrialisierung das vollst\u00e4ndig erhalten ist. Es z\u00e4hlt zu den ungew\u00f6hnlichsten Weltkulturerbest\u00e4tten der UNESCO. Der Rundweg durch das UNESCO Weltkulturerbe mit 7.000 Metern gut beschilderten Wegen dauert zwei bis drei Stunden. Die\u00a0Multimedia-Einf\u00fchrung\u00a0in der Sinteranlage schickt die Besucher auf eine\u00a0Zeitreise\u00a0von [&hellip;]<\/p>\n","protected":false},"author":1,"featured_media":0,"parent":0,"menu_order":0,"comment_status":"closed","ping_status":"closed","template":"","meta":{"footnotes":""},"class_list":["post-917","page","type-page","status-publish","hentry"],"_links":{"self":[{"href":"https:\/\/peters-jaegersburg.de\/en\/wp-json\/wp\/v2\/pages\/917","targetHints":{"allow":["GET"]}}],"collection":[{"href":"https:\/\/peters-jaegersburg.de\/en\/wp-json\/wp\/v2\/pages"}],"about":[{"href":"https:\/\/peters-jaegersburg.de\/en\/wp-json\/wp\/v2\/types\/page"}],"author":[{"embeddable":true,"href":"https:\/\/peters-jaegersburg.de\/en\/wp-json\/wp\/v2\/users\/1"}],"replies":[{"embeddable":true,"href":"https:\/\/peters-jaegersburg.de\/en\/wp-json\/wp\/v2\/comments?post=917"}],"version-history":[{"count":7,"href":"https:\/\/peters-jaegersburg.de\/en\/wp-json\/wp\/v2\/pages\/917\/revisions"}],"predecessor-version":[{"id":4268,"href":"https:\/\/peters-jaegersburg.de\/en\/wp-json\/wp\/v2\/pages\/917\/revisions\/4268"}],"wp:attachment":[{"href":"https:\/\/peters-jaegersburg.de\/en\/wp-json\/wp\/v2\/media?parent=917"}],"curies":[{"name":"wp","href":"https:\/\/api.w.org\/{rel}","templated":true}]}}