{"id":912,"date":"2019-01-07T07:36:03","date_gmt":"2019-01-07T06:36:03","guid":{"rendered":"http:\/\/2019.peters-jaegersburg.de\/?page_id=912"},"modified":"2020-01-23T04:58:22","modified_gmt":"2020-01-23T03:58:22","slug":"schlossberghoehlen-europas-groesste-buntsandsteinhoehlen%e2%80%a8","status":"publish","type":"page","link":"https:\/\/peters-jaegersburg.de\/en\/schlossberghoehlen-europas-groesste-buntsandsteinhoehlen%e2%80%a8\/","title":{"rendered":"Schlossbergh\u00f6hlen"},"content":{"rendered":"<div data-elementor-type=\"wp-post\" data-elementor-id=\"912\" class=\"elementor elementor-912\" data-elementor-post-type=\"page\">\n\t\t\t\t\t\t<section class=\"elementor-section elementor-top-section elementor-element elementor-element-53bd9899 elementor-section-height-min-height elementor-section-boxed elementor-section-height-default elementor-section-items-middle\" data-id=\"53bd9899\" data-element_type=\"section\" data-e-type=\"section\" data-settings=\"{&quot;background_background&quot;:&quot;classic&quot;}\">\n\t\t\t\t\t\t<div class=\"elementor-container elementor-column-gap-default\">\n\t\t\t\t\t<div class=\"elementor-column elementor-col-50 elementor-top-column elementor-element elementor-element-01d09ad\" data-id=\"01d09ad\" data-element_type=\"column\" data-e-type=\"column\">\n\t\t\t<div class=\"elementor-widget-wrap elementor-element-populated\">\n\t\t\t\t\t\t<div class=\"elementor-element elementor-element-5fceddd elementor-widget elementor-widget-image\" data-id=\"5fceddd\" data-element_type=\"widget\" data-e-type=\"widget\" data-widget_type=\"image.default\">\n\t\t\t\t\t\t\t\t\t\t\t\t\t\t\t<img fetchpriority=\"high\" decoding=\"async\" width=\"600\" height=\"450\" src=\"https:\/\/peters-jaegersburg.de\/wp-content\/uploads\/2019\/03\/schlossberghoehlen-homburg-saar-peters-wellness-spa-hotel-saarland.jpg\" class=\"attachment-large size-large wp-image-1899\" alt=\"Freizeitm\u00f6glichkeit - Schlossbergh\u00f6hlen Homburg Saar - Peters Hotel &amp; Spa J\u00e4gersburg\" srcset=\"https:\/\/peters-jaegersburg.de\/wp-content\/uploads\/2019\/03\/schlossberghoehlen-homburg-saar-peters-wellness-spa-hotel-saarland.jpg 600w, https:\/\/peters-jaegersburg.de\/wp-content\/uploads\/2019\/03\/schlossberghoehlen-homburg-saar-peters-wellness-spa-hotel-saarland-500x375.jpg 500w, https:\/\/peters-jaegersburg.de\/wp-content\/uploads\/2019\/03\/schlossberghoehlen-homburg-saar-peters-wellness-spa-hotel-saarland-300x225.jpg 300w, https:\/\/peters-jaegersburg.de\/wp-content\/uploads\/2019\/03\/schlossberghoehlen-homburg-saar-peters-wellness-spa-hotel-saarland-200x150.jpg 200w, https:\/\/peters-jaegersburg.de\/wp-content\/uploads\/2019\/03\/schlossberghoehlen-homburg-saar-peters-wellness-spa-hotel-saarland-400x300.jpg 400w\" sizes=\"(max-width: 600px) 100vw, 600px\" title=\"\">\t\t\t\t\t\t\t\t\t\t\t\t\t\t\t<\/div>\n\t\t\t\t\t<\/div>\n\t\t<\/div>\n\t\t\t\t<div class=\"elementor-column elementor-col-50 elementor-top-column elementor-element elementor-element-c7d463e\" data-id=\"c7d463e\" data-element_type=\"column\" data-e-type=\"column\" data-settings=\"{&quot;background_background&quot;:&quot;classic&quot;}\">\n\t\t\t<div class=\"elementor-widget-wrap elementor-element-populated\">\n\t\t\t\t\t\t<div class=\"elementor-element elementor-element-f0ca6a2 elementor-widget elementor-widget-heading\" data-id=\"f0ca6a2\" data-element_type=\"widget\" data-e-type=\"widget\" data-widget_type=\"heading.default\">\n\t\t\t\t\t<h1 class=\"elementor-heading-title elementor-size-default\">Schlossbergh\u00f6hlen<\/h1>\t\t\t\t<\/div>\n\t\t\t\t<div class=\"elementor-element elementor-element-8e1f484 elementor-widget-divider--view-line elementor-widget elementor-widget-divider\" data-id=\"8e1f484\" data-element_type=\"widget\" data-e-type=\"widget\" data-widget_type=\"divider.default\">\n\t\t\t\t\t\t\t<div class=\"elementor-divider\">\n\t\t\t<span class=\"elementor-divider-separator\">\n\t\t\t\t\t\t<\/span>\n\t\t<\/div>\n\t\t\t\t\t\t<\/div>\n\t\t\t\t<div class=\"elementor-element elementor-element-a649a25 elementor-widget elementor-widget-heading\" data-id=\"a649a25\" data-element_type=\"widget\" data-e-type=\"widget\" data-widget_type=\"heading.default\">\n\t\t\t\t\t<h2 class=\"elementor-heading-title elementor-size-default\">Erlebniswelt unter Tage - Europas gr\u00f6\u00dfte Buntsandsteinh\u00f6hlen<\/h2>\t\t\t\t<\/div>\n\t\t\t\t<div class=\"elementor-element elementor-element-d6860c4 elementor-widget elementor-widget-text-editor\" data-id=\"d6860c4\" data-element_type=\"widget\" data-e-type=\"widget\" data-widget_type=\"text-editor.default\">\n\t\t\t\t\t\t\t\t\t<p>Unterhalb der Ruinen der Hohenburg in Homburg auf dem Schlossberg liegen Europas gr\u00f6\u00dfte und von Menschenhand geschaffene Buntsandsteinh\u00f6hlen. In 12 Etagen f\u00fchren geheimnisvolle G\u00e4nge in imposante Kuppelhallen. Die gelben, roten und gelbroten Verf\u00e4rbungen des Sandes \u00fcben einen besonderen Reiz aus.<\/p><p>Teile der H\u00f6hlen sind zur Besichtigung freigegeben. Eine telefonische Voranmeldung unter Telefon-Nr. 06841\/2064 ist empfehlenswert (auch bei Einzelbesuchern). F\u00fchrungen sind neben Deutsch auch in Englisch und franz\u00f6sisch m\u00f6glich. Wartezeiten sind wegen der Sicherheitseinweisung und der Helmausgabe m\u00f6glich. In den H\u00f6hlen herrscht eine konstante Temperatur von 10\u00b0 C. Bitte achten Sie auf geeignete Kleidung.<\/p><p>Als PETERS-Hotel-Gast ist der Eintritt mit unserer G\u00e4stekarte Saarlandcard kostenfrei. Unser Empfang ber\u00e4t Sie hier gern.<\/p><p>More information under:<br \/><a href=\"https:\/\/www.homburger-schlossberghoehlen.de\/\" target=\"_blank\" rel=\"noopener\">homburger-schlossberghoehlen.de<\/a><\/p>\t\t\t\t\t\t\t\t<\/div>\n\t\t\t\t\t<\/div>\n\t\t<\/div>\n\t\t\t\t\t<\/div>\n\t\t<\/section>\n\t\t\t\t<\/div>","protected":false},"excerpt":{"rendered":"<p>Schlossbergh\u00f6hlen Erlebniswelt unter Tage &#8211; Europas gr\u00f6\u00dfte Buntsandsteinh\u00f6hlen Unterhalb der Ruinen der Hohenburg in Homburg auf dem Schlossberg liegen Europas gr\u00f6\u00dfte und von Menschenhand geschaffene Buntsandsteinh\u00f6hlen. In 12 Etagen f\u00fchren geheimnisvolle G\u00e4nge in imposante Kuppelhallen. Die gelben, roten und gelbroten Verf\u00e4rbungen des Sandes \u00fcben einen besonderen Reiz aus. Teile der H\u00f6hlen sind zur Besichtigung freigegeben. [&hellip;]<\/p>\n","protected":false},"author":1,"featured_media":0,"parent":0,"menu_order":0,"comment_status":"closed","ping_status":"closed","template":"","meta":{"footnotes":""},"class_list":["post-912","page","type-page","status-publish","hentry"],"_links":{"self":[{"href":"https:\/\/peters-jaegersburg.de\/en\/wp-json\/wp\/v2\/pages\/912","targetHints":{"allow":["GET"]}}],"collection":[{"href":"https:\/\/peters-jaegersburg.de\/en\/wp-json\/wp\/v2\/pages"}],"about":[{"href":"https:\/\/peters-jaegersburg.de\/en\/wp-json\/wp\/v2\/types\/page"}],"author":[{"embeddable":true,"href":"https:\/\/peters-jaegersburg.de\/en\/wp-json\/wp\/v2\/users\/1"}],"replies":[{"embeddable":true,"href":"https:\/\/peters-jaegersburg.de\/en\/wp-json\/wp\/v2\/comments?post=912"}],"version-history":[{"count":12,"href":"https:\/\/peters-jaegersburg.de\/en\/wp-json\/wp\/v2\/pages\/912\/revisions"}],"predecessor-version":[{"id":4266,"href":"https:\/\/peters-jaegersburg.de\/en\/wp-json\/wp\/v2\/pages\/912\/revisions\/4266"}],"wp:attachment":[{"href":"https:\/\/peters-jaegersburg.de\/en\/wp-json\/wp\/v2\/media?parent=912"}],"curies":[{"name":"wp","href":"https:\/\/api.w.org\/{rel}","templated":true}]}}