{"id":909,"date":"2019-01-07T07:31:31","date_gmt":"2019-01-07T06:31:31","guid":{"rendered":"http:\/\/2019.peters-jaegersburg.de\/?page_id=909"},"modified":"2020-01-23T04:55:22","modified_gmt":"2020-01-23T03:55:22","slug":"saarschleife-das-wahrzeichen-des-saarlandes","status":"publish","type":"page","link":"https:\/\/peters-jaegersburg.de\/en\/saarschleife-das-wahrzeichen-des-saarlandes\/","title":{"rendered":"Saarschleife"},"content":{"rendered":"<div data-elementor-type=\"wp-post\" data-elementor-id=\"909\" class=\"elementor elementor-909\" data-elementor-post-type=\"page\">\n\t\t\t\t\t\t<section class=\"elementor-section elementor-top-section elementor-element elementor-element-53bd9899 elementor-section-height-min-height elementor-section-boxed elementor-section-height-default elementor-section-items-middle\" data-id=\"53bd9899\" data-element_type=\"section\" data-e-type=\"section\" data-settings=\"{&quot;background_background&quot;:&quot;classic&quot;}\">\n\t\t\t\t\t\t<div class=\"elementor-container elementor-column-gap-default\">\n\t\t\t\t\t<div class=\"elementor-column elementor-col-50 elementor-top-column elementor-element elementor-element-463d7a5\" data-id=\"463d7a5\" data-element_type=\"column\" data-e-type=\"column\" data-settings=\"{&quot;background_background&quot;:&quot;classic&quot;}\">\n\t\t\t<div class=\"elementor-widget-wrap elementor-element-populated\">\n\t\t\t\t\t\t\t<\/div>\n\t\t<\/div>\n\t\t\t\t<div class=\"elementor-column elementor-col-50 elementor-top-column elementor-element elementor-element-52cd53ef\" data-id=\"52cd53ef\" data-element_type=\"column\" data-e-type=\"column\" data-settings=\"{&quot;background_background&quot;:&quot;classic&quot;}\">\n\t\t\t<div class=\"elementor-widget-wrap elementor-element-populated\">\n\t\t\t\t\t\t<div class=\"elementor-element elementor-element-2cd7c782 elementor-widget elementor-widget-heading\" data-id=\"2cd7c782\" data-element_type=\"widget\" data-e-type=\"widget\" data-widget_type=\"heading.default\">\n\t\t\t\t\t<h1 class=\"elementor-heading-title elementor-size-default\">Saarschleife<\/h1>\t\t\t\t<\/div>\n\t\t\t\t<div class=\"elementor-element elementor-element-170421c3 elementor-widget-divider--view-line elementor-widget elementor-widget-divider\" data-id=\"170421c3\" data-element_type=\"widget\" data-e-type=\"widget\" data-widget_type=\"divider.default\">\n\t\t\t\t\t\t\t<div class=\"elementor-divider\">\n\t\t\t<span class=\"elementor-divider-separator\">\n\t\t\t\t\t\t<\/span>\n\t\t<\/div>\n\t\t\t\t\t\t<\/div>\n\t\t\t\t<div class=\"elementor-element elementor-element-71fad69b elementor-widget elementor-widget-heading\" data-id=\"71fad69b\" data-element_type=\"widget\" data-e-type=\"widget\" data-widget_type=\"heading.default\">\n\t\t\t\t\t<h2 class=\"elementor-heading-title elementor-size-default\">Das bekannteste Wahrzeichen des Saarlands<\/h2>\t\t\t\t<\/div>\n\t\t\t\t<div class=\"elementor-element elementor-element-4a2ddc72 elementor-widget elementor-widget-text-editor\" data-id=\"4a2ddc72\" data-element_type=\"widget\" data-e-type=\"widget\" data-widget_type=\"text-editor.default\">\n\t\t\t\t\t\t\t\t\t<p>Vielen Saarland-Besuchern bleibt der Blick auf die Saarschleife f\u00fcr immer unvergesslich. Die meisten sagen hinterher, sie h\u00e4tten es bereut, sie nicht gesehen zu haben. Vom Aussichtspunkt \u201eCloef\u201c aus liegt das kleine Naturwunder dem Betrachter atemberaubend sch\u00f6n zu F\u00fc\u00dfen. Genauso sehenswert ist die Saarschleife auch vom Wasser oder Ufer aus.<\/p><p>Neben den verschiedenen Touren und Wanderwegen ist der Baumwipfelpfad an der Saarschleife ein Besuch wert. Circa 800 Meter schl\u00e4ngelt sich der Pfad durch Buchen, Eichen und Douglasien und erreicht dabei eine H\u00f6he von 23 Metern. Hier angekommen schraubt sich der Pfad \u00fcber die Baumkronen hinauf in die L\u00fcfte und m\u00fcndet im 42 Meter hohen Aussichtsturm, der einen atemberaubenden Blick ins Tal der Saarschleife frei gibt. Die Sicht \u00f6ffnet sich auch auf die gr\u00fcnen H\u00fcgel des Naturparks Saar-Hunsr\u00fcck und bei klarer Sicht sogar bis hin zu den Vogesen. Die maximale Steigung von 6% erm\u00f6glicht es auch Rollstuhlfahrern, Familien mit Kinderwagen und Menschen mit Gehbehinderung, die 20 H\u00f6henmeter leicht zu bew\u00e4ltigen.<\/p><p>Rund um die Saarschleife erstreckt sich eines der sch\u00f6nsten Premium-Wandergebiete des Saarlandes.<\/p><p>Weitere Infos:<br \/><a href=\"https:\/\/www.saarschleifenland.de\/\" target=\"_blank\" rel=\"noopener\">saarschleifenland.de<\/a><\/p>\t\t\t\t\t\t\t\t<\/div>\n\t\t\t\t\t<\/div>\n\t\t<\/div>\n\t\t\t\t\t<\/div>\n\t\t<\/section>\n\t\t\t\t<\/div>","protected":false},"excerpt":{"rendered":"<p>Saarschleife Das bekannteste Wahrzeichen des Saarlands Vielen Saarland-Besuchern bleibt der Blick auf die Saarschleife f\u00fcr immer unvergesslich. Die meisten sagen hinterher, sie h\u00e4tten es bereut, sie nicht gesehen zu haben. Vom Aussichtspunkt \u201eCloef\u201c aus liegt das kleine Naturwunder dem Betrachter atemberaubend sch\u00f6n zu F\u00fc\u00dfen. Genauso sehenswert ist die Saarschleife auch vom Wasser oder Ufer aus. [&hellip;]<\/p>\n","protected":false},"author":1,"featured_media":0,"parent":0,"menu_order":0,"comment_status":"closed","ping_status":"closed","template":"","meta":{"footnotes":""},"class_list":["post-909","page","type-page","status-publish","hentry"],"_links":{"self":[{"href":"https:\/\/peters-jaegersburg.de\/en\/wp-json\/wp\/v2\/pages\/909","targetHints":{"allow":["GET"]}}],"collection":[{"href":"https:\/\/peters-jaegersburg.de\/en\/wp-json\/wp\/v2\/pages"}],"about":[{"href":"https:\/\/peters-jaegersburg.de\/en\/wp-json\/wp\/v2\/types\/page"}],"author":[{"embeddable":true,"href":"https:\/\/peters-jaegersburg.de\/en\/wp-json\/wp\/v2\/users\/1"}],"replies":[{"embeddable":true,"href":"https:\/\/peters-jaegersburg.de\/en\/wp-json\/wp\/v2\/comments?post=909"}],"version-history":[{"count":8,"href":"https:\/\/peters-jaegersburg.de\/en\/wp-json\/wp\/v2\/pages\/909\/revisions"}],"predecessor-version":[{"id":4263,"href":"https:\/\/peters-jaegersburg.de\/en\/wp-json\/wp\/v2\/pages\/909\/revisions\/4263"}],"wp:attachment":[{"href":"https:\/\/peters-jaegersburg.de\/en\/wp-json\/wp\/v2\/media?parent=909"}],"curies":[{"name":"wp","href":"https:\/\/api.w.org\/{rel}","templated":true}]}}