{"id":904,"date":"2019-01-07T07:24:45","date_gmt":"2019-01-07T06:24:45","guid":{"rendered":"http:\/\/2019.peters-jaegersburg.de\/?page_id=904"},"modified":"2020-01-23T04:54:19","modified_gmt":"2020-01-23T03:54:19","slug":"roemermuseum-schwarzenacker","status":"publish","type":"page","link":"https:\/\/peters-jaegersburg.de\/en\/roemermuseum-schwarzenacker\/","title":{"rendered":"R\u00f6mermuseum Schwarzenacker"},"content":{"rendered":"<div data-elementor-type=\"wp-post\" data-elementor-id=\"904\" class=\"elementor elementor-904\" data-elementor-post-type=\"page\">\n\t\t\t\t\t\t<section class=\"elementor-section elementor-top-section elementor-element elementor-element-53bd9899 elementor-section-height-min-height elementor-section-boxed elementor-section-height-default elementor-section-items-middle\" data-id=\"53bd9899\" data-element_type=\"section\" data-e-type=\"section\" data-settings=\"{&quot;background_background&quot;:&quot;classic&quot;}\">\n\t\t\t\t\t\t<div class=\"elementor-container elementor-column-gap-default\">\n\t\t\t\t\t<div class=\"elementor-column elementor-col-50 elementor-top-column elementor-element elementor-element-463d7a5\" data-id=\"463d7a5\" data-element_type=\"column\" data-e-type=\"column\" data-settings=\"{&quot;background_background&quot;:&quot;classic&quot;}\">\n\t\t\t<div class=\"elementor-widget-wrap elementor-element-populated\">\n\t\t\t\t\t\t\t<\/div>\n\t\t<\/div>\n\t\t\t\t<div class=\"elementor-column elementor-col-50 elementor-top-column elementor-element elementor-element-52cd53ef\" data-id=\"52cd53ef\" data-element_type=\"column\" data-e-type=\"column\" data-settings=\"{&quot;background_background&quot;:&quot;classic&quot;}\">\n\t\t\t<div class=\"elementor-widget-wrap elementor-element-populated\">\n\t\t\t\t\t\t<div class=\"elementor-element elementor-element-2cd7c782 elementor-widget elementor-widget-heading\" data-id=\"2cd7c782\" data-element_type=\"widget\" data-e-type=\"widget\" data-widget_type=\"heading.default\">\n\t\t\t\t\t<h1 class=\"elementor-heading-title elementor-size-default\">R\u00f6mermuseum Schwarzenacker<\/h1>\t\t\t\t<\/div>\n\t\t\t\t<div class=\"elementor-element elementor-element-170421c3 elementor-widget-divider--view-line elementor-widget elementor-widget-divider\" data-id=\"170421c3\" data-element_type=\"widget\" data-e-type=\"widget\" data-widget_type=\"divider.default\">\n\t\t\t\t\t\t\t<div class=\"elementor-divider\">\n\t\t\t<span class=\"elementor-divider-separator\">\n\t\t\t\t\t\t<\/span>\n\t\t<\/div>\n\t\t\t\t\t\t<\/div>\n\t\t\t\t<div class=\"elementor-element elementor-element-71fad69b elementor-widget elementor-widget-heading\" data-id=\"71fad69b\" data-element_type=\"widget\" data-e-type=\"widget\" data-widget_type=\"heading.default\">\n\t\t\t\t\t<h2 class=\"elementor-heading-title elementor-size-default\">Ein arch\u00e4ologisches Freilichtmuseum <\/h2>\t\t\t\t<\/div>\n\t\t\t\t<div class=\"elementor-element elementor-element-4a2ddc72 elementor-widget elementor-widget-text-editor\" data-id=\"4a2ddc72\" data-element_type=\"widget\" data-e-type=\"widget\" data-widget_type=\"text-editor.default\">\n\t\t\t\t\t\t\t\t\t<p>Die vor \u00fcber 2.000 Jahren gegr\u00fcndete Siedlung war lange Zeit ein wichtiges\u00a0Handels- und Verwaltungszentrum, bis ein \u00dcberfall der Alemannen die Stadt in Schutt und Asche legte. Heute vermitteln die freigelegten und zum Teil restaurierten Geb\u00e4ude und Stra\u00dfenz\u00fcge einen lebendigen Einblick in den\u00a0Alltag einer gallo-r\u00f6mischen Stadt. Schlendern Sie durch den Park rund um den Tempel des Gottes Merkur und besichtigen Sie das Haus des Augenarztes.\u00a0Geschichte zum Anfassen\u00a0&#8211; ein besonderes Erlebnis f\u00fcr Gro\u00df und Klein.<\/p><p>Im\u00a0barocken Edelhaus\u00a0befinden sich weitere Ausstellungsst\u00fccke aus der R\u00f6merzeit und im Erdgeschoss drei\u00dfig sp\u00e4tbarocke Gem\u00e4lde als Dauerleihgabe der Bayerischen Staatsgem\u00e4ldesammlung. Die Landschafts- und Tierbilder, die zu sehen sind, waren Auftragswerke f\u00fcr den Zweibr\u00fccker und Karlsberger Herzogshof unter Christian IV und Karl II. August.<\/p><p>Als PETERS-Hotel-Gast ist der Eintritt mit unserer G\u00e4stekarte Saarlandcard kostenfrei. Unser Empfang ber\u00e4t Sie hier gern.<\/p><p>More information under:<br \/><a href=\"http:\/\/www.roemermuseum-schwarzenacker.de\/\" target=\"_blank\" rel=\"noopener\">roemermuseum-schwarzenacker.de<\/a><\/p>\t\t\t\t\t\t\t\t<\/div>\n\t\t\t\t\t<\/div>\n\t\t<\/div>\n\t\t\t\t\t<\/div>\n\t\t<\/section>\n\t\t\t\t<\/div>","protected":false},"excerpt":{"rendered":"<p>R\u00f6mermuseum Schwarzenacker Ein arch\u00e4ologisches Freilichtmuseum Die vor \u00fcber 2.000 Jahren gegr\u00fcndete Siedlung war lange Zeit ein wichtiges\u00a0Handels- und Verwaltungszentrum, bis ein \u00dcberfall der Alemannen die Stadt in Schutt und Asche legte. Heute vermitteln die freigelegten und zum Teil restaurierten Geb\u00e4ude und Stra\u00dfenz\u00fcge einen lebendigen Einblick in den\u00a0Alltag einer gallo-r\u00f6mischen Stadt. Schlendern Sie durch den Park [&hellip;]<\/p>\n","protected":false},"author":1,"featured_media":0,"parent":0,"menu_order":0,"comment_status":"closed","ping_status":"closed","template":"","meta":{"footnotes":""},"class_list":["post-904","page","type-page","status-publish","hentry"],"_links":{"self":[{"href":"https:\/\/peters-jaegersburg.de\/en\/wp-json\/wp\/v2\/pages\/904","targetHints":{"allow":["GET"]}}],"collection":[{"href":"https:\/\/peters-jaegersburg.de\/en\/wp-json\/wp\/v2\/pages"}],"about":[{"href":"https:\/\/peters-jaegersburg.de\/en\/wp-json\/wp\/v2\/types\/page"}],"author":[{"embeddable":true,"href":"https:\/\/peters-jaegersburg.de\/en\/wp-json\/wp\/v2\/users\/1"}],"replies":[{"embeddable":true,"href":"https:\/\/peters-jaegersburg.de\/en\/wp-json\/wp\/v2\/comments?post=904"}],"version-history":[{"count":8,"href":"https:\/\/peters-jaegersburg.de\/en\/wp-json\/wp\/v2\/pages\/904\/revisions"}],"predecessor-version":[{"id":4262,"href":"https:\/\/peters-jaegersburg.de\/en\/wp-json\/wp\/v2\/pages\/904\/revisions\/4262"}],"wp:attachment":[{"href":"https:\/\/peters-jaegersburg.de\/en\/wp-json\/wp\/v2\/media?parent=904"}],"curies":[{"name":"wp","href":"https:\/\/api.w.org\/{rel}","templated":true}]}}