{"id":899,"date":"2019-01-07T07:12:01","date_gmt":"2019-01-07T06:12:01","guid":{"rendered":"http:\/\/2019.peters-jaegersburg.de\/?page_id=899"},"modified":"2020-01-23T05:02:52","modified_gmt":"2020-01-23T04:02:52","slug":"golfclub-homburg-saar-websweiler-hof","status":"publish","type":"page","link":"https:\/\/peters-jaegersburg.de\/en\/golfclub-homburg-saar-websweiler-hof\/","title":{"rendered":"Golfclub Homburg\/Saar Websweiler Hof e.V."},"content":{"rendered":"<div data-elementor-type=\"wp-post\" data-elementor-id=\"899\" class=\"elementor elementor-899\" data-elementor-post-type=\"page\">\n\t\t\t\t\t\t<section class=\"elementor-section elementor-top-section elementor-element elementor-element-53bd9899 elementor-section-height-min-height elementor-section-boxed elementor-section-height-default elementor-section-items-middle\" data-id=\"53bd9899\" data-element_type=\"section\" data-e-type=\"section\" data-settings=\"{&quot;background_background&quot;:&quot;classic&quot;}\">\n\t\t\t\t\t\t<div class=\"elementor-container elementor-column-gap-default\">\n\t\t\t\t\t<div class=\"elementor-column elementor-col-50 elementor-top-column elementor-element elementor-element-463d7a5\" data-id=\"463d7a5\" data-element_type=\"column\" data-e-type=\"column\" data-settings=\"{&quot;background_background&quot;:&quot;classic&quot;}\">\n\t\t\t<div class=\"elementor-widget-wrap elementor-element-populated\">\n\t\t\t\t\t\t\t<\/div>\n\t\t<\/div>\n\t\t\t\t<div class=\"elementor-column elementor-col-50 elementor-top-column elementor-element elementor-element-52cd53ef\" data-id=\"52cd53ef\" data-element_type=\"column\" data-e-type=\"column\" data-settings=\"{&quot;background_background&quot;:&quot;classic&quot;}\">\n\t\t\t<div class=\"elementor-widget-wrap elementor-element-populated\">\n\t\t\t\t\t\t<div class=\"elementor-element elementor-element-2cd7c782 elementor-widget elementor-widget-heading\" data-id=\"2cd7c782\" data-element_type=\"widget\" data-e-type=\"widget\" data-widget_type=\"heading.default\">\n\t\t\t\t\t<h1 class=\"elementor-heading-title elementor-size-default\">Golfclub Homburg\/Saar Websweiler Hof e.V.<\/h1>\t\t\t\t<\/div>\n\t\t\t\t<div class=\"elementor-element elementor-element-170421c3 elementor-widget-divider--view-line elementor-widget elementor-widget-divider\" data-id=\"170421c3\" data-element_type=\"widget\" data-e-type=\"widget\" data-widget_type=\"divider.default\">\n\t\t\t\t\t\t\t<div class=\"elementor-divider\">\n\t\t\t<span class=\"elementor-divider-separator\">\n\t\t\t\t\t\t<\/span>\n\t\t<\/div>\n\t\t\t\t\t\t<\/div>\n\t\t\t\t<div class=\"elementor-element elementor-element-71fad69b elementor-widget elementor-widget-heading\" data-id=\"71fad69b\" data-element_type=\"widget\" data-e-type=\"widget\" data-widget_type=\"heading.default\">\n\t\t\t\t\t<h2 class=\"elementor-heading-title elementor-size-default\">Ein Freizeiterlebnis der besonderen Art<\/h2>\t\t\t\t<\/div>\n\t\t\t\t<div class=\"elementor-element elementor-element-4a2ddc72 elementor-widget elementor-widget-text-editor\" data-id=\"4a2ddc72\" data-element_type=\"widget\" data-e-type=\"widget\" data-widget_type=\"text-editor.default\">\n\t\t\t\t\t\t\t\t\t<p>Golfeinsteiger und passionierte Golferinnen und Golfer finden auf dem Websweiler Hof ihre sportliche und gesellschaftliche Wohlf\u00fchlatmosph\u00e4re. Mit \u00f6ffentlicher Gastronomie und Biergarten ist diese mit \u00f6ffentlichen Verkehrsmittel erreichbare Freizeitanlage ein attraktives Ziel f\u00fcr Ihren Aufenthalt.<\/p><p style=\"padding-left: 30px;\">Golf-Club Homburg\/Saar Websweiler Hof e.V.<br \/>R\u00f6merstra\u00dfe 94<br \/>66424 Homburg<br \/>06841 777760<\/p><p><strong>Preise<\/strong><\/p><ul><li>Pay &amp; Play 6-Loch-Platz: Erwachsener 12,50 \u20ac, Jugendlicher\/Student 6,00 \u20ac. In den Preisen ist die Nutzung s\u00e4mtlicher \u00dcbungseinrichtungen wie Driving Range, Putting Gr\u00fcn, Chip &amp; Putt Area etc. enthalten.<\/li><li>Leihbag: 10,00 \u20ac\u00a0<\/li><li>Ballkarte f\u00fcr die Driving Range: 15,00 \u20ac<\/li><li>Fu\u00dfballgolf: Erwachsener 12,50 \u20ac, Jugendlicher 6,00 \u20ac, Familie 29,00 \u20ac, Gruppe 99,00 \u20ac<\/li><li>Nutzung des 18-Loch-Platz nur mit DGV-Ausweis. Preise auf Anfrage beim Golfclub.<\/li><\/ul><p>Preis\u00e4nderungen und Irrt\u00fcmer vorbehalten<\/p><p>More information under:<br \/><a href=\"https:\/\/www.golfsaar.de\/\" target=\"_blank\" rel=\"noopener\">golfsaar.de<\/a><\/p>\t\t\t\t\t\t\t\t<\/div>\n\t\t\t\t\t<\/div>\n\t\t<\/div>\n\t\t\t\t\t<\/div>\n\t\t<\/section>\n\t\t\t\t<\/div>","protected":false},"excerpt":{"rendered":"<p>Golfclub Homburg\/Saar Websweiler Hof e.V. Ein Freizeiterlebnis der besonderen Art Golfeinsteiger und passionierte Golferinnen und Golfer finden auf dem Websweiler Hof ihre sportliche und gesellschaftliche Wohlf\u00fchlatmosph\u00e4re. Mit \u00f6ffentlicher Gastronomie und Biergarten ist diese mit \u00f6ffentlichen Verkehrsmittel erreichbare Freizeitanlage ein attraktives Ziel f\u00fcr Ihren Aufenthalt. Golf-Club Homburg\/Saar Websweiler Hof e.V.R\u00f6merstra\u00dfe 9466424 Homburg06841 777760 Preise Pay &amp; [&hellip;]<\/p>\n","protected":false},"author":1,"featured_media":0,"parent":0,"menu_order":0,"comment_status":"closed","ping_status":"closed","template":"","meta":{"footnotes":""},"class_list":["post-899","page","type-page","status-publish","hentry"],"_links":{"self":[{"href":"https:\/\/peters-jaegersburg.de\/en\/wp-json\/wp\/v2\/pages\/899","targetHints":{"allow":["GET"]}}],"collection":[{"href":"https:\/\/peters-jaegersburg.de\/en\/wp-json\/wp\/v2\/pages"}],"about":[{"href":"https:\/\/peters-jaegersburg.de\/en\/wp-json\/wp\/v2\/types\/page"}],"author":[{"embeddable":true,"href":"https:\/\/peters-jaegersburg.de\/en\/wp-json\/wp\/v2\/users\/1"}],"replies":[{"embeddable":true,"href":"https:\/\/peters-jaegersburg.de\/en\/wp-json\/wp\/v2\/comments?post=899"}],"version-history":[{"count":15,"href":"https:\/\/peters-jaegersburg.de\/en\/wp-json\/wp\/v2\/pages\/899\/revisions"}],"predecessor-version":[{"id":4270,"href":"https:\/\/peters-jaegersburg.de\/en\/wp-json\/wp\/v2\/pages\/899\/revisions\/4270"}],"wp:attachment":[{"href":"https:\/\/peters-jaegersburg.de\/en\/wp-json\/wp\/v2\/media?parent=899"}],"curies":[{"name":"wp","href":"https:\/\/api.w.org\/{rel}","templated":true}]}}