{"id":894,"date":"2019-01-07T07:06:45","date_gmt":"2019-01-07T06:06:45","guid":{"rendered":"http:\/\/2019.peters-jaegersburg.de\/?page_id=894"},"modified":"2023-05-30T11:38:23","modified_gmt":"2023-05-30T09:38:23","slug":"fun-forest-homburg-jaegersburg","status":"publish","type":"page","link":"https:\/\/peters-jaegersburg.de\/en\/fun-forest-homburg-jaegersburg\/","title":{"rendered":"Fun Forest &#8211; Homburg J\u00e4gersburg"},"content":{"rendered":"<div data-elementor-type=\"wp-post\" data-elementor-id=\"894\" class=\"elementor elementor-894\" data-elementor-post-type=\"page\">\n\t\t\t\t\t\t<section class=\"elementor-section elementor-top-section elementor-element elementor-element-53bd9899 elementor-section-height-min-height elementor-section-boxed elementor-section-height-default elementor-section-items-middle\" data-id=\"53bd9899\" data-element_type=\"section\" data-e-type=\"section\" data-settings=\"{&quot;background_background&quot;:&quot;classic&quot;}\">\n\t\t\t\t\t\t<div class=\"elementor-container elementor-column-gap-default\">\n\t\t\t\t\t<div class=\"elementor-column elementor-col-50 elementor-top-column elementor-element elementor-element-463d7a5\" data-id=\"463d7a5\" data-element_type=\"column\" data-e-type=\"column\" data-settings=\"{&quot;background_background&quot;:&quot;classic&quot;}\">\n\t\t\t<div class=\"elementor-widget-wrap elementor-element-populated\">\n\t\t\t\t\t\t<div class=\"elementor-element elementor-element-987fbdb elementor-widget elementor-widget-image\" data-id=\"987fbdb\" data-element_type=\"widget\" data-e-type=\"widget\" data-widget_type=\"image.default\">\n\t\t\t\t\t\t\t\t\t\t\t\t\t\t\t<img fetchpriority=\"high\" decoding=\"async\" width=\"800\" height=\"800\" src=\"https:\/\/peters-jaegersburg.de\/wp-content\/uploads\/2019\/03\/peters-wellness-hotel-klettern-im-fun-forest-1024x1024.jpg\" class=\"attachment-large size-large wp-image-1863\" alt=\"Klettern im Fun Forest - Peters Wellness &amp; Spa Hotel Saarland\" srcset=\"https:\/\/peters-jaegersburg.de\/wp-content\/uploads\/2019\/03\/peters-wellness-hotel-klettern-im-fun-forest-1024x1024.jpg 1024w, https:\/\/peters-jaegersburg.de\/wp-content\/uploads\/2019\/03\/peters-wellness-hotel-klettern-im-fun-forest-300x300.jpg 300w, https:\/\/peters-jaegersburg.de\/wp-content\/uploads\/2019\/03\/peters-wellness-hotel-klettern-im-fun-forest-150x150.jpg 150w, https:\/\/peters-jaegersburg.de\/wp-content\/uploads\/2019\/03\/peters-wellness-hotel-klettern-im-fun-forest-1536x1536.jpg 1536w, https:\/\/peters-jaegersburg.de\/wp-content\/uploads\/2019\/03\/peters-wellness-hotel-klettern-im-fun-forest-2048x2048.jpg 2048w, https:\/\/peters-jaegersburg.de\/wp-content\/uploads\/2019\/03\/peters-wellness-hotel-klettern-im-fun-forest-20x20.jpg 20w\" sizes=\"(max-width: 800px) 100vw, 800px\" title=\"\">\t\t\t\t\t\t\t\t\t\t\t\t\t\t\t<\/div>\n\t\t\t\t\t<\/div>\n\t\t<\/div>\n\t\t\t\t<div class=\"elementor-column elementor-col-50 elementor-top-column elementor-element elementor-element-52cd53ef\" data-id=\"52cd53ef\" data-element_type=\"column\" data-e-type=\"column\" data-settings=\"{&quot;background_background&quot;:&quot;classic&quot;}\">\n\t\t\t<div class=\"elementor-widget-wrap elementor-element-populated\">\n\t\t\t\t\t\t<div class=\"elementor-element elementor-element-2cd7c782 elementor-widget elementor-widget-heading\" data-id=\"2cd7c782\" data-element_type=\"widget\" data-e-type=\"widget\" data-widget_type=\"heading.default\">\n\t\t\t\t\t<h1 class=\"elementor-heading-title elementor-size-default\">Fun Forest<\/h1>\t\t\t\t<\/div>\n\t\t\t\t<div class=\"elementor-element elementor-element-170421c3 elementor-widget-divider--view-line elementor-widget elementor-widget-divider\" data-id=\"170421c3\" data-element_type=\"widget\" data-e-type=\"widget\" data-widget_type=\"divider.default\">\n\t\t\t\t\t\t\t<div class=\"elementor-divider\">\n\t\t\t<span class=\"elementor-divider-separator\">\n\t\t\t\t\t\t<\/span>\n\t\t<\/div>\n\t\t\t\t\t\t<\/div>\n\t\t\t\t<div class=\"elementor-element elementor-element-71fad69b elementor-widget elementor-widget-heading\" data-id=\"71fad69b\" data-element_type=\"widget\" data-e-type=\"widget\" data-widget_type=\"heading.default\">\n\t\t\t\t\t<h2 class=\"elementor-heading-title elementor-size-default\">Das abenteuerlichste Ausflugsziel im Saarland<\/h2>\t\t\t\t<\/div>\n\t\t\t\t<div class=\"elementor-element elementor-element-4a2ddc72 elementor-widget elementor-widget-text-editor\" data-id=\"4a2ddc72\" data-element_type=\"widget\" data-e-type=\"widget\" data-widget_type=\"text-editor.default\">\n\t\t\t\t\t\t\t\t\t<p>Seit der Er\u00f6ffnung im Jahr 2009 entstehen f\u00fcr unsere G\u00e4ste hier im idyllischen Naherholungsgebiet immer wieder neue Herausforderungen in unseren 14 spannenden Hochseilparcours.<\/p><p>Auf einer Waldfl\u00e4che von 2 Hektar ist somit \u00fcber die Jahre mit viel Liebe zum Detail ein Kletterpark der besonderen Art entstanden. Verschieden schwer gestaffelte Parcours und ein eigener Kletterparcours f\u00fcr die Kids machen den Abenteuerpark zu einem idealen familienfreundlichen Ausflugsziel. Spannende Herausforderungen und eine spektakul\u00e4re Seerutsche lassen auch f\u00fcr die Profis keine W\u00fcnsche offen \u2013 und das alles mit maximaler Sicherheit dank unserem permanenten Sicherungssystem.<\/p><p>More information under:<br \/><a href=\"https:\/\/homburg.funforest.de\/\" target=\"_blank\" rel=\"noopener\">homburg.funforest.de<\/a><\/p>\t\t\t\t\t\t\t\t<\/div>\n\t\t\t\t\t<\/div>\n\t\t<\/div>\n\t\t\t\t\t<\/div>\n\t\t<\/section>\n\t\t\t\t<\/div>","protected":false},"excerpt":{"rendered":"<p>Fun Forest Das abenteuerlichste Ausflugsziel im Saarland Seit der Er\u00f6ffnung im Jahr 2009 entstehen f\u00fcr unsere G\u00e4ste hier im idyllischen Naherholungsgebiet immer wieder neue Herausforderungen in unseren 14 spannenden Hochseilparcours. Auf einer Waldfl\u00e4che von 2 Hektar ist somit \u00fcber die Jahre mit viel Liebe zum Detail ein Kletterpark der besonderen Art entstanden. Verschieden schwer gestaffelte [&hellip;]<\/p>\n","protected":false},"author":1,"featured_media":0,"parent":0,"menu_order":0,"comment_status":"closed","ping_status":"closed","template":"","meta":{"footnotes":""},"class_list":["post-894","page","type-page","status-publish","hentry"],"_links":{"self":[{"href":"https:\/\/peters-jaegersburg.de\/en\/wp-json\/wp\/v2\/pages\/894","targetHints":{"allow":["GET"]}}],"collection":[{"href":"https:\/\/peters-jaegersburg.de\/en\/wp-json\/wp\/v2\/pages"}],"about":[{"href":"https:\/\/peters-jaegersburg.de\/en\/wp-json\/wp\/v2\/types\/page"}],"author":[{"embeddable":true,"href":"https:\/\/peters-jaegersburg.de\/en\/wp-json\/wp\/v2\/users\/1"}],"replies":[{"embeddable":true,"href":"https:\/\/peters-jaegersburg.de\/en\/wp-json\/wp\/v2\/comments?post=894"}],"version-history":[{"count":27,"href":"https:\/\/peters-jaegersburg.de\/en\/wp-json\/wp\/v2\/pages\/894\/revisions"}],"predecessor-version":[{"id":7772,"href":"https:\/\/peters-jaegersburg.de\/en\/wp-json\/wp\/v2\/pages\/894\/revisions\/7772"}],"wp:attachment":[{"href":"https:\/\/peters-jaegersburg.de\/en\/wp-json\/wp\/v2\/media?parent=894"}],"curies":[{"name":"wp","href":"https:\/\/api.w.org\/{rel}","templated":true}]}}