{"id":890,"date":"2019-01-06T22:42:25","date_gmt":"2019-01-06T21:42:25","guid":{"rendered":"http:\/\/2019.peters-jaegersburg.de\/?page_id=890"},"modified":"2020-01-23T04:52:18","modified_gmt":"2020-01-23T03:52:18","slug":"zweibruecken-fashion-outlet","status":"publish","type":"page","link":"https:\/\/peters-jaegersburg.de\/en\/zweibruecken-fashion-outlet\/","title":{"rendered":"Zweibr\u00fccken Fashion Outlet"},"content":{"rendered":"<div data-elementor-type=\"wp-post\" data-elementor-id=\"890\" class=\"elementor elementor-890\" data-elementor-post-type=\"page\">\n\t\t\t\t\t\t<section class=\"elementor-section elementor-top-section elementor-element elementor-element-53bd9899 elementor-section-height-min-height elementor-section-boxed elementor-section-height-default elementor-section-items-middle\" data-id=\"53bd9899\" data-element_type=\"section\" data-e-type=\"section\" data-settings=\"{&quot;background_background&quot;:&quot;classic&quot;}\">\n\t\t\t\t\t\t<div class=\"elementor-container elementor-column-gap-default\">\n\t\t\t\t\t<div class=\"elementor-column elementor-col-50 elementor-top-column elementor-element elementor-element-463d7a5\" data-id=\"463d7a5\" data-element_type=\"column\" data-e-type=\"column\" data-settings=\"{&quot;background_background&quot;:&quot;classic&quot;}\">\n\t\t\t<div class=\"elementor-widget-wrap elementor-element-populated\">\n\t\t\t\t\t\t\t<\/div>\n\t\t<\/div>\n\t\t\t\t<div class=\"elementor-column elementor-col-50 elementor-top-column elementor-element elementor-element-52cd53ef\" data-id=\"52cd53ef\" data-element_type=\"column\" data-e-type=\"column\" data-settings=\"{&quot;background_background&quot;:&quot;classic&quot;}\">\n\t\t\t<div class=\"elementor-widget-wrap elementor-element-populated\">\n\t\t\t\t\t\t<div class=\"elementor-element elementor-element-2cd7c782 elementor-widget elementor-widget-heading\" data-id=\"2cd7c782\" data-element_type=\"widget\" data-e-type=\"widget\" data-widget_type=\"heading.default\">\n\t\t\t\t\t<h1 class=\"elementor-heading-title elementor-size-default\">Zweibr\u00fccken Fashion Outlet<\/h1>\t\t\t\t<\/div>\n\t\t\t\t<div class=\"elementor-element elementor-element-170421c3 elementor-widget-divider--view-line elementor-widget elementor-widget-divider\" data-id=\"170421c3\" data-element_type=\"widget\" data-e-type=\"widget\" data-widget_type=\"divider.default\">\n\t\t\t\t\t\t\t<div class=\"elementor-divider\">\n\t\t\t<span class=\"elementor-divider-separator\">\n\t\t\t\t\t\t<\/span>\n\t\t<\/div>\n\t\t\t\t\t\t<\/div>\n\t\t\t\t<div class=\"elementor-element elementor-element-71fad69b elementor-widget elementor-widget-heading\" data-id=\"71fad69b\" data-element_type=\"widget\" data-e-type=\"widget\" data-widget_type=\"heading.default\">\n\t\t\t\t\t<h2 class=\"elementor-heading-title elementor-size-default\">Deutschlands gr\u00f6\u00dftes Outlet-Center -\u00a0Ihre International Fashion Destination<\/h2>\t\t\t\t<\/div>\n\t\t\t\t<div class=\"elementor-element elementor-element-4a2ddc72 elementor-widget elementor-widget-text-editor\" data-id=\"4a2ddc72\" data-element_type=\"widget\" data-e-type=\"widget\" data-widget_type=\"text-editor.default\">\n\t\t\t\t\t\t\t\t\t<p>Ob sportliche Casual-Looks oder smarte Business-Mode \u2013 in mehr als 120 attraktiven Boutiquen finden Sie trendige Fashion- und Lifestyle-Produkte renommierter Labels. Lassen Sie sich von \u00fcber 130 Premium-Marken zu ganzj\u00e4hrig reduzierten* Preisen inspirieren.<\/p><p>Als PETERS-Hotel-Gast erhalten Sie an der Rezeption noch einen VIP Day Pass mit 10% Rabatt.\u00a0<\/p><p>More information under: <br \/><a href=\"https:\/\/zweibrueckenfashionoutlet.com\/\" target=\"_blank\" rel=\"noopener\">zweibrueckenfashionoutlet.com<\/a><\/p><p><i>*gegen\u00fcber ehemaliger unverbindlicher Preisempfehlung des Herstellers<\/i><\/p>\t\t\t\t\t\t\t\t<\/div>\n\t\t\t\t\t<\/div>\n\t\t<\/div>\n\t\t\t\t\t<\/div>\n\t\t<\/section>\n\t\t\t\t<\/div>","protected":false},"excerpt":{"rendered":"<p>Zweibr\u00fccken Fashion Outlet Deutschlands gr\u00f6\u00dftes Outlet-Center &#8211;\u00a0Ihre International Fashion Destination Ob sportliche Casual-Looks oder smarte Business-Mode \u2013 in mehr als 120 attraktiven Boutiquen finden Sie trendige Fashion- und Lifestyle-Produkte renommierter Labels. Lassen Sie sich von \u00fcber 130 Premium-Marken zu ganzj\u00e4hrig reduzierten* Preisen inspirieren. Als PETERS-Hotel-Gast erhalten Sie an der Rezeption noch einen VIP Day Pass [&hellip;]<\/p>\n","protected":false},"author":1,"featured_media":0,"parent":0,"menu_order":0,"comment_status":"closed","ping_status":"closed","template":"","meta":{"footnotes":""},"class_list":["post-890","page","type-page","status-publish","hentry"],"_links":{"self":[{"href":"https:\/\/peters-jaegersburg.de\/en\/wp-json\/wp\/v2\/pages\/890","targetHints":{"allow":["GET"]}}],"collection":[{"href":"https:\/\/peters-jaegersburg.de\/en\/wp-json\/wp\/v2\/pages"}],"about":[{"href":"https:\/\/peters-jaegersburg.de\/en\/wp-json\/wp\/v2\/types\/page"}],"author":[{"embeddable":true,"href":"https:\/\/peters-jaegersburg.de\/en\/wp-json\/wp\/v2\/users\/1"}],"replies":[{"embeddable":true,"href":"https:\/\/peters-jaegersburg.de\/en\/wp-json\/wp\/v2\/comments?post=890"}],"version-history":[{"count":8,"href":"https:\/\/peters-jaegersburg.de\/en\/wp-json\/wp\/v2\/pages\/890\/revisions"}],"predecessor-version":[{"id":4261,"href":"https:\/\/peters-jaegersburg.de\/en\/wp-json\/wp\/v2\/pages\/890\/revisions\/4261"}],"wp:attachment":[{"href":"https:\/\/peters-jaegersburg.de\/en\/wp-json\/wp\/v2\/media?parent=890"}],"curies":[{"name":"wp","href":"https:\/\/api.w.org\/{rel}","templated":true}]}}