{"id":881,"date":"2019-01-06T22:24:33","date_gmt":"2019-01-06T21:24:33","guid":{"rendered":"http:\/\/2019.peters-jaegersburg.de\/?page_id=881"},"modified":"2020-01-23T04:50:25","modified_gmt":"2020-01-23T03:50:25","slug":"bergbaumuseum-bexbach-saarland","status":"publish","type":"page","link":"https:\/\/peters-jaegersburg.de\/en\/bergbaumuseum-bexbach-saarland\/","title":{"rendered":"Bergbaumuseum Bexbach Saarland"},"content":{"rendered":"<div data-elementor-type=\"wp-post\" data-elementor-id=\"881\" class=\"elementor elementor-881\" data-elementor-post-type=\"page\">\n\t\t\t\t\t\t<section class=\"elementor-section elementor-top-section elementor-element elementor-element-53bd9899 elementor-section-height-min-height elementor-section-boxed elementor-section-height-default elementor-section-items-middle\" data-id=\"53bd9899\" data-element_type=\"section\" data-e-type=\"section\" data-settings=\"{&quot;background_background&quot;:&quot;classic&quot;}\">\n\t\t\t\t\t\t<div class=\"elementor-container elementor-column-gap-default\">\n\t\t\t\t\t<div class=\"elementor-column elementor-col-50 elementor-top-column elementor-element elementor-element-463d7a5\" data-id=\"463d7a5\" data-element_type=\"column\" data-e-type=\"column\" data-settings=\"{&quot;background_background&quot;:&quot;classic&quot;}\">\n\t\t\t<div class=\"elementor-widget-wrap elementor-element-populated\">\n\t\t\t\t\t\t\t<\/div>\n\t\t<\/div>\n\t\t\t\t<div class=\"elementor-column elementor-col-50 elementor-top-column elementor-element elementor-element-52cd53ef\" data-id=\"52cd53ef\" data-element_type=\"column\" data-e-type=\"column\" data-settings=\"{&quot;background_background&quot;:&quot;classic&quot;}\">\n\t\t\t<div class=\"elementor-widget-wrap elementor-element-populated\">\n\t\t\t\t\t\t<div class=\"elementor-element elementor-element-2cd7c782 elementor-widget elementor-widget-heading\" data-id=\"2cd7c782\" data-element_type=\"widget\" data-e-type=\"widget\" data-widget_type=\"heading.default\">\n\t\t\t\t\t<h1 class=\"elementor-heading-title elementor-size-default\">BergbauMuseum <\/h1>\t\t\t\t<\/div>\n\t\t\t\t<div class=\"elementor-element elementor-element-170421c3 elementor-widget-divider--view-line elementor-widget elementor-widget-divider\" data-id=\"170421c3\" data-element_type=\"widget\" data-e-type=\"widget\" data-widget_type=\"divider.default\">\n\t\t\t\t\t\t\t<div class=\"elementor-divider\">\n\t\t\t<span class=\"elementor-divider-separator\">\n\t\t\t\t\t\t<\/span>\n\t\t<\/div>\n\t\t\t\t\t\t<\/div>\n\t\t\t\t<div class=\"elementor-element elementor-element-71fad69b elementor-widget elementor-widget-heading\" data-id=\"71fad69b\" data-element_type=\"widget\" data-e-type=\"widget\" data-widget_type=\"heading.default\">\n\t\t\t\t\t<h2 class=\"elementor-heading-title elementor-size-default\">Saarl\u00e4ndisches Bergbaumuseum Mit untertageanlage<\/h2>\t\t\t\t<\/div>\n\t\t\t\t<div class=\"elementor-element elementor-element-4a2ddc72 elementor-widget elementor-widget-text-editor\" data-id=\"4a2ddc72\" data-element_type=\"widget\" data-e-type=\"widget\" data-widget_type=\"text-editor.default\">\n\t\t\t\t\t\t\t\t\t<p>Von der\u00a0Panoramaplattform\u00a0in 40 Meter H\u00f6he im Turm startet der Rundgang durch das Museum. Dort ist die komplette Thematik des saarl\u00e4ndischen Steinkohlenbergbaus dargestellt. Die dazugeh\u00f6rige\u00a0Untertageanlage\u00a0bietet den Besuchern die M\u00f6glichkeit, unterschiedliche Ausbauarten und Maschinen aus verschiedenen Epochen sowie das Arbeitsleben der Bergleute zu erleben.<\/p><p>Die umgebende\u00a0Parklandschaft\u00a0ist mit einem Spielplatz, zwei Weiheranlagen und der kostenlos zu besichtigenden Gulliver-Welt ausgestattet.<\/p><p>Als PETERS-Hotel-Gast ist der Eintritt mit unserer G\u00e4stekarte Saarlandcard kostenfrei. Unser Empfang ber\u00e4t Sie hier gern.<\/p><p>More information under:\u00a0<br \/><a href=\"http:\/\/www.saarl-bergbaumuseum-bexbach.de\/content\/pages\/173.htm\" target=\"_blank\" rel=\"noopener\">saarl-bergbaumuseum-bexbach.de<\/a><\/p>\t\t\t\t\t\t\t\t<\/div>\n\t\t\t\t\t<\/div>\n\t\t<\/div>\n\t\t\t\t\t<\/div>\n\t\t<\/section>\n\t\t\t\t<\/div>","protected":false},"excerpt":{"rendered":"<p>BergbauMuseum Saarl\u00e4ndisches Bergbaumuseum Mit untertageanlage Von der\u00a0Panoramaplattform\u00a0in 40 Meter H\u00f6he im Turm startet der Rundgang durch das Museum. Dort ist die komplette Thematik des saarl\u00e4ndischen Steinkohlenbergbaus dargestellt. Die dazugeh\u00f6rige\u00a0Untertageanlage\u00a0bietet den Besuchern die M\u00f6glichkeit, unterschiedliche Ausbauarten und Maschinen aus verschiedenen Epochen sowie das Arbeitsleben der Bergleute zu erleben. Die umgebende\u00a0Parklandschaft\u00a0ist mit einem Spielplatz, zwei Weiheranlagen und [&hellip;]<\/p>\n","protected":false},"author":1,"featured_media":0,"parent":0,"menu_order":0,"comment_status":"closed","ping_status":"closed","template":"","meta":{"footnotes":""},"class_list":["post-881","page","type-page","status-publish","hentry"],"_links":{"self":[{"href":"https:\/\/peters-jaegersburg.de\/en\/wp-json\/wp\/v2\/pages\/881","targetHints":{"allow":["GET"]}}],"collection":[{"href":"https:\/\/peters-jaegersburg.de\/en\/wp-json\/wp\/v2\/pages"}],"about":[{"href":"https:\/\/peters-jaegersburg.de\/en\/wp-json\/wp\/v2\/types\/page"}],"author":[{"embeddable":true,"href":"https:\/\/peters-jaegersburg.de\/en\/wp-json\/wp\/v2\/users\/1"}],"replies":[{"embeddable":true,"href":"https:\/\/peters-jaegersburg.de\/en\/wp-json\/wp\/v2\/comments?post=881"}],"version-history":[{"count":10,"href":"https:\/\/peters-jaegersburg.de\/en\/wp-json\/wp\/v2\/pages\/881\/revisions"}],"predecessor-version":[{"id":4260,"href":"https:\/\/peters-jaegersburg.de\/en\/wp-json\/wp\/v2\/pages\/881\/revisions\/4260"}],"wp:attachment":[{"href":"https:\/\/peters-jaegersburg.de\/en\/wp-json\/wp\/v2\/media?parent=881"}],"curies":[{"name":"wp","href":"https:\/\/api.w.org\/{rel}","templated":true}]}}