{"id":809,"date":"2019-01-03T17:01:43","date_gmt":"2019-01-03T16:01:43","guid":{"rendered":"http:\/\/2019.peters-jaegersburg.de\/?page_id=809"},"modified":"2026-01-20T17:40:40","modified_gmt":"2026-01-20T16:40:40","slug":"hotelbewertungen","status":"publish","type":"page","link":"https:\/\/peters-jaegersburg.de\/en\/hotelbewertungen\/","title":{"rendered":"Hotel review"},"content":{"rendered":"<div data-elementor-type=\"wp-post\" data-elementor-id=\"809\" class=\"elementor elementor-809\" data-elementor-post-type=\"page\">\n\t\t\t\t\t\t<section class=\"elementor-section elementor-top-section elementor-element elementor-element-16342b5 elementor-section-content-middle elementor-section-boxed elementor-section-height-default elementor-section-height-default\" data-id=\"16342b5\" data-element_type=\"section\" data-e-type=\"section\">\n\t\t\t\t\t\t<div class=\"elementor-container elementor-column-gap-no\">\n\t\t\t\t\t<div class=\"elementor-column elementor-col-100 elementor-top-column elementor-element elementor-element-b23badb\" data-id=\"b23badb\" data-element_type=\"column\" data-e-type=\"column\">\n\t\t\t<div class=\"elementor-widget-wrap elementor-element-populated\">\n\t\t\t\t\t\t<div class=\"elementor-element elementor-element-8825a74 elementor-widget elementor-widget-image\" data-id=\"8825a74\" data-element_type=\"widget\" data-e-type=\"widget\" data-widget_type=\"image.default\">\n\t\t\t\t\t\t\t\t\t\t\t\t\t\t\t<img fetchpriority=\"high\" decoding=\"async\" width=\"1140\" height=\"500\" src=\"https:\/\/peters-jaegersburg.de\/wp-content\/uploads\/2018\/12\/peters-hotel-wellness-spa-restaurant-shop.jpg\" class=\"attachment-full size-full wp-image-739\" alt=\"Onlineshop - Peters Wellness &amp; Spa\" srcset=\"https:\/\/peters-jaegersburg.de\/wp-content\/uploads\/2018\/12\/peters-hotel-wellness-spa-restaurant-shop.jpg 1140w, https:\/\/peters-jaegersburg.de\/wp-content\/uploads\/2018\/12\/peters-hotel-wellness-spa-restaurant-shop-768x336.jpg 768w\" sizes=\"(max-width: 1140px) 100vw, 1140px\" title=\"\">\t\t\t\t\t\t\t\t\t\t\t\t\t\t\t<\/div>\n\t\t\t\t\t<\/div>\n\t\t<\/div>\n\t\t\t\t\t<\/div>\n\t\t<\/section>\n\t\t\t\t<section class=\"elementor-section elementor-top-section elementor-element elementor-element-5553bb18 elementor-section-boxed elementor-section-height-default elementor-section-height-default\" data-id=\"5553bb18\" data-element_type=\"section\" data-e-type=\"section\" data-settings=\"{&quot;background_background&quot;:&quot;classic&quot;}\">\n\t\t\t\t\t\t<div class=\"elementor-container elementor-column-gap-default\">\n\t\t\t\t\t<div class=\"elementor-column elementor-col-50 elementor-top-column elementor-element elementor-element-57792684\" data-id=\"57792684\" data-element_type=\"column\" data-e-type=\"column\" data-settings=\"{&quot;background_background&quot;:&quot;classic&quot;}\">\n\t\t\t<div class=\"elementor-widget-wrap elementor-element-populated\">\n\t\t\t\t\t\t<section class=\"elementor-section elementor-inner-section elementor-element elementor-element-ad7dc11 elementor-section-full_width elementor-section-height-default elementor-section-height-default\" data-id=\"ad7dc11\" data-element_type=\"section\" data-e-type=\"section\">\n\t\t\t\t\t\t<div class=\"elementor-container elementor-column-gap-default\">\n\t\t\t\t\t<div class=\"elementor-column elementor-col-50 elementor-inner-column elementor-element elementor-element-93acd00\" data-id=\"93acd00\" data-element_type=\"column\" data-e-type=\"column\">\n\t\t\t<div class=\"elementor-widget-wrap elementor-element-populated\">\n\t\t\t\t\t\t<div class=\"elementor-element elementor-element-431d243 elementor-widget elementor-widget-image\" data-id=\"431d243\" data-element_type=\"widget\" data-e-type=\"widget\" data-widget_type=\"image.default\">\n\t\t\t\t\t\t\t\t\t\t\t\t\t\t\t<img decoding=\"async\" width=\"450\" height=\"450\" src=\"https:\/\/peters-jaegersburg.de\/wp-content\/uploads\/2019\/01\/winner.gif\" class=\"attachment-full size-full wp-image-1207\" alt=\"Ein dunkelblauer Hintergrund mit dem Booking.com-Logo und dem Text Guest Review Awards 2018. In der Mitte befindet sich ein gro\u00dfer goldener Kreis mit dem Wort &quot;Winner!&quot; in wei\u00dfen Buchstaben.\" title=\"\">\t\t\t\t\t\t\t\t\t\t\t\t\t\t\t<\/div>\n\t\t\t\t\t<\/div>\n\t\t<\/div>\n\t\t\t\t<div class=\"elementor-column elementor-col-50 elementor-inner-column elementor-element elementor-element-5b8b9dc\" data-id=\"5b8b9dc\" data-element_type=\"column\" data-e-type=\"column\">\n\t\t\t<div class=\"elementor-widget-wrap elementor-element-populated\">\n\t\t\t\t\t\t<div class=\"elementor-element elementor-element-0ad7c6e elementor-widget elementor-widget-image\" data-id=\"0ad7c6e\" data-element_type=\"widget\" data-e-type=\"widget\" data-widget_type=\"image.default\">\n\t\t\t\t\t\t\t\t\t\t\t\t\t\t\t\t<a href=\"https:\/\/www.holidaycheck.de\/hi\/19679c06-2c4e-4325-b33e-63a30d249f96?utm_campaign=award26&#038;utm_medium=link&#038;utm_source=b2b\" target=\"_blank\" rel=\"noopener\">\n\t\t\t\t\t\t\t<img decoding=\"async\" width=\"100\" height=\"100\" src=\"https:\/\/peters-jaegersburg.de\/wp-content\/uploads\/2026\/01\/Logo_Award_2026_RGB.svg\" class=\"attachment-full size-full wp-image-10563\" alt=\"Quadratische Grafik mit blauem und gelbem Hintergrund mit Farbverlauf. Oben steht in wei\u00dfer Schrift HolidayCheck, darunter 2026 AWARD in gro\u00dfen Zahlen und Buchstaben, getrennt durch eine d\u00fcnne gelbe Linie.\" title=\"\">\t\t\t\t\t\t\t\t<\/a>\n\t\t\t\t\t\t\t\t\t\t\t\t\t\t\t<\/div>\n\t\t\t\t\t<\/div>\n\t\t<\/div>\n\t\t\t\t\t<\/div>\n\t\t<\/section>\n\t\t\t\t\t<\/div>\n\t\t<\/div>\n\t\t\t\t<div class=\"elementor-column elementor-col-50 elementor-top-column elementor-element elementor-element-7723d3e5\" data-id=\"7723d3e5\" data-element_type=\"column\" data-e-type=\"column\" data-settings=\"{&quot;background_background&quot;:&quot;classic&quot;}\">\n\t\t\t<div class=\"elementor-widget-wrap elementor-element-populated\">\n\t\t\t\t\t\t<div class=\"elementor-element elementor-element-4bc87948 elementor-widget elementor-widget-heading\" data-id=\"4bc87948\" data-element_type=\"widget\" data-e-type=\"widget\" data-widget_type=\"heading.default\">\n\t\t\t\t\t<h1 class=\"elementor-heading-title elementor-size-default\">HOTEL REVIEW<\/h1>\t\t\t\t<\/div>\n\t\t\t\t<div class=\"elementor-element elementor-element-51172c49 elementor-widget-divider--view-line elementor-widget elementor-widget-divider\" data-id=\"51172c49\" data-element_type=\"widget\" data-e-type=\"widget\" data-widget_type=\"divider.default\">\n\t\t\t\t\t\t\t<div class=\"elementor-divider\">\n\t\t\t<span class=\"elementor-divider-separator\">\n\t\t\t\t\t\t<\/span>\n\t\t<\/div>\n\t\t\t\t\t\t<\/div>\n\t\t\t\t<div class=\"elementor-element elementor-element-487f19da elementor-widget elementor-widget-heading\" data-id=\"487f19da\" data-element_type=\"widget\" data-e-type=\"widget\" data-widget_type=\"heading.default\">\n\t\t\t\t\t<h2 class=\"elementor-heading-title elementor-size-default\">THANK YOU<\/h2>\t\t\t\t<\/div>\n\t\t\t\t<div class=\"elementor-element elementor-element-7ab9d19c elementor-widget elementor-widget-text-editor\" data-id=\"7ab9d19c\" data-element_type=\"widget\" data-e-type=\"widget\" data-widget_type=\"text-editor.default\">\n\t\t\t\t\t\t\t\t\t<p>Our Hotel &amp; Spa is one of the most popular hotels in the world - based on approx. 950,000 tourist reviews from the year 2018. Only the 10 best hotels from one region receive the HolidayCheck Award.<\/p><p>Many thanks to all guests for the great reviews, we will continue to do everything we can to ensure that you are satisfied!<\/p>\t\t\t\t\t\t\t\t<\/div>\n\t\t\t\t\t<\/div>\n\t\t<\/div>\n\t\t\t\t\t<\/div>\n\t\t<\/section>\n\t\t<div class=\"elementor-element elementor-element-3fda819 e-flex e-con-boxed e-con e-parent\" data-id=\"3fda819\" data-element_type=\"container\" data-e-type=\"container\">\n\t\t\t\t\t<div class=\"e-con-inner\">\n\t\t<div class=\"elementor-element elementor-element-1901197 e-con-full e-flex e-con e-child\" data-id=\"1901197\" data-element_type=\"container\" data-e-type=\"container\">\n\t\t\t\t<div class=\"elementor-element elementor-element-3d32b1b elementor-widget elementor-widget-html\" data-id=\"3d32b1b\" data-element_type=\"widget\" data-e-type=\"widget\" data-widget_type=\"html.default\">\n\t\t\t\t\t<div id=\"travelqualitycheck-widget-de-detail\">\n<script id=\"gp-qc-init-de-detail\" type=\"text\/ecmascript\"\nsrc=\"https:\/\/widget.travelqualitycheck.com\/widget\/de\/b5b72ee8-714f-11ed-9e68-0050563f5824\/detail\">\n<\/script>\n<\/div>\t\t\t\t<\/div>\n\t\t\t\t<\/div>\n\t\t\t\t\t<\/div>\n\t\t\t\t<\/div>\n\t\t<div class=\"elementor-element elementor-element-2b11050 e-flex e-con-boxed e-con e-parent\" data-id=\"2b11050\" data-element_type=\"container\" data-e-type=\"container\">\n\t\t\t\t\t<div class=\"e-con-inner\">\n\t\t\t\t\t<\/div>\n\t\t\t\t<\/div>\n\t\t<div class=\"elementor-element elementor-element-bee8bd6 e-flex e-con-boxed e-con e-parent\" data-id=\"bee8bd6\" data-element_type=\"container\" data-e-type=\"container\">\n\t\t\t\t\t<div class=\"e-con-inner\">\n\t\t\t\t<div class=\"elementor-element elementor-element-9e151f0 elementor-widget elementor-widget-html\" data-id=\"9e151f0\" data-element_type=\"widget\" data-e-type=\"widget\" data-widget_type=\"html.default\">\n\t\t\t\t\t<div id=\"kunleisys-reviews\"><\/div>\n\n<script type=\"text\/javascript\" src=\"https:\/\/customer.kunleisys.com\/widget.php?uid=F4B61EDA-C333-444E-3250-05DF0CD84D9B&type=reviews&target=kunleisys-reviews&language=de\"><\/script>\t\t\t\t<\/div>\n\t\t\t\t\t<\/div>\n\t\t\t\t<\/div>\n\t\t\t\t<\/div>","protected":false},"excerpt":{"rendered":"<p>Hotelbewertung VIELEN DANK DAF\u00dcR Unser Hotel &amp; Spa ist eines der beliebtesten Hotels weltweit &#8211; basierend auf ca. 950.000 Urlauberbewertungen. Nur die besten 10 Hotels einer Region bekommen den HolidayCheck Award. Vielen Dank an alle G\u00e4ste f\u00fcr die tollen Bewertungen, wir werden weiter alles geben, dass Sie zufrieden sind!<\/p>","protected":false},"author":1,"featured_media":0,"parent":0,"menu_order":0,"comment_status":"closed","ping_status":"closed","template":"","meta":{"footnotes":""},"class_list":["post-809","page","type-page","status-publish","hentry"],"_links":{"self":[{"href":"https:\/\/peters-jaegersburg.de\/en\/wp-json\/wp\/v2\/pages\/809","targetHints":{"allow":["GET"]}}],"collection":[{"href":"https:\/\/peters-jaegersburg.de\/en\/wp-json\/wp\/v2\/pages"}],"about":[{"href":"https:\/\/peters-jaegersburg.de\/en\/wp-json\/wp\/v2\/types\/page"}],"author":[{"embeddable":true,"href":"https:\/\/peters-jaegersburg.de\/en\/wp-json\/wp\/v2\/users\/1"}],"replies":[{"embeddable":true,"href":"https:\/\/peters-jaegersburg.de\/en\/wp-json\/wp\/v2\/comments?post=809"}],"version-history":[{"count":131,"href":"https:\/\/peters-jaegersburg.de\/en\/wp-json\/wp\/v2\/pages\/809\/revisions"}],"predecessor-version":[{"id":10569,"href":"https:\/\/peters-jaegersburg.de\/en\/wp-json\/wp\/v2\/pages\/809\/revisions\/10569"}],"wp:attachment":[{"href":"https:\/\/peters-jaegersburg.de\/en\/wp-json\/wp\/v2\/media?parent=809"}],"curies":[{"name":"wp","href":"https:\/\/api.w.org\/{rel}","templated":true}]}}