{"id":7267,"date":"2022-12-30T15:52:58","date_gmt":"2022-12-30T14:52:58","guid":{"rendered":"https:\/\/peters-jaegersburg.de\/?page_id=7267"},"modified":"2024-05-14T18:44:59","modified_gmt":"2024-05-14T16:44:59","slug":"anmeldung-registrierung-zu-peters-bonus-club","status":"publish","type":"page","link":"https:\/\/peters-jaegersburg.de\/en\/anmeldung-registrierung-zu-peters-bonus-club\/","title":{"rendered":"Anmeldung &#038; Registrierung zu PETERS Bonus-Club"},"content":{"rendered":"<div data-elementor-type=\"wp-post\" data-elementor-id=\"7267\" class=\"elementor elementor-7267\" data-elementor-post-type=\"page\">\n\t\t\t\t<div class=\"elementor-element elementor-element-66cf415 e-flex e-con-boxed e-con e-parent\" data-id=\"66cf415\" data-element_type=\"container\" data-e-type=\"container\">\n\t\t\t\t\t<div class=\"e-con-inner\">\n\t\t<div class=\"elementor-element elementor-element-27ebaa4 e-con-full e-flex e-con e-child\" data-id=\"27ebaa4\" data-element_type=\"container\" data-e-type=\"container\">\n\t\t\t\t<div class=\"elementor-element elementor-element-5b8f079 elementor-widget elementor-widget-image\" data-id=\"5b8f079\" data-element_type=\"widget\" data-e-type=\"widget\" data-widget_type=\"image.default\">\n\t\t\t\t\t\t\t\t\t\t\t\t\t\t\t<img fetchpriority=\"high\" decoding=\"async\" width=\"1920\" height=\"480\" src=\"https:\/\/peters-jaegersburg.de\/wp-content\/uploads\/2022\/12\/peters-bonus-club-fuer-stammgaeste.jpg\" class=\"attachment-full size-full wp-image-7306\" alt=\"PETERS Bonus Club f\u00fcr Stammg\u00e4ste\" srcset=\"https:\/\/peters-jaegersburg.de\/wp-content\/uploads\/2022\/12\/peters-bonus-club-fuer-stammgaeste.jpg 1920w, https:\/\/peters-jaegersburg.de\/wp-content\/uploads\/2022\/12\/peters-bonus-club-fuer-stammgaeste-768x192.jpg 768w\" sizes=\"(max-width: 1920px) 100vw, 1920px\" title=\"\">\t\t\t\t\t\t\t\t\t\t\t\t\t\t\t<\/div>\n\t\t\t\t<\/div>\n\t\t\t\t\t<\/div>\n\t\t\t\t<\/div>\n\t\t<div class=\"elementor-element elementor-element-cdf3f45 e-flex e-con-boxed e-con e-parent\" data-id=\"cdf3f45\" data-element_type=\"container\" data-e-type=\"container\">\n\t\t\t\t\t<div class=\"e-con-inner\">\n\t\t<div class=\"elementor-element elementor-element-fb9ed75 e-con-full e-flex e-con e-child\" data-id=\"fb9ed75\" data-element_type=\"container\" data-e-type=\"container\">\n\t\t\t\t<\/div>\n\t\t<div class=\"elementor-element elementor-element-61ad9b2 e-con-full e-flex e-con e-child\" data-id=\"61ad9b2\" data-element_type=\"container\" data-e-type=\"container\">\n\t\t\t\t<div class=\"elementor-element elementor-element-03ae900 elementor-widget elementor-widget-heading\" data-id=\"03ae900\" data-element_type=\"widget\" data-e-type=\"widget\" data-widget_type=\"heading.default\">\n\t\t\t\t\t<h2 class=\"elementor-heading-title elementor-size-default\">PETERS Bonus-Club<\/h2>\t\t\t\t<\/div>\n\t\t\t\t<div class=\"elementor-element elementor-element-889cbeb elementor-widget-divider--view-line elementor-widget elementor-widget-divider\" data-id=\"889cbeb\" data-element_type=\"widget\" data-e-type=\"widget\" data-widget_type=\"divider.default\">\n\t\t\t\t\t\t\t<div class=\"elementor-divider\">\n\t\t\t<span class=\"elementor-divider-separator\">\n\t\t\t\t\t\t<\/span>\n\t\t<\/div>\n\t\t\t\t\t\t<\/div>\n\t\t\t\t<div class=\"elementor-element elementor-element-8c91aa8 elementor-widget elementor-widget-text-editor\" data-id=\"8c91aa8\" data-element_type=\"widget\" data-e-type=\"widget\" data-widget_type=\"text-editor.default\">\n\t\t\t\t\t\t\t\t\t<p>Herzlich Willkommen im <strong>PETERS Bonus-Club<\/strong>.<\/p><p>We have set up this special bonus program exclusively for you. Enjoy our excellent service as a thank you for your loyalty.<\/p><p>Melden Sie sich hier an:<\/p>\t\t\t\t\t\t\t\t<\/div>\n\t\t\t\t<\/div>\n\t\t<div class=\"elementor-element elementor-element-a2abf75 e-con-full e-flex e-con e-child\" data-id=\"a2abf75\" data-element_type=\"container\" data-e-type=\"container\" data-settings=\"{&quot;background_background&quot;:&quot;classic&quot;}\">\n\t\t\t\t<div class=\"elementor-element elementor-element-6aae0bb elementor-hidden-tablet elementor-hidden-mobile elementor-widget elementor-widget-html\" data-id=\"6aae0bb\" data-element_type=\"widget\" data-e-type=\"widget\" data-widget_type=\"html.default\">\n\t\t\t\t\t<div class=\"badge d-flex align-items-center justify-content-center\"><p class=\"translation-block\"><br>Enjoy the<br>regular guest advantages<\/p><\/div>\t\t\t\t<\/div>\n\t\t\t\t<\/div>\n\t\t\t\t\t<\/div>\n\t\t\t\t<\/div>\n\t\t<div class=\"elementor-element elementor-element-eeb9edf e-flex e-con-boxed e-con e-parent\" data-id=\"eeb9edf\" data-element_type=\"container\" data-e-type=\"container\" data-no-translation=\"\">\n\t\t\t\t\t<div class=\"e-con-inner\">\n\t\t<div class=\"elementor-element elementor-element-c91a832 e-con-full e-flex e-con e-child\" data-id=\"c91a832\" data-element_type=\"container\" data-e-type=\"container\">\n\t\t\t\t<\/div>\n\t\t<div class=\"elementor-element elementor-element-d7ef7f0 e-con-full e-flex e-con e-child\" data-id=\"d7ef7f0\" data-element_type=\"container\" data-e-type=\"container\">\n\t\t\t\t<div class=\"elementor-element elementor-element-5d59f2d elementor-widget elementor-widget-html\" data-id=\"5d59f2d\" data-element_type=\"widget\" data-e-type=\"widget\" data-widget_type=\"html.default\">\n\t\t\t\t\t<div id=\"kunleisys-loginbox\"><\/div><script type=\"text\/javascript\" src=\"https:\/\/my.guestclub.net\/widget\/loginbox\/F4B61EDA-C333-444E-3250-05DF0CD84D9B\/language=en\"><\/script>\t\t\t\t<\/div>\n\t\t\t\t<\/div>\n\t\t<div class=\"elementor-element elementor-element-3c1c2c4 e-con-full e-flex e-con e-child\" data-id=\"3c1c2c4\" data-element_type=\"container\" data-e-type=\"container\">\n\t\t\t\t<\/div>\n\t\t\t\t\t<\/div>\n\t\t\t\t<\/div>\n\t\t\t\t<section class=\"elementor-section elementor-top-section elementor-element elementor-element-7759d7e elementor-section-boxed elementor-section-height-default elementor-section-height-default\" data-id=\"7759d7e\" data-element_type=\"section\" data-e-type=\"section\">\n\t\t\t\t\t\t<div class=\"elementor-container elementor-column-gap-default\">\n\t\t\t\t\t<div class=\"elementor-column elementor-col-100 elementor-top-column elementor-element elementor-element-f19af71\" data-id=\"f19af71\" data-element_type=\"column\" data-e-type=\"column\" data-settings=\"{&quot;background_background&quot;:&quot;classic&quot;}\">\n\t\t\t<div class=\"elementor-widget-wrap elementor-element-populated\">\n\t\t\t\t\t\t<div class=\"elementor-element elementor-element-9f4ad18 elementor-widget elementor-widget-spacer\" data-id=\"9f4ad18\" data-element_type=\"widget\" data-e-type=\"widget\" data-widget_type=\"spacer.default\">\n\t\t\t\t\t\t\t<div class=\"elementor-spacer\">\n\t\t\t<div class=\"elementor-spacer-inner\"><\/div>\n\t\t<\/div>\n\t\t\t\t\t\t<\/div>\n\t\t\t\t\t<\/div>\n\t\t<\/div>\n\t\t\t\t\t<\/div>\n\t\t<\/section>\n\t\t\t\t<\/div>","protected":false},"excerpt":{"rendered":"<p>PETERS Bonus-Club Herzlich Willkommen im PETERS Bonus-Club. Exklusiv f\u00fcr Sie haben wir dieses spezielle Bonusprogramm eingerichtet. Genie\u00dfen Sie unseren ausgezeichneten Service als Dankesch\u00f6n f\u00fcr Ihre Treue. Melden Sie sich hier an: Geniessen Siedie Stammgast Vorteile<\/p>","protected":false},"author":1,"featured_media":0,"parent":0,"menu_order":0,"comment_status":"closed","ping_status":"closed","template":"","meta":{"footnotes":""},"class_list":["post-7267","page","type-page","status-publish","hentry"],"_links":{"self":[{"href":"https:\/\/peters-jaegersburg.de\/en\/wp-json\/wp\/v2\/pages\/7267","targetHints":{"allow":["GET"]}}],"collection":[{"href":"https:\/\/peters-jaegersburg.de\/en\/wp-json\/wp\/v2\/pages"}],"about":[{"href":"https:\/\/peters-jaegersburg.de\/en\/wp-json\/wp\/v2\/types\/page"}],"author":[{"embeddable":true,"href":"https:\/\/peters-jaegersburg.de\/en\/wp-json\/wp\/v2\/users\/1"}],"replies":[{"embeddable":true,"href":"https:\/\/peters-jaegersburg.de\/en\/wp-json\/wp\/v2\/comments?post=7267"}],"version-history":[{"count":69,"href":"https:\/\/peters-jaegersburg.de\/en\/wp-json\/wp\/v2\/pages\/7267\/revisions"}],"predecessor-version":[{"id":9450,"href":"https:\/\/peters-jaegersburg.de\/en\/wp-json\/wp\/v2\/pages\/7267\/revisions\/9450"}],"wp:attachment":[{"href":"https:\/\/peters-jaegersburg.de\/en\/wp-json\/wp\/v2\/media?parent=7267"}],"curies":[{"name":"wp","href":"https:\/\/api.w.org\/{rel}","templated":true}]}}