{"id":612,"date":"2018-12-17T06:17:36","date_gmt":"2018-12-17T05:17:36","guid":{"rendered":"http:\/\/2019.peters-jaegersburg.de\/?page_id=612"},"modified":"2024-07-11T10:58:47","modified_gmt":"2024-07-11T08:58:47","slug":"impressum","status":"publish","type":"page","link":"https:\/\/peters-jaegersburg.de\/en\/impressum\/","title":{"rendered":"Imprint"},"content":{"rendered":"<div data-elementor-type=\"wp-post\" data-elementor-id=\"612\" class=\"elementor elementor-612\" data-elementor-post-type=\"page\">\n\t\t\t\t\t\t<section class=\"elementor-section elementor-top-section elementor-element elementor-element-75825b4f elementor-section-content-middle elementor-section-boxed elementor-section-height-default elementor-section-height-default\" data-id=\"75825b4f\" data-element_type=\"section\" data-e-type=\"section\">\n\t\t\t\t\t\t<div class=\"elementor-container elementor-column-gap-no\">\n\t\t\t\t\t<div class=\"elementor-column elementor-col-100 elementor-top-column elementor-element elementor-element-2c71ed8b\" data-id=\"2c71ed8b\" data-element_type=\"column\" data-e-type=\"column\">\n\t\t\t<div class=\"elementor-widget-wrap elementor-element-populated\">\n\t\t\t\t\t\t<div class=\"elementor-element elementor-element-5a0b4a67 elementor-widget elementor-widget-image\" data-id=\"5a0b4a67\" data-element_type=\"widget\" data-e-type=\"widget\" data-widget_type=\"image.default\">\n\t\t\t\t\t\t\t\t\t\t\t\t\t\t\t<img fetchpriority=\"high\" decoding=\"async\" width=\"1140\" height=\"500\" src=\"https:\/\/peters-jaegersburg.de\/wp-content\/uploads\/2018\/12\/wellness-spa-hotel-saarland-seeblick.jpg\" class=\"attachment-full size-full wp-image-159\" alt=\"Wellness Spa Hotel Saarland mit Seeblick\" srcset=\"https:\/\/peters-jaegersburg.de\/wp-content\/uploads\/2018\/12\/wellness-spa-hotel-saarland-seeblick.jpg 1140w, https:\/\/peters-jaegersburg.de\/wp-content\/uploads\/2018\/12\/wellness-spa-hotel-saarland-seeblick-768x336.jpg 768w\" sizes=\"(max-width: 1140px) 100vw, 1140px\" title=\"\">\t\t\t\t\t\t\t\t\t\t\t\t\t\t\t<\/div>\n\t\t\t\t<div class=\"elementor-element elementor-element-3ec1636 elementor-widget elementor-widget-heading\" data-id=\"3ec1636\" data-element_type=\"widget\" data-e-type=\"widget\" data-widget_type=\"heading.default\">\n\t\t\t\t\t<h1 class=\"elementor-heading-title elementor-size-default\">Imprint<\/h1>\t\t\t\t<\/div>\n\t\t\t\t<div class=\"elementor-element elementor-element-7ab80fd9 elementor-widget-divider--view-line elementor-widget elementor-widget-divider\" data-id=\"7ab80fd9\" data-element_type=\"widget\" data-e-type=\"widget\" data-widget_type=\"divider.default\">\n\t\t\t\t\t\t\t<div class=\"elementor-divider\">\n\t\t\t<span class=\"elementor-divider-separator\">\n\t\t\t\t\t\t<\/span>\n\t\t<\/div>\n\t\t\t\t\t\t<\/div>\n\t\t\t\t\t<\/div>\n\t\t<\/div>\n\t\t\t\t\t<\/div>\n\t\t<\/section>\n\t\t\t\t<section class=\"elementor-section elementor-top-section elementor-element elementor-element-67563b9f elementor-section-stretched elementor-section-full_width elementor-section-height-default elementor-section-height-default\" data-id=\"67563b9f\" data-element_type=\"section\" data-e-type=\"section\" data-settings=\"{&quot;stretch_section&quot;:&quot;section-stretched&quot;,&quot;background_background&quot;:&quot;classic&quot;}\">\n\t\t\t\t\t\t<div class=\"elementor-container elementor-column-gap-wide\">\n\t\t\t\t\t<div class=\"elementor-column elementor-col-100 elementor-top-column elementor-element elementor-element-128ec82b\" data-id=\"128ec82b\" data-element_type=\"column\" data-e-type=\"column\" data-settings=\"{&quot;background_background&quot;:&quot;gradient&quot;}\">\n\t\t\t<div class=\"elementor-widget-wrap elementor-element-populated\">\n\t\t\t\t\t\t<section class=\"elementor-section elementor-inner-section elementor-element elementor-element-43b56976 elementor-section-boxed elementor-section-height-default elementor-section-height-default\" data-id=\"43b56976\" data-element_type=\"section\" data-e-type=\"section\">\n\t\t\t\t\t\t<div class=\"elementor-container elementor-column-gap-default\">\n\t\t\t\t\t<div class=\"elementor-column elementor-col-50 elementor-inner-column elementor-element elementor-element-1ec489e2\" data-id=\"1ec489e2\" data-element_type=\"column\" data-e-type=\"column\">\n\t\t\t<div class=\"elementor-widget-wrap elementor-element-populated\">\n\t\t\t\t\t\t<div class=\"elementor-element elementor-element-57ae77ad elementor-widget elementor-widget-text-editor\" data-id=\"57ae77ad\" data-element_type=\"widget\" data-e-type=\"widget\" data-widget_type=\"text-editor.default\">\n\t\t\t\t\t\t\t\t\t<p><span style=\"color: #5a5a50;\">Peters J\u00e4gersburg,<br \/>Kleinottweilerstr. 112<br \/>66424 Homburg\u00a0<\/span><span style=\"color: #5a5a50;\">J\u00e4gersburg<\/span><\/p><p><span style=\"color: #5a5a50;\"><strong>Inhaltlich Verantwortlich:<br \/><\/strong>Gastro-Konzept Tr\u00f6sch GmbH<br \/>Kleinottweilerstr. 112<br \/>66424 Homburg\u00a0<\/span><span style=\"color: #5a5a50;\">J\u00e4gersburg<\/span><\/p><p><span style=\"color: #5a5a50;\"><strong>Pers\u00f6nlich haftender Gesellschafter:<br \/><\/strong>Peter Tr\u00f6sch<\/span><\/p><p><span style=\"color: #5a5a50;\">Tel 0 68 41 \/ 189 33-0<\/span><br \/><span style=\"color: #5a5a50;\">Fax 0 68 41 \/ 189 33-99<\/span><\/p><p><span style=\"color: #5a5a50;\">eMail: <a style=\"color: #5a5a50;\" href=\"mailto:info@gastro-troesch.de\">info@peters-jaegersburg.de<\/a><\/span><br \/><span style=\"color: #5a5a50;\">Web:\u00a0<a style=\"color: #5a5a50;\" href=\"http:\/\/gastro-troesch.de\/\" target=\"_blank\" rel=\"noopener\">gastro-troesch.de<\/a><\/span><\/p><p><span style=\"color: #5a5a50;\"><strong>Handelsregister<br \/><\/strong>Zentrales Handeslregister Saarbr\u00fccken, Registernummer HRB 17369<\/span><\/p><p><span style=\"color: #5a5a50;\"><strong>Technische Realisierung<br \/><\/strong><a style=\"color: #5a5a50;\" href=\"http:\/\/scharfe-kante.de\/\" target=\"_blank\" rel=\"noopener\">scharfe-kante.de<\/a><\/span><\/p>\t\t\t\t\t\t\t\t<\/div>\n\t\t\t\t\t<\/div>\n\t\t<\/div>\n\t\t\t\t<div class=\"elementor-column elementor-col-50 elementor-inner-column elementor-element elementor-element-21e93521\" data-id=\"21e93521\" data-element_type=\"column\" data-e-type=\"column\">\n\t\t\t<div class=\"elementor-widget-wrap elementor-element-populated\">\n\t\t\t\t\t\t<div class=\"elementor-element elementor-element-4606369f elementor-widget elementor-widget-text-editor\" data-id=\"4606369f\" data-element_type=\"widget\" data-e-type=\"widget\" data-widget_type=\"text-editor.default\">\n\t\t\t\t\t\t\t\t\t<p><strong>Inhalt des Onlineangebotes<br \/><\/strong>Die Gastro Tr\u00f6sch GmbH ist bem\u00fcht auf ihren Webseiten stets aktuelle, richtige und vollst\u00e4ndige Informationen darzubieten. Dennoch schlie\u00dfen wir jegliche Gew\u00e4hr f\u00fcr die Aktualit\u00e4t, Korrektheit und Vollst\u00e4ndigkeit der dargebotenen Informationen aus. Haftungsanspr\u00fcche gegen die Gastro Tr\u00f6sch GmbH, die sich auf Sch\u00e4den materieller oder ideeller Art beziehen, die durch die Nutzung oder Nichtnutzung der dargebotenen Informationen bzw. durch die Nutzung fehlerhafter und unvollst\u00e4ndiger Informationen verursacht wurden, sind grunds\u00e4tzlich ausgeschlossen, sofern seitens der Gastro Tr\u00f6sch GmbH kein nachweislich vors\u00e4tzliches oder grob fahrl\u00e4ssiges Verschulden vorliegt.<\/p><p><strong>Verweise und Links<\/strong><br \/>Bei direkten oder indirekten Verweisen auf fremde Internetseiten (\u201eLinks\u201c), die au\u00dferhalb des Verantwortungsbereiches der Gastro Tr\u00f6sch GmbH liegen, haftet allein der Anbieter der Seite, auf welche verwiesen wurde.<\/p><p><strong>Urheber- und Kennzeichenrecht<\/strong><br \/>Alle innerhalb des Internetangebotes genannten und ggf. durch Dritte gesch\u00fctzten Marken- und Warenzeichen unterliegen uneingeschr\u00e4nkt den Bestimmungen des jeweils g\u00fcltigen Kennzeichenrechts und den Besitzrechten der jeweiligen eingetragenen Eigent\u00fcmer. Allein aufgrund der blo\u00dfen Nennung ist nicht der Schluss zu ziehen, dass Markenzeichen nicht durch Rechte Dritter gesch\u00fctzt sind. Das Copyright f\u00fcr ver\u00f6ffentlichte, vom Autor selbst erstellte Objekte bleibt allein beim Autor der Seiten. Eine Vervielf\u00e4ltigung oder Verwendung solcher Grafiken und Texte in anderen elektronischen oder gedruckten Publikationen ist ohne ausdr\u00fcckliche Zustimmung der Gastro Tr\u00f6sch GmbH nicht gestattet.<\/p><p>\u00a0<\/p>\t\t\t\t\t\t\t\t<\/div>\n\t\t\t\t\t<\/div>\n\t\t<\/div>\n\t\t\t\t\t<\/div>\n\t\t<\/section>\n\t\t\t\t\t<\/div>\n\t\t<\/div>\n\t\t\t\t\t<\/div>\n\t\t<\/section>\n\t\t\t\t<\/div>","protected":false},"excerpt":{"rendered":"<p>Impressum Peters J\u00e4gersburg,Kleinottweilerstr. 11266424 Homburg\u00a0J\u00e4gersburg Inhaltlich Verantwortlich:Gastro-Konzept Tr\u00f6sch GmbHKleinottweilerstr. 11266424 Homburg\u00a0J\u00e4gersburg Pers\u00f6nlich haftender Gesellschafter:Peter Tr\u00f6sch Tel 0 68 41 \/ 189 33-0Fax 0 68 41 \/ 189 33-99 eMail: info@peters-jaegersburg.deWeb:\u00a0gastro-troesch.de HandelsregisterZentrales Handeslregister Saarbr\u00fccken, Registernummer HRB 17369 Technische Realisierungscharfe-kante.de Inhalt des OnlineangebotesDie Gastro Tr\u00f6sch GmbH ist bem\u00fcht auf ihren Webseiten stets aktuelle, richtige und vollst\u00e4ndige Informationen [&hellip;]<\/p>\n","protected":false},"author":1,"featured_media":0,"parent":0,"menu_order":0,"comment_status":"closed","ping_status":"closed","template":"","meta":{"footnotes":""},"class_list":["post-612","page","type-page","status-publish","hentry"],"_links":{"self":[{"href":"https:\/\/peters-jaegersburg.de\/en\/wp-json\/wp\/v2\/pages\/612","targetHints":{"allow":["GET"]}}],"collection":[{"href":"https:\/\/peters-jaegersburg.de\/en\/wp-json\/wp\/v2\/pages"}],"about":[{"href":"https:\/\/peters-jaegersburg.de\/en\/wp-json\/wp\/v2\/types\/page"}],"author":[{"embeddable":true,"href":"https:\/\/peters-jaegersburg.de\/en\/wp-json\/wp\/v2\/users\/1"}],"replies":[{"embeddable":true,"href":"https:\/\/peters-jaegersburg.de\/en\/wp-json\/wp\/v2\/comments?post=612"}],"version-history":[{"count":21,"href":"https:\/\/peters-jaegersburg.de\/en\/wp-json\/wp\/v2\/pages\/612\/revisions"}],"predecessor-version":[{"id":9494,"href":"https:\/\/peters-jaegersburg.de\/en\/wp-json\/wp\/v2\/pages\/612\/revisions\/9494"}],"wp:attachment":[{"href":"https:\/\/peters-jaegersburg.de\/en\/wp-json\/wp\/v2\/media?parent=612"}],"curies":[{"name":"wp","href":"https:\/\/api.w.org\/{rel}","templated":true}]}}