{"id":533,"date":"2018-12-15T02:25:16","date_gmt":"2018-12-15T01:25:16","guid":{"rendered":"http:\/\/2019.peters-jaegersburg.de\/?page_id=533"},"modified":"2023-08-23T23:59:33","modified_gmt":"2023-08-23T21:59:33","slug":"ihre-traumhochzeit","status":"publish","type":"page","link":"https:\/\/peters-jaegersburg.de\/en\/ihre-traumhochzeit\/","title":{"rendered":"YOUR DREAM WEDDING"},"content":{"rendered":"<div data-elementor-type=\"wp-post\" data-elementor-id=\"533\" class=\"elementor elementor-533\" data-elementor-post-type=\"page\">\n\t\t\t\t\t\t<section class=\"elementor-section elementor-top-section elementor-element elementor-element-e067254 elementor-section-content-middle elementor-section-boxed elementor-section-height-default elementor-section-height-default\" data-id=\"e067254\" data-element_type=\"section\" data-e-type=\"section\">\n\t\t\t\t\t\t<div class=\"elementor-container elementor-column-gap-no\">\n\t\t\t\t\t<div class=\"elementor-column elementor-col-100 elementor-top-column elementor-element elementor-element-13e0cd6d\" data-id=\"13e0cd6d\" data-element_type=\"column\" data-e-type=\"column\">\n\t\t\t<div class=\"elementor-widget-wrap elementor-element-populated\">\n\t\t\t\t\t\t<div class=\"elementor-element elementor-element-655165be elementor-widget elementor-widget-image\" data-id=\"655165be\" data-element_type=\"widget\" data-e-type=\"widget\" data-widget_type=\"image.default\">\n\t\t\t\t\t\t\t\t\t\t\t\t\t\t\t<img fetchpriority=\"high\" decoding=\"async\" width=\"1140\" height=\"500\" src=\"https:\/\/peters-jaegersburg.de\/wp-content\/uploads\/2018\/12\/peters-hotel-hochzeit-feiern.jpg\" class=\"attachment-full size-full wp-image-550\" alt=\"Peters Hotel - Saarland Hochzeit feiern\" srcset=\"https:\/\/peters-jaegersburg.de\/wp-content\/uploads\/2018\/12\/peters-hotel-hochzeit-feiern.jpg 1140w, https:\/\/peters-jaegersburg.de\/wp-content\/uploads\/2018\/12\/peters-hotel-hochzeit-feiern-768x336.jpg 768w\" sizes=\"(max-width: 1140px) 100vw, 1140px\" title=\"\">\t\t\t\t\t\t\t\t\t\t\t\t\t\t\t<\/div>\n\t\t\t\t<div class=\"elementor-element elementor-element-2c38334 elementor-widget elementor-widget-heading\" data-id=\"2c38334\" data-element_type=\"widget\" data-e-type=\"widget\" data-widget_type=\"heading.default\">\n\t\t\t\t\t<h1 class=\"elementor-heading-title elementor-size-default\">YOUR DREAM WEDDING<\/h1>\t\t\t\t<\/div>\n\t\t\t\t<div class=\"elementor-element elementor-element-426ca4be elementor-widget-divider--view-line elementor-widget elementor-widget-divider\" data-id=\"426ca4be\" data-element_type=\"widget\" data-e-type=\"widget\" data-widget_type=\"divider.default\">\n\t\t\t\t\t\t\t<div class=\"elementor-divider\">\n\t\t\t<span class=\"elementor-divider-separator\">\n\t\t\t\t\t\t<\/span>\n\t\t<\/div>\n\t\t\t\t\t\t<\/div>\n\t\t\t\t<div class=\"elementor-element elementor-element-55ffc5ec elementor-widget elementor-widget-heading\" data-id=\"55ffc5ec\" data-element_type=\"widget\" data-e-type=\"widget\" data-widget_type=\"heading.default\">\n\t\t\t\t\t<h2 class=\"elementor-heading-title elementor-size-default\">AN UNFORGETTABLE EXPERIENCE<\/h2>\t\t\t\t<\/div>\n\t\t\t\t\t<\/div>\n\t\t<\/div>\n\t\t\t\t\t<\/div>\n\t\t<\/section>\n\t\t\t\t<section class=\"elementor-section elementor-top-section elementor-element elementor-element-4c293c24 elementor-section-stretched elementor-section-full_width elementor-section-height-default elementor-section-height-default\" data-id=\"4c293c24\" data-element_type=\"section\" data-e-type=\"section\" data-settings=\"{&quot;stretch_section&quot;:&quot;section-stretched&quot;,&quot;background_background&quot;:&quot;classic&quot;}\">\n\t\t\t\t\t\t<div class=\"elementor-container elementor-column-gap-wide\">\n\t\t\t\t\t<div class=\"elementor-column elementor-col-100 elementor-top-column elementor-element elementor-element-52940a5d\" data-id=\"52940a5d\" data-element_type=\"column\" data-e-type=\"column\" data-settings=\"{&quot;background_background&quot;:&quot;gradient&quot;}\">\n\t\t\t<div class=\"elementor-widget-wrap elementor-element-populated\">\n\t\t\t\t\t\t<section class=\"elementor-section elementor-inner-section elementor-element elementor-element-586d3da4 elementor-section-boxed elementor-section-height-default elementor-section-height-default\" data-id=\"586d3da4\" data-element_type=\"section\" data-e-type=\"section\">\n\t\t\t\t\t\t<div class=\"elementor-container elementor-column-gap-default\">\n\t\t\t\t\t<div class=\"elementor-column elementor-col-50 elementor-inner-column elementor-element elementor-element-5d800160\" data-id=\"5d800160\" data-element_type=\"column\" data-e-type=\"column\">\n\t\t\t<div class=\"elementor-widget-wrap elementor-element-populated\">\n\t\t\t\t\t\t<div class=\"elementor-element elementor-element-25ba2a44 elementor-widget elementor-widget-text-editor\" data-id=\"25ba2a44\" data-element_type=\"widget\" data-e-type=\"widget\" data-widget_type=\"text-editor.default\">\n\t\t\t\t\t\t\t\t\t<p>The location simply cannot be exclusive enough for your wedding celebration. You have a dream and we will make it come true at PETERS Hotel &amp; Spa right by the lake, your \u201cwedding location\u201d.\nOnly the right location makes the best day of your life really the greatest.<\/p><p>Inspiring atmosphere with the added factor of personal service and individual cordiality - that is PETERS Hotel &amp; Spa in midst of idyllic nature right in the middle of the local recreation area of J\u00e4gersburg.<\/p><p>We want to make your wedding celebration an unforgettable experience. While you celebrate, a lot of busy hands are making sure that everything meets your expectations.<\/p>\t\t\t\t\t\t\t\t<\/div>\n\t\t\t\t\t<\/div>\n\t\t<\/div>\n\t\t\t\t<div class=\"elementor-column elementor-col-50 elementor-inner-column elementor-element elementor-element-64d3d1e6\" data-id=\"64d3d1e6\" data-element_type=\"column\" data-e-type=\"column\">\n\t\t\t<div class=\"elementor-widget-wrap elementor-element-populated\">\n\t\t\t\t\t\t<div class=\"elementor-element elementor-element-7ae17401 elementor-widget elementor-widget-text-editor\" data-id=\"7ae17401\" data-element_type=\"widget\" data-e-type=\"widget\" data-widget_type=\"text-editor.default\">\n\t\t\t\t\t\t\t\t\t<p><span style=\"color: #ffffff;\">We will be glad to reserve our event room for your wedding celebration or exclusively our restaurant with view of the lake and will create a magical wedding buffet or wedding menu with delectable temptations for you and your guests.<\/span><\/p><p><span style=\"color: #ffffff;\">Whatever you wish for your dream wedding - photographer, wedding videographer, band, DJ, florist, wedding cake, decorator, carriage ride, \u2026. - with us, it is possible!\u00a0<\/span><\/p><p><span style=\"color: #ffffff;\">Let us come up with ideas together, that will make your wedding celebration unforgettable. Our \u201cwedding planner\u201d Markus Nerding is responsible for the organization of your wedding and realization of your dream celebration.<\/span><\/p>\t\t\t\t\t\t\t\t<\/div>\n\t\t\t\t\t<\/div>\n\t\t<\/div>\n\t\t\t\t\t<\/div>\n\t\t<\/section>\n\t\t\t\t\t<\/div>\n\t\t<\/div>\n\t\t\t\t\t<\/div>\n\t\t<\/section>\n\t\t\t\t<section class=\"elementor-section elementor-top-section elementor-element elementor-element-3e315de elementor-section-boxed elementor-section-height-default elementor-section-height-default\" data-id=\"3e315de\" data-element_type=\"section\" data-e-type=\"section\">\n\t\t\t\t\t\t<div class=\"elementor-container elementor-column-gap-default\">\n\t\t\t\t\t<div class=\"elementor-column elementor-col-100 elementor-top-column elementor-element elementor-element-8aa935e\" data-id=\"8aa935e\" data-element_type=\"column\" data-e-type=\"column\">\n\t\t\t<div class=\"elementor-widget-wrap elementor-element-populated\">\n\t\t\t\t\t\t<div class=\"elementor-element elementor-element-4072df6 elementor-widget elementor-widget-spacer\" data-id=\"4072df6\" data-element_type=\"widget\" data-e-type=\"widget\" data-widget_type=\"spacer.default\">\n\t\t\t\t\t\t\t<div class=\"elementor-spacer\">\n\t\t\t<div class=\"elementor-spacer-inner\"><\/div>\n\t\t<\/div>\n\t\t\t\t\t\t<\/div>\n\t\t\t\t\t<\/div>\n\t\t<\/div>\n\t\t\t\t\t<\/div>\n\t\t<\/section>\n\t\t\t\t<section class=\"elementor-section elementor-top-section elementor-element elementor-element-1493325 elementor-section-boxed elementor-section-height-default elementor-section-height-default\" data-id=\"1493325\" data-element_type=\"section\" data-e-type=\"section\">\n\t\t\t\t\t\t<div class=\"elementor-container elementor-column-gap-default\">\n\t\t\t\t\t<div class=\"elementor-column elementor-col-66 elementor-top-column elementor-element elementor-element-520783b\" data-id=\"520783b\" data-element_type=\"column\" data-e-type=\"column\">\n\t\t\t<div class=\"elementor-widget-wrap elementor-element-populated\">\n\t\t\t\t\t\t<div class=\"elementor-element elementor-element-8bc9831 elementor-widget elementor-widget-heading\" data-id=\"8bc9831\" data-element_type=\"widget\" data-e-type=\"widget\" data-widget_type=\"heading.default\">\n\t\t\t\t\t<span class=\"elementor-heading-title elementor-size-large\">Say \u201cYes I do!\u201d and celebration your wedding at PETERS in the local recreation area in J\u00e4gersburg.<\/span>\t\t\t\t<\/div>\n\t\t\t\t\t<\/div>\n\t\t<\/div>\n\t\t\t\t<div class=\"elementor-column elementor-col-33 elementor-top-column elementor-element elementor-element-c592675\" data-id=\"c592675\" data-element_type=\"column\" data-e-type=\"column\">\n\t\t\t<div class=\"elementor-widget-wrap elementor-element-populated\">\n\t\t\t\t\t\t<div class=\"elementor-element elementor-element-ffde6a0 elementor-widget elementor-widget-image\" data-id=\"ffde6a0\" data-element_type=\"widget\" data-e-type=\"widget\" data-widget_type=\"image.default\">\n\t\t\t\t\t\t\t\t\t\t\t\t\t\t\t<img decoding=\"async\" width=\"800\" height=\"800\" src=\"https:\/\/peters-jaegersburg.de\/wp-content\/uploads\/2018\/12\/wellness-spa-hotel-saarland-tagen-feiern-1024x1024.jpg\" class=\"attachment-large size-large wp-image-149\" alt=\"Wellness Spa Hotel Saarland - Tagen und Feiern\" srcset=\"https:\/\/peters-jaegersburg.de\/wp-content\/uploads\/2018\/12\/wellness-spa-hotel-saarland-tagen-feiern-1024x1024.jpg 1024w, https:\/\/peters-jaegersburg.de\/wp-content\/uploads\/2018\/12\/wellness-spa-hotel-saarland-tagen-feiern-300x300.jpg 300w, https:\/\/peters-jaegersburg.de\/wp-content\/uploads\/2018\/12\/wellness-spa-hotel-saarland-tagen-feiern-150x150.jpg 150w, https:\/\/peters-jaegersburg.de\/wp-content\/uploads\/2018\/12\/wellness-spa-hotel-saarland-tagen-feiern-1536x1536.jpg 1536w, https:\/\/peters-jaegersburg.de\/wp-content\/uploads\/2018\/12\/wellness-spa-hotel-saarland-tagen-feiern-2048x2048.jpg 2048w, https:\/\/peters-jaegersburg.de\/wp-content\/uploads\/2018\/12\/wellness-spa-hotel-saarland-tagen-feiern-20x20.jpg 20w\" sizes=\"(max-width: 800px) 100vw, 800px\" title=\"\">\t\t\t\t\t\t\t\t\t\t\t\t\t\t\t<\/div>\n\t\t\t\t<div class=\"elementor-element elementor-element-7357cc8 elementor-widget elementor-widget-spacer\" data-id=\"7357cc8\" data-element_type=\"widget\" data-e-type=\"widget\" data-widget_type=\"spacer.default\">\n\t\t\t\t\t\t\t<div class=\"elementor-spacer\">\n\t\t\t<div class=\"elementor-spacer-inner\"><\/div>\n\t\t<\/div>\n\t\t\t\t\t\t<\/div>\n\t\t\t\t\t<\/div>\n\t\t<\/div>\n\t\t\t\t\t<\/div>\n\t\t<\/section>\n\t\t\t\t<section class=\"elementor-section elementor-top-section elementor-element elementor-element-b4a710a elementor-section-stretched elementor-section-boxed elementor-section-height-default elementor-section-height-default\" data-id=\"b4a710a\" data-element_type=\"section\" data-e-type=\"section\" data-settings=\"{&quot;stretch_section&quot;:&quot;section-stretched&quot;,&quot;background_background&quot;:&quot;classic&quot;}\">\n\t\t\t\t\t\t<div class=\"elementor-container elementor-column-gap-default\">\n\t\t\t\t\t<div class=\"elementor-column elementor-col-100 elementor-top-column elementor-element elementor-element-e521941\" data-id=\"e521941\" data-element_type=\"column\" data-e-type=\"column\">\n\t\t\t<div class=\"elementor-widget-wrap elementor-element-populated\">\n\t\t\t\t\t\t<div class=\"elementor-element elementor-element-65786ef elementor-widget elementor-widget-heading translation-block\" data-id=\"65786ef\" data-element_type=\"widget\" data-e-type=\"widget\" data-widget_type=\"heading.default\"><span class=\"elementor-heading-title elementor-size-xl\">TO GET THE FULL VALUE JOY<br>YOU MUST HAVE SOMEONE TO DIVIDE IT WITH.<\/span><\/div>\n\t\t\t\t<div class=\"elementor-element elementor-element-a10bade elementor-widget elementor-widget-heading\" data-id=\"a10bade\" data-element_type=\"widget\" data-e-type=\"widget\" data-widget_type=\"heading.default\">\n\t\t\t\t\t<h2 class=\"elementor-heading-title elementor-size-default\">Mark Twain<\/h2>\t\t\t\t<\/div>\n\t\t\t\t\t<\/div>\n\t\t<\/div>\n\t\t\t\t\t<\/div>\n\t\t<\/section>\n\t\t\t\t<section class=\"elementor-section elementor-top-section elementor-element elementor-element-2b9e54b5 elementor-section-boxed elementor-section-height-default elementor-section-height-default\" data-id=\"2b9e54b5\" data-element_type=\"section\" data-e-type=\"section\">\n\t\t\t\t\t\t<div class=\"elementor-container elementor-column-gap-default\">\n\t\t\t\t\t<div class=\"elementor-column elementor-col-100 elementor-top-column elementor-element elementor-element-54740434\" data-id=\"54740434\" data-element_type=\"column\" data-e-type=\"column\">\n\t\t\t<div class=\"elementor-widget-wrap elementor-element-populated\">\n\t\t\t\t\t\t<div class=\"elementor-element elementor-element-5a6b536c elementor-widget elementor-widget-spacer\" data-id=\"5a6b536c\" data-element_type=\"widget\" data-e-type=\"widget\" data-widget_type=\"spacer.default\">\n\t\t\t\t\t\t\t<div class=\"elementor-spacer\">\n\t\t\t<div class=\"elementor-spacer-inner\"><\/div>\n\t\t<\/div>\n\t\t\t\t\t\t<\/div>\n\t\t\t\t<div class=\"elementor-element elementor-element-14f7c5b2 elementor-widget elementor-widget-heading\" data-id=\"14f7c5b2\" data-element_type=\"widget\" data-e-type=\"widget\" data-widget_type=\"heading.default\">\n\t\t\t\t\t<h2 class=\"elementor-heading-title elementor-size-default\">Anfrage &amp; Buchung:<\/h2>\t\t\t\t<\/div>\n\t\t\t\t\t<\/div>\n\t\t<\/div>\n\t\t\t\t\t<\/div>\n\t\t<\/section>\n\t\t\t\t<section class=\"elementor-section elementor-top-section elementor-element elementor-element-2f7d723d elementor-section-boxed elementor-section-height-default elementor-section-height-default\" data-id=\"2f7d723d\" data-element_type=\"section\" data-e-type=\"section\">\n\t\t\t\t\t\t<div class=\"elementor-container elementor-column-gap-default\">\n\t\t\t\t\t<div class=\"elementor-column elementor-col-50 elementor-top-column elementor-element elementor-element-50608964\" data-id=\"50608964\" data-element_type=\"column\" data-e-type=\"column\">\n\t\t\t<div class=\"elementor-widget-wrap elementor-element-populated\">\n\t\t\t\t\t\t<div class=\"elementor-element elementor-element-947fa66 elementor-widget elementor-widget-heading\" data-id=\"947fa66\" data-element_type=\"widget\" data-e-type=\"widget\" data-widget_type=\"heading.default\">\n\t\t\t\t\t<h2 class=\"elementor-heading-title elementor-size-default\">Do you already have a desired date for your wedding celebration? Or would you like to choose the perfect wedding location first?<\/h2>\t\t\t\t<\/div>\n\t\t\t\t<div class=\"elementor-element elementor-element-6c0cf0df elementor-align-left elementor-widget elementor-widget-button\" data-id=\"6c0cf0df\" data-element_type=\"widget\" data-e-type=\"widget\" data-widget_type=\"button.default\">\n\t\t\t\t\t\t\t\t\t\t<a class=\"elementor-button elementor-button-link elementor-size-md\" href=\"mailto:m.nerding@peters-jaegersburg.de\">\n\t\t\t\t\t\t<span class=\"elementor-button-content-wrapper\">\n\t\t\t\t\t\t<span class=\"elementor-button-icon\">\n\t\t\t\t\t\t\t\t\t<i class=\"fa fa-envelope\" aria-hidden=\"true\"><\/i>\n\t\t\t\t\t\t\t<\/span>\n\t\t\t\t\t\t\t\t\t<span class=\"elementor-button-text\">Request now!<\/span>\n\t\t\t\t\t<\/span>\n\t\t\t\t\t<\/a>\n\t\t\t\t\t\t\t\t<\/div>\n\t\t\t\t\t<\/div>\n\t\t<\/div>\n\t\t\t\t<div class=\"elementor-column elementor-col-50 elementor-top-column elementor-element elementor-element-2e4410bc\" data-id=\"2e4410bc\" data-element_type=\"column\" data-e-type=\"column\">\n\t\t\t<div class=\"elementor-widget-wrap elementor-element-populated\">\n\t\t\t\t\t\t<div class=\"elementor-element elementor-element-2211f446 elementor-widget elementor-widget-text-editor\" data-id=\"2211f446\" data-element_type=\"widget\" data-e-type=\"widget\" data-widget_type=\"text-editor.default\">\n\t\t\t\t\t\t\t\t\t<p style=\"text-align: left;\" class=\"translation-block\">Your point of contact:<br>\nHerr Markus Nerding<br>\nEvent Manager<br>\nTel.: 0 68 41 \/ 189 33-45<br>\nE-Mail: <a style=\"color: #5a5a50\" href=\"mailto:m.nerding@peters-jaegersburg.de?subject=Ich20habe20eine20Anfrage20bezC3BCglich20Hochzeit,20Tagung20oder20Fest.\" target=\"_self\">m.nerding@peters-jaegersburg.de<\/a><\/p>\t\t\t\t\t\t\t\t<\/div>\n\t\t\t\t\t<\/div>\n\t\t<\/div>\n\t\t\t\t\t<\/div>\n\t\t<\/section>\n\t\t\t\t<section class=\"elementor-section elementor-top-section elementor-element elementor-element-e770d20 elementor-section-boxed elementor-section-height-default elementor-section-height-default\" data-id=\"e770d20\" data-element_type=\"section\" data-e-type=\"section\">\n\t\t\t\t\t\t<div class=\"elementor-container elementor-column-gap-default\">\n\t\t\t\t\t<div class=\"elementor-column elementor-col-100 elementor-top-column elementor-element elementor-element-4ee9413\" data-id=\"4ee9413\" data-element_type=\"column\" data-e-type=\"column\">\n\t\t\t<div class=\"elementor-widget-wrap elementor-element-populated\">\n\t\t\t\t\t\t<div class=\"elementor-element elementor-element-e1cb7aa elementor-widget elementor-widget-spacer\" data-id=\"e1cb7aa\" data-element_type=\"widget\" data-e-type=\"widget\" data-widget_type=\"spacer.default\">\n\t\t\t\t\t\t\t<div class=\"elementor-spacer\">\n\t\t\t<div class=\"elementor-spacer-inner\"><\/div>\n\t\t<\/div>\n\t\t\t\t\t\t<\/div>\n\t\t\t\t<div class=\"elementor-element elementor-element-33272bf elementor-widget-divider--view-line elementor-widget elementor-widget-divider\" data-id=\"33272bf\" data-element_type=\"widget\" data-e-type=\"widget\" data-widget_type=\"divider.default\">\n\t\t\t\t\t\t\t<div class=\"elementor-divider\">\n\t\t\t<span class=\"elementor-divider-separator\">\n\t\t\t\t\t\t<\/span>\n\t\t<\/div>\n\t\t\t\t\t\t<\/div>\n\t\t\t\t<div class=\"elementor-element elementor-element-bbc1661 elementor-widget elementor-widget-spacer\" data-id=\"bbc1661\" data-element_type=\"widget\" data-e-type=\"widget\" data-widget_type=\"spacer.default\">\n\t\t\t\t\t\t\t<div class=\"elementor-spacer\">\n\t\t\t<div class=\"elementor-spacer-inner\"><\/div>\n\t\t<\/div>\n\t\t\t\t\t\t<\/div>\n\t\t\t\t\t<\/div>\n\t\t<\/div>\n\t\t\t\t\t<\/div>\n\t\t<\/section>\n\t\t\t\t<section class=\"elementor-section elementor-top-section elementor-element elementor-element-4824888 elementor-section-boxed elementor-section-height-default elementor-section-height-default\" data-id=\"4824888\" data-element_type=\"section\" data-e-type=\"section\">\n\t\t\t\t\t\t<div class=\"elementor-container elementor-column-gap-default\">\n\t\t\t\t\t<div class=\"elementor-column elementor-col-50 elementor-top-column elementor-element elementor-element-55117f1\" data-id=\"55117f1\" data-element_type=\"column\" data-e-type=\"column\">\n\t\t\t<div class=\"elementor-widget-wrap elementor-element-populated\">\n\t\t\t\t\t\t<div class=\"elementor-element elementor-element-13a4a0bc elementor-widget elementor-widget-heading\" data-id=\"13a4a0bc\" data-element_type=\"widget\" data-e-type=\"widget\" data-widget_type=\"heading.default\">\n\t\t\t\t\t<h2 class=\"elementor-heading-title elementor-size-default\">Hier finden Sie unser Hochzeitsbrosch\u00fcre im PDF-Format als Download <\/h2>\t\t\t\t<\/div>\n\t\t\t\t\t<\/div>\n\t\t<\/div>\n\t\t\t\t<div class=\"elementor-column elementor-col-50 elementor-top-column elementor-element elementor-element-16716406\" data-id=\"16716406\" data-element_type=\"column\" data-e-type=\"column\">\n\t\t\t<div class=\"elementor-widget-wrap elementor-element-populated\">\n\t\t\t\t\t\t<div class=\"elementor-element elementor-element-1e600067 elementor-align-left elementor-widget elementor-widget-button\" data-id=\"1e600067\" data-element_type=\"widget\" data-e-type=\"widget\" data-widget_type=\"button.default\">\n\t\t\t\t\t\t\t\t\t\t<a class=\"elementor-button elementor-button-link elementor-size-md\" href=\"https:\/\/peters-jaegersburg.de\/wp-content\/uploads\/2023\/07\/2023-007-Eventbroschuere-2023-rz-web.pdf\" target=\"_blank\">\n\t\t\t\t\t\t<span class=\"elementor-button-content-wrapper\">\n\t\t\t\t\t\t<span class=\"elementor-button-icon\">\n\t\t\t\t<svg aria-hidden=\"true\" class=\"e-font-icon-svg e-far-file-pdf\" viewbox=\"0 0 384 512\" xmlns=\"http:\/\/www.w3.org\/2000\/svg\"><path d=\"M369.9 97.9L286 14C277 5 264.8-.1 252.1-.1H48C21.5 0 0 21.5 0 48v416c0 26.5 21.5 48 48 48h288c26.5 0 48-21.5 48-48V131.9c0-12.7-5.1-25-14.1-34zM332.1 128H256V51.9l76.1 76.1zM48 464V48h160v104c0 13.3 10.7 24 24 24h104v288H48zm250.2-143.7c-12.2-12-47-8.7-64.4-6.5-17.2-10.5-28.7-25-36.8-46.3 3.9-16.1 10.1-40.6 5.4-56-4.2-26.2-37.8-23.6-42.6-5.9-4.4 16.1-.4 38.5 7 67.1-10 23.9-24.9 56-35.4 74.4-20 10.3-47 26.2-51 46.2-3.3 15.8 26 55.2 76.1-31.2 22.4-7.4 46.8-16.5 68.4-20.1 18.9 10.2 41 17 55.8 17 25.5 0 28-28.2 17.5-38.7zm-198.1 77.8c5.1-13.7 24.5-29.5 30.4-35-19 30.3-30.4 35.7-30.4 35zm81.6-190.6c7.4 0 6.7 32.1 1.8 40.8-4.4-13.9-4.3-40.8-1.8-40.8zm-24.4 136.6c9.7-16.9 18-37 24.7-54.7 8.3 15.1 18.9 27.2 30.1 35.5-20.8 4.3-38.9 13.1-54.8 19.2zm131.6-5s-5 6-37.3-7.8c35.1-2.6 40.9 5.4 37.3 7.8z\"><\/path><\/svg>\t\t\t<\/span>\n\t\t\t\t\t\t\t\t\t<span class=\"elementor-button-text\">Download<\/span>\n\t\t\t\t\t<\/span>\n\t\t\t\t\t<\/a>\n\t\t\t\t\t\t\t\t<\/div>\n\t\t\t\t\t<\/div>\n\t\t<\/div>\n\t\t\t\t\t<\/div>\n\t\t<\/section>\n\t\t\t\t<\/div>","protected":false},"excerpt":{"rendered":"<p>Ihre Traumhochzeit Ein unvergessliches Erlebnis F\u00fcr Ihre Hochzeitsfeier kann die Umgebung gar nicht exklusiv genug sein.\u00a0Sie haben einen Traum und wir lassen ihn wahr werden im PETERS Hotel &amp; Spa direkt am See, Ihre \u201eHochzeitslocation\u201c. Erst die richtige Umgebung macht den sch\u00f6nsten Tag im Leben wirklich gro\u00dfartig. Inspirierende Atmosph\u00e4re mit dem Extra an pers\u00f6nlichem Service [&hellip;]<\/p>\n","protected":false},"author":1,"featured_media":0,"parent":0,"menu_order":0,"comment_status":"closed","ping_status":"closed","template":"","meta":{"footnotes":""},"class_list":["post-533","page","type-page","status-publish","hentry"],"_links":{"self":[{"href":"https:\/\/peters-jaegersburg.de\/en\/wp-json\/wp\/v2\/pages\/533","targetHints":{"allow":["GET"]}}],"collection":[{"href":"https:\/\/peters-jaegersburg.de\/en\/wp-json\/wp\/v2\/pages"}],"about":[{"href":"https:\/\/peters-jaegersburg.de\/en\/wp-json\/wp\/v2\/types\/page"}],"author":[{"embeddable":true,"href":"https:\/\/peters-jaegersburg.de\/en\/wp-json\/wp\/v2\/users\/1"}],"replies":[{"embeddable":true,"href":"https:\/\/peters-jaegersburg.de\/en\/wp-json\/wp\/v2\/comments?post=533"}],"version-history":[{"count":52,"href":"https:\/\/peters-jaegersburg.de\/en\/wp-json\/wp\/v2\/pages\/533\/revisions"}],"predecessor-version":[{"id":7868,"href":"https:\/\/peters-jaegersburg.de\/en\/wp-json\/wp\/v2\/pages\/533\/revisions\/7868"}],"wp:attachment":[{"href":"https:\/\/peters-jaegersburg.de\/en\/wp-json\/wp\/v2\/media?parent=533"}],"curies":[{"name":"wp","href":"https:\/\/api.w.org\/{rel}","templated":true}]}}