{"id":416,"date":"2018-12-13T22:40:34","date_gmt":"2018-12-13T21:40:34","guid":{"rendered":"http:\/\/2019.peters-jaegersburg.de\/?page_id=416"},"modified":"2020-07-27T15:32:51","modified_gmt":"2020-07-27T13:32:51","slug":"panorama-bar","status":"publish","type":"page","link":"https:\/\/peters-jaegersburg.de\/en\/panorama-bar\/","title":{"rendered":"Panorama bar"},"content":{"rendered":"<div data-elementor-type=\"wp-post\" data-elementor-id=\"416\" class=\"elementor elementor-416\" data-elementor-post-type=\"page\">\n\t\t\t\t\t\t<section class=\"elementor-section elementor-top-section elementor-element elementor-element-35411af4 elementor-section-content-middle elementor-section-boxed elementor-section-height-default elementor-section-height-default\" data-id=\"35411af4\" data-element_type=\"section\" data-e-type=\"section\">\n\t\t\t\t\t\t<div class=\"elementor-container elementor-column-gap-no\">\n\t\t\t\t\t<div class=\"elementor-column elementor-col-100 elementor-top-column elementor-element elementor-element-78b70aaa\" data-id=\"78b70aaa\" data-element_type=\"column\" data-e-type=\"column\">\n\t\t\t<div class=\"elementor-widget-wrap elementor-element-populated\">\n\t\t\t\t\t\t<div class=\"elementor-element elementor-element-1172c874 elementor-widget elementor-widget-image\" data-id=\"1172c874\" data-element_type=\"widget\" data-e-type=\"widget\" data-widget_type=\"image.default\">\n\t\t\t\t\t\t\t\t\t\t\t\t\t\t\t<img fetchpriority=\"high\" decoding=\"async\" width=\"1391\" height=\"491\" src=\"https:\/\/peters-jaegersburg.de\/wp-content\/uploads\/2018\/12\/panorama-bar-peters-homburg-jaegersburg.jpg\" class=\"attachment-full size-full wp-image-424\" alt=\"Panorama Bar - Peters Homburg J\u00e4gersburg\" srcset=\"https:\/\/peters-jaegersburg.de\/wp-content\/uploads\/2018\/12\/panorama-bar-peters-homburg-jaegersburg.jpg 1391w, https:\/\/peters-jaegersburg.de\/wp-content\/uploads\/2018\/12\/panorama-bar-peters-homburg-jaegersburg-768x271.jpg 768w\" sizes=\"(max-width: 1391px) 100vw, 1391px\" title=\"\">\t\t\t\t\t\t\t\t\t\t\t\t\t\t\t<\/div>\n\t\t\t\t<div class=\"elementor-element elementor-element-1c7a59a7 elementor-widget elementor-widget-heading\" data-id=\"1c7a59a7\" data-element_type=\"widget\" data-e-type=\"widget\" data-widget_type=\"heading.default\">\n\t\t\t\t\t<h1 class=\"elementor-heading-title elementor-size-default\">PETERS PANORAMA BAR<\/h1>\t\t\t\t<\/div>\n\t\t\t\t<div class=\"elementor-element elementor-element-48ad9f8f elementor-widget-divider--view-line elementor-widget elementor-widget-divider\" data-id=\"48ad9f8f\" data-element_type=\"widget\" data-e-type=\"widget\" data-widget_type=\"divider.default\">\n\t\t\t\t\t\t\t<div class=\"elementor-divider\">\n\t\t\t<span class=\"elementor-divider-separator\">\n\t\t\t\t\t\t<\/span>\n\t\t<\/div>\n\t\t\t\t\t\t<\/div>\n\t\t\t\t<div class=\"elementor-element elementor-element-6780df89 elementor-widget elementor-widget-heading\" data-id=\"6780df89\" data-element_type=\"widget\" data-e-type=\"widget\" data-widget_type=\"heading.default\">\n\t\t\t\t\t<h2 class=\"elementor-heading-title elementor-size-default\">ENJOY THE EVENING WITH THE BEST VIEW\n<\/h2>\t\t\t\t<\/div>\n\t\t\t\t\t<\/div>\n\t\t<\/div>\n\t\t\t\t\t<\/div>\n\t\t<\/section>\n\t\t\t\t<section class=\"elementor-section elementor-top-section elementor-element elementor-element-5c8d84a3 elementor-section-stretched elementor-section-full_width elementor-section-height-default elementor-section-height-default\" data-id=\"5c8d84a3\" data-element_type=\"section\" data-e-type=\"section\" data-settings=\"{&quot;stretch_section&quot;:&quot;section-stretched&quot;,&quot;background_background&quot;:&quot;classic&quot;}\">\n\t\t\t\t\t\t<div class=\"elementor-container elementor-column-gap-wide\">\n\t\t\t\t\t<div class=\"elementor-column elementor-col-100 elementor-top-column elementor-element elementor-element-742e0653\" data-id=\"742e0653\" data-element_type=\"column\" data-e-type=\"column\" data-settings=\"{&quot;background_background&quot;:&quot;gradient&quot;}\">\n\t\t\t<div class=\"elementor-widget-wrap elementor-element-populated\">\n\t\t\t\t\t\t<section class=\"elementor-section elementor-inner-section elementor-element elementor-element-fb2f6ce elementor-section-boxed elementor-section-height-default elementor-section-height-default\" data-id=\"fb2f6ce\" data-element_type=\"section\" data-e-type=\"section\">\n\t\t\t\t\t\t<div class=\"elementor-container elementor-column-gap-default\">\n\t\t\t\t\t<div class=\"elementor-column elementor-col-50 elementor-inner-column elementor-element elementor-element-10c4237a\" data-id=\"10c4237a\" data-element_type=\"column\" data-e-type=\"column\">\n\t\t\t<div class=\"elementor-widget-wrap elementor-element-populated\">\n\t\t\t\t\t\t<div class=\"elementor-element elementor-element-cfcf859 elementor-widget elementor-widget-text-editor\" data-id=\"cfcf859\" data-element_type=\"widget\" data-e-type=\"widget\" data-widget_type=\"text-editor.default\">\n\t\t\t\t\t\t\t\t\t<p><span style=\"color: #ffffff;\">Our panorama bar is the ideal meeting point for a perfect way to end the day in a relaxed atmosphere.<span class=\"Apple-converted-space\">\u00a0<\/span><\/span><\/p><p><span style=\"color: #ffffff;\">You will feel right at home in our cosy fireplace lounge with panorama view on the lake. Whether it be for refreshing soft drinks, coffee specialties, long drinks, cocktails, beers, digestifs or delicious gin-creations - the panorama bar is the meeting point at PETERS Hotel &amp; Spa. \nLet our bar staff impress and inspire you in a relaxed atmosphere.<\/span><\/p>\t\t\t\t\t\t\t\t<\/div>\n\t\t\t\t\t<\/div>\n\t\t<\/div>\n\t\t\t\t<div class=\"elementor-column elementor-col-50 elementor-inner-column elementor-element elementor-element-7f89bb25\" data-id=\"7f89bb25\" data-element_type=\"column\" data-e-type=\"column\">\n\t\t\t<div class=\"elementor-widget-wrap elementor-element-populated\">\n\t\t\t\t\t\t<div class=\"elementor-element elementor-element-36569a87 elementor-widget elementor-widget-text-editor\" data-id=\"36569a87\" data-element_type=\"widget\" data-e-type=\"widget\" data-widget_type=\"text-editor.default\">\n\t\t\t\t\t\t\t\t\t<h2 class=\"translation-block\"><span style=\"color: #ffffff\">Peters panorama bar -<br>\nRight by the lake<\/span><\/h2>\n<p><span style=\"color: #ffffff;\">By the way, even if you are not a hotel guest, we gladly welcome you in our panorama bar. <\/span><\/p>\n<p><span style=\"color: #ffffff;\">Opening hours<\/span><br><span style=\"color: #ffffff;\">daily from 5pm<\/span><br><\/p>\t\t\t\t\t\t\t\t<\/div>\n\t\t\t\t\t<\/div>\n\t\t<\/div>\n\t\t\t\t\t<\/div>\n\t\t<\/section>\n\t\t\t\t\t<\/div>\n\t\t<\/div>\n\t\t\t\t\t<\/div>\n\t\t<\/section>\n\t\t\t\t<\/div>","protected":false},"excerpt":{"rendered":"<p>Peters Panorama Bar Genie\u00dfen Sie den Abend mit bester Aussicht Unsere Panorama-Bar ist der ideale Treffpunkt f\u00fcr einen perfekten Tagesausklang in entspannter Atmosph\u00e4re. In unserer gem\u00fctlichen Kamin-Lounge mit Panorama-Blick auf den See werden Sie sich besonders wohlf\u00fchlen.\u00a0 Ob erfrischende Softdrinks, Kaffee-Spezialit\u00e4ten, Longdrinks, Cocktails, Biere, Digestifs oder k\u00f6stliche Gin-Kreationen \u2013 die Panorama-Bar ist der Treffpunkt im [&hellip;]<\/p>\n","protected":false},"author":1,"featured_media":0,"parent":0,"menu_order":0,"comment_status":"closed","ping_status":"closed","template":"","meta":{"footnotes":""},"class_list":["post-416","page","type-page","status-publish","hentry"],"_links":{"self":[{"href":"https:\/\/peters-jaegersburg.de\/en\/wp-json\/wp\/v2\/pages\/416","targetHints":{"allow":["GET"]}}],"collection":[{"href":"https:\/\/peters-jaegersburg.de\/en\/wp-json\/wp\/v2\/pages"}],"about":[{"href":"https:\/\/peters-jaegersburg.de\/en\/wp-json\/wp\/v2\/types\/page"}],"author":[{"embeddable":true,"href":"https:\/\/peters-jaegersburg.de\/en\/wp-json\/wp\/v2\/users\/1"}],"replies":[{"embeddable":true,"href":"https:\/\/peters-jaegersburg.de\/en\/wp-json\/wp\/v2\/comments?post=416"}],"version-history":[{"count":11,"href":"https:\/\/peters-jaegersburg.de\/en\/wp-json\/wp\/v2\/pages\/416\/revisions"}],"predecessor-version":[{"id":5286,"href":"https:\/\/peters-jaegersburg.de\/en\/wp-json\/wp\/v2\/pages\/416\/revisions\/5286"}],"wp:attachment":[{"href":"https:\/\/peters-jaegersburg.de\/en\/wp-json\/wp\/v2\/media?parent=416"}],"curies":[{"name":"wp","href":"https:\/\/api.w.org\/{rel}","templated":true}]}}