{"id":2993,"date":"2019-10-15T13:01:30","date_gmt":"2019-10-15T11:01:30","guid":{"rendered":"https:\/\/peters-jaegersburg.de\/?page_id=2993"},"modified":"2021-02-19T18:45:53","modified_gmt":"2021-02-19T17:45:53","slug":"ueber-uns-die-gastro-troesch-gruppe","status":"publish","type":"page","link":"https:\/\/peters-jaegersburg.de\/en\/ueber-uns-die-gastro-troesch-gruppe\/","title":{"rendered":"\u00dcber uns &#8211; die Gastro Tr\u00f6sch Gruppe"},"content":{"rendered":"<div data-elementor-type=\"wp-post\" data-elementor-id=\"2993\" class=\"elementor elementor-2993\" data-elementor-post-type=\"page\">\n\t\t\t\t\t\t<section class=\"elementor-section elementor-top-section elementor-element elementor-element-6a1533ec elementor-section-boxed elementor-section-height-default elementor-section-height-default\" data-id=\"6a1533ec\" data-element_type=\"section\" data-e-type=\"section\">\n\t\t\t\t\t\t<div class=\"elementor-container elementor-column-gap-default\">\n\t\t\t\t\t<div class=\"elementor-column elementor-col-50 elementor-top-column elementor-element elementor-element-7e19100d\" data-id=\"7e19100d\" data-element_type=\"column\" data-e-type=\"column\">\n\t\t\t<div class=\"elementor-widget-wrap\">\n\t\t\t\t\t\t\t<\/div>\n\t\t<\/div>\n\t\t\t\t<div class=\"elementor-column elementor-col-50 elementor-top-column elementor-element elementor-element-5b499793\" data-id=\"5b499793\" data-element_type=\"column\" data-e-type=\"column\">\n\t\t\t<div class=\"elementor-widget-wrap\">\n\t\t\t\t\t\t\t<\/div>\n\t\t<\/div>\n\t\t\t\t\t<\/div>\n\t\t<\/section>\n\t\t\t\t<section class=\"elementor-section elementor-top-section elementor-element elementor-element-6f166bf elementor-section-boxed elementor-section-height-default elementor-section-height-default\" data-id=\"6f166bf\" data-element_type=\"section\" data-e-type=\"section\">\n\t\t\t\t\t\t<div class=\"elementor-container elementor-column-gap-default\">\n\t\t\t\t\t<div class=\"elementor-column elementor-col-100 elementor-top-column elementor-element elementor-element-9094526\" data-id=\"9094526\" data-element_type=\"column\" data-e-type=\"column\">\n\t\t\t<div class=\"elementor-widget-wrap elementor-element-populated\">\n\t\t\t\t\t\t<div class=\"elementor-element elementor-element-f4cbd68 elementor-widget elementor-widget-spacer\" data-id=\"f4cbd68\" data-element_type=\"widget\" data-e-type=\"widget\" data-widget_type=\"spacer.default\">\n\t\t\t\t\t\t\t<div class=\"elementor-spacer\">\n\t\t\t<div class=\"elementor-spacer-inner\"><\/div>\n\t\t<\/div>\n\t\t\t\t\t\t<\/div>\n\t\t\t\t\t<\/div>\n\t\t<\/div>\n\t\t\t\t\t<\/div>\n\t\t<\/section>\n\t\t\t\t<section class=\"elementor-section elementor-top-section elementor-element elementor-element-e104ab5 elementor-section-content-middle elementor-section-boxed elementor-section-height-default elementor-section-height-default\" data-id=\"e104ab5\" data-element_type=\"section\" data-e-type=\"section\" data-settings=\"{&quot;background_background&quot;:&quot;classic&quot;}\">\n\t\t\t\t\t\t<div class=\"elementor-container elementor-column-gap-no\">\n\t\t\t\t\t<div class=\"elementor-column elementor-col-100 elementor-top-column elementor-element elementor-element-7e8f6a0\" data-id=\"7e8f6a0\" data-element_type=\"column\" data-e-type=\"column\">\n\t\t\t<div class=\"elementor-widget-wrap elementor-element-populated\">\n\t\t\t\t\t\t<div class=\"elementor-element elementor-element-ec19c63 elementor-widget elementor-widget-image\" data-id=\"ec19c63\" data-element_type=\"widget\" data-e-type=\"widget\" data-widget_type=\"image.default\">\n\t\t\t\t\t\t\t\t\t\t\t\t\t\t\t<img fetchpriority=\"high\" decoding=\"async\" width=\"1140\" height=\"500\" src=\"https:\/\/peters-jaegersburg.de\/wp-content\/uploads\/2019\/10\/gastro-troesch-gruppe-ueber-uns.jpg\" class=\"attachment-full size-full wp-image-3006\" alt=\"\u00dcber uns - Die Gastro Tr\u00f6sch Gruppe\" srcset=\"https:\/\/peters-jaegersburg.de\/wp-content\/uploads\/2019\/10\/gastro-troesch-gruppe-ueber-uns.jpg 1140w, https:\/\/peters-jaegersburg.de\/wp-content\/uploads\/2019\/10\/gastro-troesch-gruppe-ueber-uns-768x336.jpg 768w\" sizes=\"(max-width: 1140px) 100vw, 1140px\" title=\"\">\t\t\t\t\t\t\t\t\t\t\t\t\t\t\t<\/div>\n\t\t\t\t<div class=\"elementor-element elementor-element-314ed43 elementor-widget elementor-widget-heading\" data-id=\"314ed43\" data-element_type=\"widget\" data-e-type=\"widget\" data-widget_type=\"heading.default\">\n\t\t\t\t\t<h1 class=\"elementor-heading-title elementor-size-default\">About us<\/h1>\t\t\t\t<\/div>\n\t\t\t\t<div class=\"elementor-element elementor-element-6f144091 elementor-widget-divider--view-line elementor-widget elementor-widget-divider\" data-id=\"6f144091\" data-element_type=\"widget\" data-e-type=\"widget\" data-widget_type=\"divider.default\">\n\t\t\t\t\t\t\t<div class=\"elementor-divider\">\n\t\t\t<span class=\"elementor-divider-separator\">\n\t\t\t\t\t\t<\/span>\n\t\t<\/div>\n\t\t\t\t\t\t<\/div>\n\t\t\t\t<div class=\"elementor-element elementor-element-65d02328 elementor-widget elementor-widget-heading\" data-id=\"65d02328\" data-element_type=\"widget\" data-e-type=\"widget\" data-widget_type=\"heading.default\">\n\t\t\t\t\t<h2 class=\"elementor-heading-title elementor-size-default\">THE GASTRO GROUP TR\u00d6SCH<\/h2>\t\t\t\t<\/div>\n\t\t\t\t\t<\/div>\n\t\t<\/div>\n\t\t\t\t\t<\/div>\n\t\t<\/section>\n\t\t\t\t<section class=\"elementor-section elementor-top-section elementor-element elementor-element-d378777 elementor-reverse-mobile elementor-section-boxed elementor-section-height-default elementor-section-height-default\" data-id=\"d378777\" data-element_type=\"section\" data-e-type=\"section\">\n\t\t\t\t\t\t<div class=\"elementor-container elementor-column-gap-default\">\n\t\t\t\t\t<div class=\"elementor-column elementor-col-50 elementor-top-column elementor-element elementor-element-d57369a\" data-id=\"d57369a\" data-element_type=\"column\" data-e-type=\"column\">\n\t\t\t<div class=\"elementor-widget-wrap elementor-element-populated\">\n\t\t\t\t\t\t<div class=\"elementor-element elementor-element-ca45a32 elementor-widget elementor-widget-spacer\" data-id=\"ca45a32\" data-element_type=\"widget\" data-e-type=\"widget\" data-widget_type=\"spacer.default\">\n\t\t\t\t\t\t\t<div class=\"elementor-spacer\">\n\t\t\t<div class=\"elementor-spacer-inner\"><\/div>\n\t\t<\/div>\n\t\t\t\t\t\t<\/div>\n\t\t\t\t<div class=\"elementor-element elementor-element-0812a4c elementor-widget elementor-widget-image\" data-id=\"0812a4c\" data-element_type=\"widget\" data-e-type=\"widget\" data-widget_type=\"image.default\">\n\t\t\t\t\t\t\t\t\t\t\t\t\t\t\t<img decoding=\"async\" width=\"300\" height=\"300\" src=\"https:\/\/peters-jaegersburg.de\/wp-content\/uploads\/2019\/12\/peters-hotel-unser-chef-peter-troesch2-300x300.jpg\" class=\"attachment-medium size-medium wp-image-3386\" alt=\"PETERS Hotel Unser Chef Peter Tr\u00f6sch\" srcset=\"https:\/\/peters-jaegersburg.de\/wp-content\/uploads\/2019\/12\/peters-hotel-unser-chef-peter-troesch2-300x300.jpg 300w, https:\/\/peters-jaegersburg.de\/wp-content\/uploads\/2019\/12\/peters-hotel-unser-chef-peter-troesch2-1024x1024.jpg 1024w, https:\/\/peters-jaegersburg.de\/wp-content\/uploads\/2019\/12\/peters-hotel-unser-chef-peter-troesch2-150x150.jpg 150w, https:\/\/peters-jaegersburg.de\/wp-content\/uploads\/2019\/12\/peters-hotel-unser-chef-peter-troesch2-1536x1536.jpg 1536w, https:\/\/peters-jaegersburg.de\/wp-content\/uploads\/2019\/12\/peters-hotel-unser-chef-peter-troesch2-2048x2048.jpg 2048w, https:\/\/peters-jaegersburg.de\/wp-content\/uploads\/2019\/12\/peters-hotel-unser-chef-peter-troesch2-20x20.jpg 20w\" sizes=\"(max-width: 300px) 100vw, 300px\" title=\"\">\t\t\t\t\t\t\t\t\t\t\t\t\t\t\t<\/div>\n\t\t\t\t<div class=\"elementor-element elementor-element-ab49e5d elementor-widget elementor-widget-spacer\" data-id=\"ab49e5d\" data-element_type=\"widget\" data-e-type=\"widget\" data-widget_type=\"spacer.default\">\n\t\t\t\t\t\t\t<div class=\"elementor-spacer\">\n\t\t\t<div class=\"elementor-spacer-inner\"><\/div>\n\t\t<\/div>\n\t\t\t\t\t\t<\/div>\n\t\t\t\t<div class=\"elementor-element elementor-element-ddd3bd8 elementor-widget elementor-widget-image\" data-id=\"ddd3bd8\" data-element_type=\"widget\" data-e-type=\"widget\" data-widget_type=\"image.default\">\n\t\t\t\t\t\t\t\t\t\t\t\t\t\t\t\t<a href=\"https:\/\/homburger-wirtshaus.de\" target=\"_blank\" rel=\"noopener\">\n\t\t\t\t\t\t\t<img decoding=\"async\" src=\"https:\/\/peters-jaegersburg.de\/wp-content\/uploads\/elementor\/thumbs\/logo-homburger-hof-odcbtjlce12b0999gcx9otabkfbdyqx1x5upbxgq8a.png\" title=\"logo-homburger-hof\" alt=\"Wirtshaus Homburger Hof - Logo\" loading=\"lazy\" \/>\t\t\t\t\t\t\t\t<\/a>\n\t\t\t\t\t\t\t\t\t\t\t\t\t\t\t<\/div>\n\t\t\t\t<div class=\"elementor-element elementor-element-3d1d00d elementor-widget elementor-widget-spacer\" data-id=\"3d1d00d\" data-element_type=\"widget\" data-e-type=\"widget\" data-widget_type=\"spacer.default\">\n\t\t\t\t\t\t\t<div class=\"elementor-spacer\">\n\t\t\t<div class=\"elementor-spacer-inner\"><\/div>\n\t\t<\/div>\n\t\t\t\t\t\t<\/div>\n\t\t\t\t<div class=\"elementor-element elementor-element-7ca5555 elementor-widget elementor-widget-image\" data-id=\"7ca5555\" data-element_type=\"widget\" data-e-type=\"widget\" data-widget_type=\"image.default\">\n\t\t\t\t\t\t\t\t\t\t\t\t\t\t\t\t<a href=\"https:\/\/cash-homburg.de\" target=\"_blank\" rel=\"noopener\">\n\t\t\t\t\t\t\t<img decoding=\"async\" src=\"https:\/\/peters-jaegersburg.de\/wp-content\/uploads\/elementor\/thumbs\/logo-cash-odcbtinikcns12jgmp6970fd6368yt6okixf36osjm.png\" title=\"logo-cash\" alt=\"Logo - Cash Homburg\" loading=\"lazy\" \/>\t\t\t\t\t\t\t\t<\/a>\n\t\t\t\t\t\t\t\t\t\t\t\t\t\t\t<\/div>\n\t\t\t\t<div class=\"elementor-element elementor-element-71db3dd elementor-widget elementor-widget-spacer\" data-id=\"71db3dd\" data-element_type=\"widget\" data-e-type=\"widget\" data-widget_type=\"spacer.default\">\n\t\t\t\t\t\t\t<div class=\"elementor-spacer\">\n\t\t\t<div class=\"elementor-spacer-inner\"><\/div>\n\t\t<\/div>\n\t\t\t\t\t\t<\/div>\n\t\t\t\t<div class=\"elementor-element elementor-element-b722125 elementor-widget elementor-widget-image\" data-id=\"b722125\" data-element_type=\"widget\" data-e-type=\"widget\" data-widget_type=\"image.default\">\n\t\t\t\t\t\t\t\t\t\t\t\t\t\t\t\t<a href=\"http:\/\/biergarten-jaegersburg.de\" target=\"_blank\" rel=\"noopener\">\n\t\t\t\t\t\t\t<img decoding=\"async\" src=\"https:\/\/peters-jaegersburg.de\/wp-content\/uploads\/elementor\/thumbs\/logo-peters-biergarten-odcbtgrttiyg1fdcwtpdzbzxs9pabnluwrw8w3kwx2.png\" title=\"logo-peters-biergarten\" alt=\"Logo - PETERS Biergarten\" loading=\"lazy\" \/>\t\t\t\t\t\t\t\t<\/a>\n\t\t\t\t\t\t\t\t\t\t\t\t\t\t\t<\/div>\n\t\t\t\t<div class=\"elementor-element elementor-element-9f9f79d elementor-widget elementor-widget-spacer\" data-id=\"9f9f79d\" data-element_type=\"widget\" data-e-type=\"widget\" data-widget_type=\"spacer.default\">\n\t\t\t\t\t\t\t<div class=\"elementor-spacer\">\n\t\t\t<div class=\"elementor-spacer-inner\"><\/div>\n\t\t<\/div>\n\t\t\t\t\t\t<\/div>\n\t\t\t\t<div class=\"elementor-element elementor-element-02d1181 elementor-widget elementor-widget-image\" data-id=\"02d1181\" data-element_type=\"widget\" data-e-type=\"widget\" data-widget_type=\"image.default\">\n\t\t\t\t\t\t\t\t\t\t\t\t\t\t\t\t<a href=\"#\">\n\t\t\t\t\t\t\t<img decoding=\"async\" src=\"https:\/\/peters-jaegersburg.de\/wp-content\/uploads\/elementor\/thumbs\/peters-jaegersburg-logo-grau-of95aj1v6ftcwlfzfutk8ktig9bb7g94lbaczauwe4.png\" title=\"peters-jaegersburg-logo-grau\" alt=\"PETERS J\u00e4gersburg - Homburg Logo\" loading=\"lazy\" \/>\t\t\t\t\t\t\t\t<\/a>\n\t\t\t\t\t\t\t\t\t\t\t\t\t\t\t<\/div>\n\t\t\t\t\t<\/div>\n\t\t<\/div>\n\t\t\t\t<div class=\"elementor-column elementor-col-50 elementor-top-column elementor-element elementor-element-e79233c\" data-id=\"e79233c\" data-element_type=\"column\" data-e-type=\"column\" data-settings=\"{&quot;background_background&quot;:&quot;classic&quot;}\">\n\t\t\t<div class=\"elementor-widget-wrap elementor-element-populated\">\n\t\t\t\t\t\t<div class=\"elementor-element elementor-element-acb3b67 elementor-widget elementor-widget-heading\" data-id=\"acb3b67\" data-element_type=\"widget\" data-e-type=\"widget\" data-widget_type=\"heading.default\">\n\t\t\t\t\t<h2 class=\"elementor-heading-title elementor-size-default\">OUR BUSINESSES<\/h2>\t\t\t\t<\/div>\n\t\t\t\t<div class=\"elementor-element elementor-element-31212d3 elementor-widget elementor-widget-text-editor\" data-id=\"31212d3\" data-element_type=\"widget\" data-e-type=\"widget\" data-widget_type=\"text-editor.default\">\n\t\t\t\t\t\t\t\t\t<p>Dear customers,<\/p>\n<p>Firmenevent, Hochzeit, Jubil\u00e4um oder ein anderer Anlass? Bei uns sind Sie genau richtig! Genie\u00dfen Sie kulinarische Vielfalt in unseren Locations in ganz unterschiedlichem Ambiente. Unsere K\u00fcchenteams verw\u00f6hnen Sie mit einer Vielfalt von Schmankerln &amp; Spezialit\u00e4ten bis hin zu vitaler Kost und traumhaften Dinner- Men\u00fcs &amp; Buffets.<br>Bei uns finden Menschen und Erlebnisse zueinander. Wir m\u00f6chten Ihre Feier zu einem unvergesslichen Erlebnis machen. W\u00e4hrend Sie feiern, k\u00fcmmern sich viele flei\u00dfige H\u00e4nde darum, dass alles Ihren Vorstellungen entspricht und Ihre Feier ein voller Erfolg wird.<br>Ihre Zufriedenheit ist unser Ansporn. Wir betreiben seit \u00fcber 30 Jahren erfolgreich Gastronomie im Saar-Pfalz-Kreis und entwickeln uns stetig weiter, um Ihren Qualit\u00e4tsanspr\u00fcchen und unseren eigenen gerecht zu werden. Gastronomie lieben, genie\u00dfen und neu erleben!<\/p>\n<p>Your Peter Tr\u00f6sch &amp; Team<span style=\"font-size: 11.5pt; font-family: Frutiger, serif;\">&nbsp;<\/span><\/p>\n<p style=\"margin-bottom: 15pt; line-height: normal; background-image: initial; background-position: initial; background-size: initial; background-repeat: initial; background-attachment: initial; background-origin: initial; background-clip: initial;\"><span style=\"font-size: 11.5pt; font-family: Frutiger, serif;\">&nbsp;<\/span><\/p>\n<p>Our restaurant styles are broadly diversified. We offer mostly continuously warm meals. The guest volume of 80-200 seats are suitable for events and celebrations of all sorts, ask for us and experience gastronomy up close.<\/p>\n<p><strong>Here is a short restaurant description:<\/strong><\/p>\n<p class=\"translation-block\">Our <a href=\"https:\/\/homburger-wirtshaus.de\/\" target=\"_self\" rel=\"noopener\">Homburger Hof<\/a>, right by the pedestrian zone towards the historical city center with the typical tavern and brewery style and the matching meals. The very elaborately constructed adjoining room partly features over 100 year old wood craftsmanship.<\/p>\n<p class=\"translation-block\"><a href=\"https:\/\/cash-homburg.de\/\" target=\"_self\">Cash<\/a>, our \u201cIN-location\u201d in the center of Homburg since 2012. This trendy meeting place is open daily from \u201cAcht bis Nacht! (\u201cEight til Night!\u201d). Here, we offer our very popular breakfast buffet and Sunday Brunch, or in the afternoon a coffee specialty on the most beautiful terrace in Homburg and cool lounge atmosphere in the evening. Perfect for a delicious cocktail.<\/p>\n<p class=\"translation-block\"><a href=\"https:\/\/biergarten-jaegersburg.de\/\" target=\"_self\" rel=\"noopener\">PETERS Biergarten<\/a> liegt idyllisch am J\u00e4gersburger Br\u00fcckweiher mit traumhaftem Blick \u00fcber die ganze Weiheranlage und somit ein ideales Ausflugslokal f\u00fcr die ganze Familie. Er geh\u00f6rt zu den sch\u00f6nsten Bierg\u00e4rten der Region und bietet typische bayerische Spezialit\u00e4ten.<\/p>\n<p class=\"translation-block\">Our 4-star wellness hotel, <a href=\"#\" target=\"_self\">PETERS Hotel &amp; Spa<\/a> lies in midst of the local recreation area in J\u00e4gersburg.\nEnter our wellness oasis and re-energize for everyday life with our pleasant massages. Enjoy the spectacular panorama on our roof top terrace with heated outdoor pool (30\u00b0C).\nWe will pamper you with our feel-good ambience and the Saarland-typical hospitality in our restaurant with lakeside terrace.<\/p>\t\t\t\t\t\t\t\t<\/div>\n\t\t\t\t\t<\/div>\n\t\t<\/div>\n\t\t\t\t\t<\/div>\n\t\t<\/section>\n\t\t\t\t<section class=\"elementor-section elementor-top-section elementor-element elementor-element-5c7d546 elementor-section-boxed elementor-section-height-default elementor-section-height-default\" data-id=\"5c7d546\" data-element_type=\"section\" data-e-type=\"section\">\n\t\t\t\t\t\t<div class=\"elementor-container elementor-column-gap-default\">\n\t\t\t\t\t<div class=\"elementor-column elementor-col-50 elementor-top-column elementor-element elementor-element-321db54\" data-id=\"321db54\" data-element_type=\"column\" data-e-type=\"column\">\n\t\t\t<div class=\"elementor-widget-wrap\">\n\t\t\t\t\t\t\t<\/div>\n\t\t<\/div>\n\t\t\t\t<div class=\"elementor-column elementor-col-50 elementor-top-column elementor-element elementor-element-3c84154\" data-id=\"3c84154\" data-element_type=\"column\" data-e-type=\"column\">\n\t\t\t<div class=\"elementor-widget-wrap elementor-element-populated\">\n\t\t\t\t\t\t<div class=\"elementor-element elementor-element-e7ccdc5 elementor-widget elementor-widget-image\" data-id=\"e7ccdc5\" data-element_type=\"widget\" data-e-type=\"widget\" data-widget_type=\"image.default\">\n\t\t\t\t\t\t\t\t\t\t\t\t\t\t\t<img decoding=\"async\" src=\"https:\/\/peters-jaegersburg.de\/wp-content\/uploads\/elementor\/thumbs\/peters-tannen-odccqb8tuyp0wah76v0rp0m5qhkgor8q1noeqmtx7q.png\" title=\"peters-tannen\" alt=\"PETERS - Tannen\" loading=\"lazy\" \/>\t\t\t\t\t\t\t\t\t\t\t\t\t\t\t<\/div>\n\t\t\t\t\t<\/div>\n\t\t<\/div>\n\t\t\t\t\t<\/div>\n\t\t<\/section>\n\t\t\t\t<\/div>","protected":false},"excerpt":{"rendered":"<p>\u00dcber uns Die Gastro Tr\u00f6sch Gruppe Unsere Unternehmen Liebe Kundinnen und Kunden, Firmenevent, Hochzeit, Jubil\u00e4um oder ein anderer Anlass? Bei uns sind Sie genau richtig! Genie\u00dfen Sie kulinarische Vielfalt in unseren Locations in ganz unterschiedlichem Ambiente. Unsere K\u00fcchenteams verw\u00f6hnen Sie mit einer Vielfalt von Schmankerln &amp; Spezialit\u00e4ten bis hin zu vitaler Kost und traumhaften Dinner- [&hellip;]<\/p>\n","protected":false},"author":1,"featured_media":0,"parent":0,"menu_order":0,"comment_status":"closed","ping_status":"closed","template":"","meta":{"footnotes":""},"class_list":["post-2993","page","type-page","status-publish","hentry"],"_links":{"self":[{"href":"https:\/\/peters-jaegersburg.de\/en\/wp-json\/wp\/v2\/pages\/2993","targetHints":{"allow":["GET"]}}],"collection":[{"href":"https:\/\/peters-jaegersburg.de\/en\/wp-json\/wp\/v2\/pages"}],"about":[{"href":"https:\/\/peters-jaegersburg.de\/en\/wp-json\/wp\/v2\/types\/page"}],"author":[{"embeddable":true,"href":"https:\/\/peters-jaegersburg.de\/en\/wp-json\/wp\/v2\/users\/1"}],"replies":[{"embeddable":true,"href":"https:\/\/peters-jaegersburg.de\/en\/wp-json\/wp\/v2\/comments?post=2993"}],"version-history":[{"count":23,"href":"https:\/\/peters-jaegersburg.de\/en\/wp-json\/wp\/v2\/pages\/2993\/revisions"}],"predecessor-version":[{"id":5578,"href":"https:\/\/peters-jaegersburg.de\/en\/wp-json\/wp\/v2\/pages\/2993\/revisions\/5578"}],"wp:attachment":[{"href":"https:\/\/peters-jaegersburg.de\/en\/wp-json\/wp\/v2\/media?parent=2993"}],"curies":[{"name":"wp","href":"https:\/\/api.w.org\/{rel}","templated":true}]}}