{"id":2130,"date":"2019-05-09T13:50:37","date_gmt":"2019-05-09T11:50:37","guid":{"rendered":"https:\/\/peters-jaegersburg.de\/?page_id=2130"},"modified":"2023-07-11T19:16:13","modified_gmt":"2023-07-11T17:16:13","slug":"anreise-zum-peters-wellness-spa-hotel","status":"publish","type":"page","link":"https:\/\/peters-jaegersburg.de\/en\/anreise-zum-peters-wellness-spa-hotel\/","title":{"rendered":"Anreise zum PETERS Wellness &#038; Spa Hotel"},"content":{"rendered":"<div data-elementor-type=\"wp-post\" data-elementor-id=\"2130\" class=\"elementor elementor-2130\" data-elementor-post-type=\"page\">\n\t\t\t\t\t\t<section class=\"elementor-section elementor-top-section elementor-element elementor-element-16342b5 elementor-section-content-middle elementor-section-stretched elementor-section-full_width elementor-section-height-default elementor-section-height-default\" data-id=\"16342b5\" data-element_type=\"section\" data-e-type=\"section\" data-settings=\"{&quot;stretch_section&quot;:&quot;section-stretched&quot;}\">\n\t\t\t\t\t\t<div class=\"elementor-container elementor-column-gap-no\">\n\t\t\t\t\t<div class=\"elementor-column elementor-col-100 elementor-top-column elementor-element elementor-element-b23badb\" data-id=\"b23badb\" data-element_type=\"column\" data-e-type=\"column\">\n\t\t\t<div class=\"elementor-widget-wrap elementor-element-populated\">\n\t\t\t\t\t\t<div class=\"elementor-element elementor-element-8825a74 elementor-widget elementor-widget-image\" data-id=\"8825a74\" data-element_type=\"widget\" data-e-type=\"widget\" data-widget_type=\"image.default\">\n\t\t\t\t\t\t\t\t\t\t\t\t\t\t\t<img fetchpriority=\"high\" decoding=\"async\" width=\"1140\" height=\"500\" src=\"https:\/\/peters-jaegersburg.de\/wp-content\/uploads\/2019\/05\/peters-hotel-spa-aussenansicht.jpg\" class=\"attachment-full size-full wp-image-2135\" alt=\"Peters Wellness &amp; Spa - Aussenansicht Parkm\u00f6glichkeiten\" srcset=\"https:\/\/peters-jaegersburg.de\/wp-content\/uploads\/2019\/05\/peters-hotel-spa-aussenansicht.jpg 1140w, https:\/\/peters-jaegersburg.de\/wp-content\/uploads\/2019\/05\/peters-hotel-spa-aussenansicht-768x336.jpg 768w\" sizes=\"(max-width: 1140px) 100vw, 1140px\" title=\"\">\t\t\t\t\t\t\t\t\t\t\t\t\t\t\t<\/div>\n\t\t\t\t\t<\/div>\n\t\t<\/div>\n\t\t\t\t\t<\/div>\n\t\t<\/section>\n\t\t\t\t<section class=\"elementor-section elementor-top-section elementor-element elementor-element-5553bb18 elementor-section-height-min-height elementor-section-boxed elementor-section-height-default elementor-section-items-middle\" data-id=\"5553bb18\" data-element_type=\"section\" data-e-type=\"section\" data-settings=\"{&quot;background_background&quot;:&quot;classic&quot;}\">\n\t\t\t\t\t\t<div class=\"elementor-container elementor-column-gap-default\">\n\t\t\t\t\t<div class=\"elementor-column elementor-col-50 elementor-top-column elementor-element elementor-element-ca3e5a5\" data-id=\"ca3e5a5\" data-element_type=\"column\" data-e-type=\"column\" data-settings=\"{&quot;background_background&quot;:&quot;classic&quot;}\">\n\t\t\t<div class=\"elementor-widget-wrap elementor-element-populated\">\n\t\t\t\t\t\t<div class=\"elementor-element elementor-element-0e6d52b elementor-widget elementor-widget-heading\" data-id=\"0e6d52b\" data-element_type=\"widget\" data-e-type=\"widget\" data-widget_type=\"heading.default\">\n\t\t\t\t\t<h1 class=\"elementor-heading-title elementor-size-default\">Contact &amp; Arrival<\/h1>\t\t\t\t<\/div>\n\t\t\t\t<div class=\"elementor-element elementor-element-ec1e29c elementor-widget-divider--view-line elementor-widget elementor-widget-divider\" data-id=\"ec1e29c\" data-element_type=\"widget\" data-e-type=\"widget\" data-widget_type=\"divider.default\">\n\t\t\t\t\t\t\t<div class=\"elementor-divider\">\n\t\t\t<span class=\"elementor-divider-separator\">\n\t\t\t\t\t\t<\/span>\n\t\t<\/div>\n\t\t\t\t\t\t<\/div>\n\t\t\t\t<div class=\"elementor-element elementor-element-60b7281 elementor-widget elementor-widget-heading\" data-id=\"60b7281\" data-element_type=\"widget\" data-e-type=\"widget\" data-widget_type=\"heading.default\">\n\t\t\t\t\t<h2 class=\"elementor-heading-title elementor-size-default\">Your path to some time off<\/h2>\t\t\t\t<\/div>\n\t\t\t\t<div class=\"elementor-element elementor-element-7744004 elementor-widget elementor-widget-text-editor\" data-id=\"7744004\" data-element_type=\"widget\" data-e-type=\"widget\" data-widget_type=\"text-editor.default\">\n\t\t\t\t\t\t\t\t\t<p>Our contact address:<\/p><p>PETERS Hotel &amp; SPA<br \/><span style=\"letter-spacing: 0px;\">Kleinottweilerstr. 112<br \/><\/span>66424 Homburg-J\u00e4gersburg<\/p><p>Germany<\/p>\t\t\t\t\t\t\t\t<\/div>\n\t\t\t\t\t<\/div>\n\t\t<\/div>\n\t\t\t\t<div class=\"elementor-column elementor-col-50 elementor-top-column elementor-element elementor-element-57792684\" data-id=\"57792684\" data-element_type=\"column\" data-e-type=\"column\" data-settings=\"{&quot;background_background&quot;:&quot;classic&quot;}\">\n\t\t\t<div class=\"elementor-widget-wrap elementor-element-populated\">\n\t\t\t\t\t\t<section class=\"elementor-section elementor-inner-section elementor-element elementor-element-ad7dc11 elementor-section-boxed elementor-section-height-default elementor-section-height-default\" data-id=\"ad7dc11\" data-element_type=\"section\" data-e-type=\"section\">\n\t\t\t\t\t\t<div class=\"elementor-container elementor-column-gap-default\">\n\t\t\t\t\t<div class=\"elementor-column elementor-col-100 elementor-inner-column elementor-element elementor-element-31fbc96\" data-id=\"31fbc96\" data-element_type=\"column\" data-e-type=\"column\">\n\t\t\t<div class=\"elementor-widget-wrap elementor-element-populated\">\n\t\t\t\t\t\t<div class=\"elementor-element elementor-element-95c3535 elementor-widget elementor-widget-text-editor\" data-id=\"95c3535\" data-element_type=\"widget\" data-e-type=\"widget\" data-widget_type=\"text-editor.default\">\n\t\t\t\t\t\t\t\t\t<p>No matter which way of traveling you choose, the PETERS Spa &amp; Wellness Hotel in Homburg-J\u00e4gersburg is easy and quick to reach.<\/p><p><strong>Here is how simple it is to get to the beautiful Saarland.<\/strong><\/p>\t\t\t\t\t\t\t\t<\/div>\n\t\t\t\t\t<\/div>\n\t\t<\/div>\n\t\t\t\t\t<\/div>\n\t\t<\/section>\n\t\t\t\t\t<\/div>\n\t\t<\/div>\n\t\t\t\t\t<\/div>\n\t\t<\/section>\n\t\t\t\t<section class=\"elementor-section elementor-top-section elementor-element elementor-element-9df241d elementor-section-boxed elementor-section-height-default elementor-section-height-default\" data-id=\"9df241d\" data-element_type=\"section\" data-e-type=\"section\">\n\t\t\t\t\t\t<div class=\"elementor-container elementor-column-gap-default\">\n\t\t\t\t\t<div class=\"elementor-column elementor-col-33 elementor-top-column elementor-element elementor-element-1e5cbcd\" data-id=\"1e5cbcd\" data-element_type=\"column\" data-e-type=\"column\">\n\t\t\t<div class=\"elementor-widget-wrap elementor-element-populated\">\n\t\t\t\t\t\t<div class=\"elementor-element elementor-element-327fae4 elementor-widget elementor-widget-spacer\" data-id=\"327fae4\" data-element_type=\"widget\" data-e-type=\"widget\" data-widget_type=\"spacer.default\">\n\t\t\t\t\t\t\t<div class=\"elementor-spacer\">\n\t\t\t<div class=\"elementor-spacer-inner\"><\/div>\n\t\t<\/div>\n\t\t\t\t\t\t<\/div>\n\t\t\t\t<div class=\"elementor-element elementor-element-33535ec elementor-view-default elementor-widget elementor-widget-icon\" data-id=\"33535ec\" data-element_type=\"widget\" data-e-type=\"widget\" data-widget_type=\"icon.default\">\n\t\t\t\t\t\t\t<div class=\"elementor-icon-wrapper\">\n\t\t\t<div class=\"elementor-icon\">\n\t\t\t<svg aria-hidden=\"true\" class=\"e-font-icon-svg e-fas-plug\" viewbox=\"0 0 384 512\" xmlns=\"http:\/\/www.w3.org\/2000\/svg\"><path d=\"M320,32a32,32,0,0,0-64,0v96h64Zm48,128H16A16,16,0,0,0,0,176v32a16,16,0,0,0,16,16H32v32A160.07,160.07,0,0,0,160,412.8V512h64V412.8A160.07,160.07,0,0,0,352,256V224h16a16,16,0,0,0,16-16V176A16,16,0,0,0,368,160ZM128,32a32,32,0,0,0-64,0v96h64Z\"><\/path><\/svg>\t\t\t<\/div>\n\t\t<\/div>\n\t\t\t\t\t\t<\/div>\n\t\t\t\t\t<\/div>\n\t\t<\/div>\n\t\t\t\t<div class=\"elementor-column elementor-col-33 elementor-top-column elementor-element elementor-element-0fbbdd8\" data-id=\"0fbbdd8\" data-element_type=\"column\" data-e-type=\"column\">\n\t\t\t<div class=\"elementor-widget-wrap elementor-element-populated\">\n\t\t\t\t\t\t<div class=\"elementor-element elementor-element-2cddb32 elementor-widget elementor-widget-spacer\" data-id=\"2cddb32\" data-element_type=\"widget\" data-e-type=\"widget\" data-widget_type=\"spacer.default\">\n\t\t\t\t\t\t\t<div class=\"elementor-spacer\">\n\t\t\t<div class=\"elementor-spacer-inner\"><\/div>\n\t\t<\/div>\n\t\t\t\t\t\t<\/div>\n\t\t\t\t<div class=\"elementor-element elementor-element-6dc99a8 elementor-widget elementor-widget-text-editor\" data-id=\"6dc99a8\" data-element_type=\"widget\" data-e-type=\"widget\" data-widget_type=\"text-editor.default\">\n\t\t\t\t\t\t\t\t\t<p style=\"text-align: center;\"><span style=\"font-weight: bold; font-size: 17px;\">Direkt an unserem Hotel befindet sich eine Ladestation f\u00fcr E-Autos,\u00a0<br \/><\/span><span style=\"font-size: 17px; font-weight: bold; letter-spacing: 0px;\">sowie eine Ladestation f\u00fcr E-Bikes.<\/span><\/p>\t\t\t\t\t\t\t\t<\/div>\n\t\t\t\t\t<\/div>\n\t\t<\/div>\n\t\t\t\t<div class=\"elementor-column elementor-col-33 elementor-top-column elementor-element elementor-element-783478d\" data-id=\"783478d\" data-element_type=\"column\" data-e-type=\"column\">\n\t\t\t<div class=\"elementor-widget-wrap elementor-element-populated\">\n\t\t\t\t\t\t<div class=\"elementor-element elementor-element-56fa2ac elementor-widget elementor-widget-image\" data-id=\"56fa2ac\" data-element_type=\"widget\" data-e-type=\"widget\" data-widget_type=\"image.default\">\n\t\t\t\t\t\t\t\t\t\t\t\t\t\t\t<img decoding=\"async\" width=\"800\" height=\"800\" src=\"https:\/\/peters-jaegersburg.de\/wp-content\/uploads\/2019\/12\/peters_ladestation-1024x1024.jpg\" class=\"attachment-large size-large wp-image-3396\" alt=\"PETERS Ladestation\" srcset=\"https:\/\/peters-jaegersburg.de\/wp-content\/uploads\/2019\/12\/peters_ladestation-1024x1024.jpg 1024w, https:\/\/peters-jaegersburg.de\/wp-content\/uploads\/2019\/12\/peters_ladestation-300x300.jpg 300w, https:\/\/peters-jaegersburg.de\/wp-content\/uploads\/2019\/12\/peters_ladestation-150x150.jpg 150w, https:\/\/peters-jaegersburg.de\/wp-content\/uploads\/2019\/12\/peters_ladestation-1536x1536.jpg 1536w, https:\/\/peters-jaegersburg.de\/wp-content\/uploads\/2019\/12\/peters_ladestation-2048x2048.jpg 2048w, https:\/\/peters-jaegersburg.de\/wp-content\/uploads\/2019\/12\/peters_ladestation-20x20.jpg 20w\" sizes=\"(max-width: 800px) 100vw, 800px\" title=\"\">\t\t\t\t\t\t\t\t\t\t\t\t\t\t\t<\/div>\n\t\t\t\t\t<\/div>\n\t\t<\/div>\n\t\t\t\t\t<\/div>\n\t\t<\/section>\n\t\t\t\t<section class=\"elementor-section elementor-top-section elementor-element elementor-element-2b57766 elementor-section-boxed elementor-section-height-default elementor-section-height-default\" data-id=\"2b57766\" data-element_type=\"section\" data-e-type=\"section\">\n\t\t\t\t\t\t<div class=\"elementor-container elementor-column-gap-default\">\n\t\t\t\t\t<div class=\"elementor-column elementor-col-100 elementor-top-column elementor-element elementor-element-edbafa3\" data-id=\"edbafa3\" data-element_type=\"column\" data-e-type=\"column\">\n\t\t\t<div class=\"elementor-widget-wrap elementor-element-populated\">\n\t\t\t\t\t\t<div class=\"elementor-element elementor-element-5d9fb5a elementor-widget elementor-widget-heading\" data-id=\"5d9fb5a\" data-element_type=\"widget\" data-e-type=\"widget\" data-widget_type=\"heading.default\">\n\t\t\t\t\t<h2 class=\"elementor-heading-title elementor-size-default\">TRAVELING BY CAR<\/h2>\t\t\t\t<\/div>\n\t\t\t\t<div class=\"elementor-element elementor-element-1582a36 elementor-widget elementor-widget-text-editor\" data-id=\"1582a36\" data-element_type=\"widget\" data-e-type=\"widget\" data-widget_type=\"text-editor.default\">\n\t\t\t\t\t\t\t\t\t<p>If you are traveling by car, you will reach our area quickly and easily. Coming via the Autobahn A6, take the exit 9 Homburg onto the Bundesstrasse B423 direction Bexbach. After about one kilometer, turn right towards J\u00e4gersburg and follow the B423. You will reach PETERS Spa &amp; Wellness Hotel after about 3.5 kilometers.<\/p>\t\t\t\t\t\t\t\t<\/div>\n\t\t\t\t<div class=\"elementor-element elementor-element-1d73c84 elementor-widget elementor-widget-google_maps\" data-id=\"1d73c84\" data-element_type=\"widget\" data-e-type=\"widget\" data-widget_type=\"google_maps.default\">\n\t\t\t\t\t\t\t<div class=\"elementor-custom-embed\">\n\t\t\t<iframe loading=\"lazy\"\n\t\t\t\t\tsrc=\"https:\/\/maps.google.com\/maps?q=PETERS%20Hotel%20%26%20Spa%2C%20Kleinottweilerstr.%20112%2066424%20Homburg-J%C3%A4gersburg%2C%20Deutschland&#038;t=m&#038;z=15&#038;output=embed&#038;iwloc=near\"\n\t\t\t\t\ttitle=\"PETERS Hotel &amp; Spa, Kleinottweilerstr. 112 66424 Homburg-J\u00e4gersburg, Deutschland\"\n\t\t\t\t\taria-label=\"PETERS Hotel &amp; Spa, Kleinottweilerstr. 112 66424 Homburg-J\u00e4gersburg, Deutschland\"\n\t\t\t><\/iframe>\n\t\t<\/div>\n\t\t\t\t\t\t<\/div>\n\t\t\t\t\t<\/div>\n\t\t<\/div>\n\t\t\t\t\t<\/div>\n\t\t<\/section>\n\t\t\t\t<section class=\"elementor-section elementor-top-section elementor-element elementor-element-51885b9 elementor-section-boxed elementor-section-height-default elementor-section-height-default\" data-id=\"51885b9\" data-element_type=\"section\" data-e-type=\"section\">\n\t\t\t\t\t\t<div class=\"elementor-container elementor-column-gap-default\">\n\t\t\t\t\t<div class=\"elementor-column elementor-col-100 elementor-top-column elementor-element elementor-element-16140a4\" data-id=\"16140a4\" data-element_type=\"column\" data-e-type=\"column\">\n\t\t\t<div class=\"elementor-widget-wrap elementor-element-populated\">\n\t\t\t\t\t\t<div class=\"elementor-element elementor-element-14d4161 elementor-widget elementor-widget-heading\" data-id=\"14d4161\" data-element_type=\"widget\" data-e-type=\"widget\" data-widget_type=\"heading.default\">\n\t\t\t\t\t<h2 class=\"elementor-heading-title elementor-size-default\">Traveling by Train<\/h2>\t\t\t\t<\/div>\n\t\t\t\t\t<\/div>\n\t\t<\/div>\n\t\t\t\t\t<\/div>\n\t\t<\/section>\n\t\t<div class=\"elementor-element elementor-element-61e0964 e-flex e-con-boxed e-con e-parent\" data-id=\"61e0964\" data-element_type=\"container\" data-e-type=\"container\">\n\t\t\t\t\t<div class=\"e-con-inner\">\n\t\t<div class=\"elementor-element elementor-element-8f045e2 e-con-full e-flex e-con e-child\" data-id=\"8f045e2\" data-element_type=\"container\" data-e-type=\"container\">\n\t\t\t\t<div class=\"elementor-element elementor-element-c9246ac elementor-widget elementor-widget-text-editor\" data-id=\"c9246ac\" data-element_type=\"widget\" data-e-type=\"widget\" data-widget_type=\"text-editor.default\">\n\t\t\t\t\t\t\t\t\t<p>Entspannt und umweltfreundlich unterwegs in Ihren Urlaub. Mit dem Bus oder Zug fahren Sie bis zum Bahnhof Homburg\/Saar.<\/p><p>Als nachhaltiges und umweltbewusstes Hotel bef\u00fcrworten wir das Reisen mit der Deutschen Bahn. Unser Ziel ist es, unsere G\u00e4ste bei der Planung ihrer Bahnreise zu unterst\u00fctzen.<\/p><p>Mit der Trainline-App haben Sie den idealen Reiseplaner und -begleiter.<\/p>\t\t\t\t\t\t\t\t<\/div>\n\t\t<div class=\"elementor-element elementor-element-090cf58 e-flex e-con-boxed e-con e-child\" data-id=\"090cf58\" data-element_type=\"container\" data-e-type=\"container\">\n\t\t\t\t\t<div class=\"e-con-inner\">\n\t\t\t\t<div class=\"elementor-element elementor-element-3298277 elementor-widget elementor-widget-image\" data-id=\"3298277\" data-element_type=\"widget\" data-e-type=\"widget\" data-widget_type=\"image.default\">\n\t\t\t\t\t\t\t\t\t\t\t\t\t\t\t\t<a href=\"https:\/\/www.thetrainline.com\/de\" target=\"_blank\" rel=\"noopener\">\n\t\t\t\t\t\t\t<img decoding=\"async\" width=\"100\" height=\"100\" src=\"https:\/\/peters-jaegersburg.de\/wp-content\/uploads\/2023\/05\/trainline-mint.svg\" class=\"attachment-large size-large wp-image-7748\" alt=\"Trainline - Logo\" title=\"\">\t\t\t\t\t\t\t\t<\/a>\n\t\t\t\t\t\t\t\t\t\t\t\t\t\t\t<\/div>\n\t\t\t\t\t<\/div>\n\t\t\t\t<\/div>\n\t\t<div class=\"elementor-element elementor-element-27d53f1 e-flex e-con-boxed e-con e-child\" data-id=\"27d53f1\" data-element_type=\"container\" data-e-type=\"container\">\n\t\t\t\t\t<div class=\"e-con-inner\">\n\t\t\t\t<div class=\"elementor-element elementor-element-6c7cf61 elementor-widget__width-initial elementor-widget elementor-widget-image\" data-id=\"6c7cf61\" data-element_type=\"widget\" data-e-type=\"widget\" data-widget_type=\"image.default\">\n\t\t\t\t\t\t\t\t\t\t\t\t\t\t\t\t<a href=\"https:\/\/2n8w.app.link\/?~channel=network&#038;~feature=HomePageDesktop&#038;~campaign=StoreIcons&#038;~tags=locale%3Dde_DE&#038;~tags=version%3D1&#038;~tags=target%3Dios&#038;~tags=marketing_code%3DBSH3670&#038;$ios_url=https%3A%2F%2Fitunes.apple.com%2FDE%2Fapp%2Fthetrainline%2Fid334235181&#038;$ios_deepview=false&#038;$ios_passive_deepview=false&#038;$fallback_url=https%3A%2F%2Fitunes.apple.com%2FDE%2Fapp%2Fthetrainline%2Fid334235181&#038;$deeplink_path=com.thetrainline\" target=\"_blank\" rel=\"noopener\">\n\t\t\t\t\t\t\t<img loading=\"lazy\" decoding=\"async\" width=\"800\" height=\"800\" src=\"https:\/\/peters-jaegersburg.de\/wp-content\/uploads\/2020\/01\/appstore_de-1024x1024.webp\" class=\"attachment-large size-large wp-image-7202\" alt=\"Apple - App Store Logo\" srcset=\"https:\/\/peters-jaegersburg.de\/wp-content\/uploads\/2020\/01\/appstore_de-1024x1024.webp 1024w, https:\/\/peters-jaegersburg.de\/wp-content\/uploads\/2020\/01\/appstore_de-300x300.webp 300w, https:\/\/peters-jaegersburg.de\/wp-content\/uploads\/2020\/01\/appstore_de-150x150.webp 150w, https:\/\/peters-jaegersburg.de\/wp-content\/uploads\/2020\/01\/appstore_de-1536x1536.webp 1536w, https:\/\/peters-jaegersburg.de\/wp-content\/uploads\/2020\/01\/appstore_de-2048x2048.webp 2048w, https:\/\/peters-jaegersburg.de\/wp-content\/uploads\/2020\/01\/appstore_de-20x20.webp 20w\" sizes=\"(max-width: 800px) 100vw, 800px\" title=\"\">\t\t\t\t\t\t\t\t<\/a>\n\t\t\t\t\t\t\t\t\t\t\t\t\t\t\t<\/div>\n\t\t\t\t<div class=\"elementor-element elementor-element-319581b elementor-widget__width-initial elementor-widget elementor-widget-image\" data-id=\"319581b\" data-element_type=\"widget\" data-e-type=\"widget\" data-widget_type=\"image.default\">\n\t\t\t\t\t\t\t\t\t\t\t\t\t\t\t\t<a href=\"https:\/\/2n8w.app.link\/?~channel=network&#038;~feature=HomePageDesktop&#038;~campaign=StoreIcons&#038;~tags=locale%3Dde_DE&#038;~tags=version%3D1&#038;~tags=target%3Dandroidos&#038;~tags=marketing_code%3DBSH3670&#038;$android_url=https%3A%2F%2Fplay.google.com%2Fstore%2Fapps%2Fdetails%3Fid%3Dcom.thetrainline%26hl%3Dde-DE&#038;$android_deepview=false&#038;$android_passive_deepview=false&#038;$fallback_url=https%3A%2F%2Fplay.google.com%2Fstore%2Fapps%2Fdetails%3Fid%3Dcom.thetrainline%26hl%3Dde-DE&#038;$deeplink_path=com.thetrainline\" target=\"_blank\" rel=\"noopener\">\n\t\t\t\t\t\t\t<img loading=\"lazy\" decoding=\"async\" width=\"800\" height=\"800\" src=\"https:\/\/peters-jaegersburg.de\/wp-content\/uploads\/2020\/01\/playstore_de-1024x1024.webp\" class=\"attachment-large size-large wp-image-7201\" alt=\"Google - Playstore Logo\" srcset=\"https:\/\/peters-jaegersburg.de\/wp-content\/uploads\/2020\/01\/playstore_de-1024x1024.webp 1024w, https:\/\/peters-jaegersburg.de\/wp-content\/uploads\/2020\/01\/playstore_de-300x300.webp 300w, https:\/\/peters-jaegersburg.de\/wp-content\/uploads\/2020\/01\/playstore_de-150x150.webp 150w, https:\/\/peters-jaegersburg.de\/wp-content\/uploads\/2020\/01\/playstore_de-1536x1536.webp 1536w, https:\/\/peters-jaegersburg.de\/wp-content\/uploads\/2020\/01\/playstore_de-2048x2048.webp 2048w, https:\/\/peters-jaegersburg.de\/wp-content\/uploads\/2020\/01\/playstore_de-20x20.webp 20w\" sizes=\"(max-width: 800px) 100vw, 800px\" title=\"\">\t\t\t\t\t\t\t\t<\/a>\n\t\t\t\t\t\t\t\t\t\t\t\t\t\t\t<\/div>\n\t\t\t\t\t<\/div>\n\t\t\t\t<\/div>\n\t\t<div class=\"elementor-element elementor-element-a4aed3a e-con-full e-flex e-con e-child\" data-id=\"a4aed3a\" data-element_type=\"container\" data-e-type=\"container\">\n\t\t\t\t<div class=\"elementor-element elementor-element-470a8dc elementor-widget elementor-widget-text-editor\" data-id=\"470a8dc\" data-element_type=\"widget\" data-e-type=\"widget\" data-widget_type=\"text-editor.default\">\n\t\t\t\t\t\t\t\t\t<p>Es ist \u00e4u\u00dferst einfach, Fahrkarten von zahlreichen Anbietern zu vergleichen und zu buchen. Sie erhalten Live-Informationen \u00fcber die Fahrtzeiten, Erreichbarkeit und Einrichtungen. Dies gilt f\u00fcr Reisen in innerhalb Deutschlands sowie Europa.<\/p>\t\t\t\t\t\t\t\t<\/div>\n\t\t\t\t<\/div>\n\t\t\t\t<\/div>\n\t\t<div class=\"elementor-element elementor-element-db09115 e-con-full e-flex e-con e-child\" data-id=\"db09115\" data-element_type=\"container\" data-e-type=\"container\">\n\t\t\t\t<div class=\"elementor-element elementor-element-e8228d6 elementor-widget elementor-widget-image\" data-id=\"e8228d6\" data-element_type=\"widget\" data-e-type=\"widget\" data-widget_type=\"image.default\">\n\t\t\t\t\t\t\t\t\t\t\t\t\t\t\t<img loading=\"lazy\" decoding=\"async\" width=\"800\" height=\"800\" src=\"https:\/\/peters-jaegersburg.de\/wp-content\/uploads\/2023\/05\/reisen-mit-der-der-bahn-zum-peters-hotel-1024x1024.jpg\" class=\"attachment-large size-large wp-image-7757\" alt=\"Eine junge Frau mit langen Haaren tr\u00e4gt Kopfh\u00f6rer und l\u00e4chelt, w\u00e4hrend sie aus dem Fenster schaut und ein Smartphone mit einem roten Kabel in der Hand h\u00e4lt.\" srcset=\"https:\/\/peters-jaegersburg.de\/wp-content\/uploads\/2023\/05\/reisen-mit-der-der-bahn-zum-peters-hotel-1024x1024.jpg 1024w, https:\/\/peters-jaegersburg.de\/wp-content\/uploads\/2023\/05\/reisen-mit-der-der-bahn-zum-peters-hotel-300x300.jpg 300w, https:\/\/peters-jaegersburg.de\/wp-content\/uploads\/2023\/05\/reisen-mit-der-der-bahn-zum-peters-hotel-150x150.jpg 150w, https:\/\/peters-jaegersburg.de\/wp-content\/uploads\/2023\/05\/reisen-mit-der-der-bahn-zum-peters-hotel-1536x1536.jpg 1536w, https:\/\/peters-jaegersburg.de\/wp-content\/uploads\/2023\/05\/reisen-mit-der-der-bahn-zum-peters-hotel-2048x2048.jpg 2048w, https:\/\/peters-jaegersburg.de\/wp-content\/uploads\/2023\/05\/reisen-mit-der-der-bahn-zum-peters-hotel-20x20.jpg 20w\" sizes=\"(max-width: 800px) 100vw, 800px\" title=\"\">\t\t\t\t\t\t\t\t\t\t\t\t\t\t\t<\/div>\n\t\t\t\t<\/div>\n\t\t\t\t\t<\/div>\n\t\t\t\t<\/div>\n\t\t\t\t<section class=\"elementor-section elementor-top-section elementor-element elementor-element-ff87982 elementor-section-boxed elementor-section-height-default elementor-section-height-default\" data-id=\"ff87982\" data-element_type=\"section\" data-e-type=\"section\">\n\t\t\t\t\t\t<div class=\"elementor-container elementor-column-gap-default\">\n\t\t\t\t\t<div class=\"elementor-column elementor-col-100 elementor-top-column elementor-element elementor-element-683e39a\" data-id=\"683e39a\" data-element_type=\"column\" data-e-type=\"column\">\n\t\t\t<div class=\"elementor-widget-wrap elementor-element-populated\">\n\t\t\t\t\t\t<div class=\"elementor-element elementor-element-7b0efdb elementor-widget elementor-widget-heading\" data-id=\"7b0efdb\" data-element_type=\"widget\" data-e-type=\"widget\" data-widget_type=\"heading.default\">\n\t\t\t\t\t<h2 class=\"elementor-heading-title elementor-size-default\">Traveling by Plane<\/h2>\t\t\t\t<\/div>\n\t\t\t\t<div class=\"elementor-element elementor-element-d68a695 elementor-widget elementor-widget-text-editor\" data-id=\"d68a695\" data-element_type=\"widget\" data-e-type=\"widget\" data-widget_type=\"text-editor.default\">\n\t\t\t\t\t\t\t\t\t<p>The closest airport is Saarbr\u00fccken Airport, about 30 kilometers away.\u00a0<\/p><p><a href=\"https:\/\/www.flughafen-saarbruecken.de\" target=\"_blank\" rel=\"noopener\"><img loading=\"lazy\" decoding=\"async\" class=\"alignnone wp-image-2150 size-full\" src=\"https:\/\/peters-jaegersburg.de\/wp-content\/uploads\/2019\/05\/logo-flughafen-saarbruecken.png\" alt=\"Flughafen Saarbr\u00fccken - Logo\" width=\"226\" height=\"108\" title=\"\" srcset=\"https:\/\/peters-jaegersburg.de\/wp-content\/uploads\/2019\/05\/logo-flughafen-saarbruecken.png 226w, https:\/\/peters-jaegersburg.de\/wp-content\/uploads\/2019\/05\/logo-flughafen-saarbruecken-768x367.png 768w\" sizes=\"(max-width: 226px) 100vw, 226px\" \/><\/a><\/p><p>To the website: <a href=\"https:\/\/www.flughafen-saarbruecken.de\" target=\"_blank\" rel=\"noopener\">Airport Saarbr\u00fccken<\/a><\/p>\t\t\t\t\t\t\t\t<\/div>\n\t\t\t\t\t<\/div>\n\t\t<\/div>\n\t\t\t\t\t<\/div>\n\t\t<\/section>\n\t\t\t\t<\/div>","protected":false},"excerpt":{"rendered":"<p>Kontakt &amp; Anreise Ihr Weg in die Auszeit Unsere Kontaktadresse: PETERS Hotel &amp; SPAKleinottweilerstr. 11266424 Homburg-J\u00e4gersburg Deutschland Egal welche Anreisem\u00f6glichkeit Sie w\u00e4hlen, das PETERS Spa &amp; Wellness Hotel in Homburg-J\u00e4gersburg erreichen Sie innerhalb k\u00fcrzester Zeit. So einfach kommen Sie ins wundersch\u00f6ne Saarland. Direkt an unserem Hotel befindet sich eine Ladestation f\u00fcr E-Autos,\u00a0sowie eine Ladestation f\u00fcr [&hellip;]<\/p>\n","protected":false},"author":1,"featured_media":0,"parent":0,"menu_order":0,"comment_status":"closed","ping_status":"closed","template":"","meta":{"footnotes":""},"class_list":["post-2130","page","type-page","status-publish","hentry"],"_links":{"self":[{"href":"https:\/\/peters-jaegersburg.de\/en\/wp-json\/wp\/v2\/pages\/2130","targetHints":{"allow":["GET"]}}],"collection":[{"href":"https:\/\/peters-jaegersburg.de\/en\/wp-json\/wp\/v2\/pages"}],"about":[{"href":"https:\/\/peters-jaegersburg.de\/en\/wp-json\/wp\/v2\/types\/page"}],"author":[{"embeddable":true,"href":"https:\/\/peters-jaegersburg.de\/en\/wp-json\/wp\/v2\/users\/1"}],"replies":[{"embeddable":true,"href":"https:\/\/peters-jaegersburg.de\/en\/wp-json\/wp\/v2\/comments?post=2130"}],"version-history":[{"count":43,"href":"https:\/\/peters-jaegersburg.de\/en\/wp-json\/wp\/v2\/pages\/2130\/revisions"}],"predecessor-version":[{"id":7804,"href":"https:\/\/peters-jaegersburg.de\/en\/wp-json\/wp\/v2\/pages\/2130\/revisions\/7804"}],"wp:attachment":[{"href":"https:\/\/peters-jaegersburg.de\/en\/wp-json\/wp\/v2\/media?parent=2130"}],"curies":[{"name":"wp","href":"https:\/\/api.w.org\/{rel}","templated":true}]}}