{"id":171,"date":"2018-12-09T11:54:45","date_gmt":"2018-12-09T10:54:45","guid":{"rendered":"http:\/\/2019.peters-jaegersburg.de\/?page_id=171"},"modified":"2026-03-10T09:01:41","modified_gmt":"2026-03-10T08:01:41","slug":"wellness-hotel-saarland-zimmer","status":"publish","type":"page","link":"https:\/\/peters-jaegersburg.de\/en\/wellness-hotel-saarland-zimmer\/","title":{"rendered":"Wellness Hotel Saarland Zimmer"},"content":{"rendered":"<div data-elementor-type=\"wp-post\" data-elementor-id=\"171\" class=\"elementor elementor-171\" data-elementor-post-type=\"page\">\n\t\t\t\t\t\t<section class=\"elementor-section elementor-top-section elementor-element elementor-element-6c465ca8 elementor-section-height-min-height elementor-section-items-stretch elementor-section-content-middle elementor-section-boxed elementor-section-height-default\" data-id=\"6c465ca8\" data-element_type=\"section\" data-e-type=\"section\" data-settings=\"{&quot;background_background&quot;:&quot;none&quot;}\">\n\t\t\t\t\t\t<div class=\"elementor-container elementor-column-gap-no\">\n\t\t\t\t\t<div class=\"elementor-column elementor-col-50 elementor-top-column elementor-element elementor-element-41b8bac4\" data-id=\"41b8bac4\" data-element_type=\"column\" data-e-type=\"column\" data-settings=\"{&quot;background_background&quot;:&quot;classic&quot;}\">\n\t\t\t<div class=\"elementor-widget-wrap elementor-element-populated\">\n\t\t\t\t\t\t<div class=\"elementor-element elementor-element-2c8d90c6 elementor--h-position-center elementor--v-position-middle elementor-arrows-position-inside elementor-pagination-position-inside elementor-widget elementor-widget-slides\" data-id=\"2c8d90c6\" data-element_type=\"widget\" data-e-type=\"widget\" data-settings=\"{&quot;navigation&quot;:&quot;both&quot;,&quot;autoplay&quot;:&quot;yes&quot;,&quot;pause_on_hover&quot;:&quot;yes&quot;,&quot;pause_on_interaction&quot;:&quot;yes&quot;,&quot;autoplay_speed&quot;:5000,&quot;infinite&quot;:&quot;yes&quot;,&quot;transition&quot;:&quot;slide&quot;,&quot;transition_speed&quot;:500}\" data-widget_type=\"slides.default\">\n\t\t\t\t\t\t\t\t\t\t<div class=\"elementor-slides-wrapper elementor-main-swiper swiper\" role=\"region\" aria-roledescription=\"carousel\" aria-label=\"Slider\" dir=\"ltr\" data-animation=\"fadeInUp\">\n\t\t\t\t<div class=\"swiper-wrapper elementor-slides\">\n\t\t\t\t\t\t\t\t\t\t<div class=\"elementor-repeater-item-f5p4cf8 swiper-slide\" role=\"group\" aria-roledescription=\"slide\"><div class=\"swiper-slide-bg\" role=\"img\" aria-label=\"Wellness Spa Hotel Saarland - Zimmer\"><\/div><div class=\"swiper-slide-inner\" ><div class=\"swiper-slide-contents\"><\/div><\/div><\/div>\t\t\t\t<\/div>\n\t\t\t\t\t\t\t<\/div>\n\t\t\t\t\t\t\t\t<\/div>\n\t\t\t\t\t<\/div>\n\t\t<\/div>\n\t\t\t\t<div class=\"elementor-column elementor-col-50 elementor-top-column elementor-element elementor-element-392e0b6c\" data-id=\"392e0b6c\" data-element_type=\"column\" data-e-type=\"column\" data-settings=\"{&quot;background_background&quot;:&quot;none&quot;}\">\n\t\t\t<div class=\"elementor-widget-wrap elementor-element-populated\">\n\t\t\t\t\t\t<div class=\"elementor-element elementor-element-79e5c6d6 elementor-widget elementor-widget-heading\" data-id=\"79e5c6d6\" data-element_type=\"widget\" data-e-type=\"widget\" data-widget_type=\"heading.default\">\n\t\t\t\t\t<h1 class=\"elementor-heading-title elementor-size-default\">OUR ROOMS &amp; JUNIOR SUITES<\/h1>\t\t\t\t<\/div>\n\t\t\t\t<div class=\"elementor-element elementor-element-57eef15c elementor-widget-divider--view-line elementor-widget elementor-widget-divider\" data-id=\"57eef15c\" data-element_type=\"widget\" data-e-type=\"widget\" data-widget_type=\"divider.default\">\n\t\t\t\t\t\t\t<div class=\"elementor-divider\">\n\t\t\t<span class=\"elementor-divider-separator\">\n\t\t\t\t\t\t<\/span>\n\t\t<\/div>\n\t\t\t\t\t\t<\/div>\n\t\t\t\t<div class=\"elementor-element elementor-element-8d9a553 elementor-widget elementor-widget-heading\" data-id=\"8d9a553\" data-element_type=\"widget\" data-e-type=\"widget\" data-widget_type=\"heading.default\">\n\t\t\t\t\t<h2 class=\"elementor-heading-title elementor-size-default\">ENJOYABLE SLEEP WITH A DREAMLIKE VIEW<\/h2>\t\t\t\t<\/div>\n\t\t\t\t\t<\/div>\n\t\t<\/div>\n\t\t\t\t\t<\/div>\n\t\t<\/section>\n\t\t\t\t<section class=\"elementor-section elementor-top-section elementor-element elementor-element-ea8c8db elementor-section-boxed elementor-section-height-default elementor-section-height-default\" data-id=\"ea8c8db\" data-element_type=\"section\" data-e-type=\"section\">\n\t\t\t\t\t\t<div class=\"elementor-container elementor-column-gap-default\">\n\t\t\t\t\t<div class=\"elementor-column elementor-col-100 elementor-top-column elementor-element elementor-element-f7acbd2\" data-id=\"f7acbd2\" data-element_type=\"column\" data-e-type=\"column\">\n\t\t\t<div class=\"elementor-widget-wrap elementor-element-populated\">\n\t\t\t\t\t\t<div class=\"elementor-element elementor-element-c9bc8e4 elementor-widget elementor-widget-heading\" data-id=\"c9bc8e4\" data-element_type=\"widget\" data-e-type=\"widget\" data-widget_type=\"heading.default\">\n\t\t\t\t\t<h2 class=\"elementor-heading-title elementor-size-default\">WHICH ROOM IS RIGHT FOR YOU?<\/h2>\t\t\t\t<\/div>\n\t\t\t\t<div class=\"elementor-element elementor-element-d47bc1b elementor-widget-divider--view-line elementor-widget elementor-widget-divider\" data-id=\"d47bc1b\" data-element_type=\"widget\" data-e-type=\"widget\" data-widget_type=\"divider.default\">\n\t\t\t\t\t\t\t<div class=\"elementor-divider\">\n\t\t\t<span class=\"elementor-divider-separator\">\n\t\t\t\t\t\t<\/span>\n\t\t<\/div>\n\t\t\t\t\t\t<\/div>\n\t\t\t\t<div class=\"elementor-element elementor-element-a0fdedc elementor-widget elementor-widget-text-editor\" data-id=\"a0fdedc\" data-element_type=\"widget\" data-e-type=\"widget\" data-widget_type=\"text-editor.default\">\n\t\t\t\t\t\t\t\t\t<p>Do you love waking up in the morning with a breathtaking view of the lake, or do you prefer to enjoy the picturesque view of the forest?<br \/><span style=\"letter-spacing: 0px;\">No matter what: PETERS has the right room for you.<\/span><\/p>\t\t\t\t\t\t\t\t<\/div>\n\t\t\t\t\t<\/div>\n\t\t<\/div>\n\t\t\t\t\t<\/div>\n\t\t<\/section>\n\t\t<div class=\"elementor-element elementor-element-f97f506 lang_de e-con-full e-flex e-con e-parent\" data-id=\"f97f506\" data-element_type=\"container\" data-e-type=\"container\">\n\t\t\t\t<div class=\"elementor-element elementor-element-df2d423 lang_de elementor-widget elementor-widget-html\" data-id=\"df2d423\" data-element_type=\"widget\" data-e-type=\"widget\" data-widget_type=\"html.default\">\n\t\t\t\t\t<div id=\"wlApiWidgetTarget2\"><\/div>\n\n<script src=\"https:\/\/booking.peters-jaegersburg.de\/websLINE-ABM\/Widget\/Inject\/2-de-6f592d075a128ac7103b14bdfa140e955715c231\"><\/script>\t\t\t\t<\/div>\n\t\t\t\t<\/div>\n\t\t\t\t<section class=\"elementor-section elementor-top-section elementor-element elementor-element-371c6a2a elementor-section-stretched elementor-section-boxed elementor-section-height-default elementor-section-height-default\" data-id=\"371c6a2a\" data-element_type=\"section\" data-e-type=\"section\" data-settings=\"{&quot;stretch_section&quot;:&quot;section-stretched&quot;,&quot;background_background&quot;:&quot;classic&quot;}\">\n\t\t\t\t\t\t<div class=\"elementor-container elementor-column-gap-wide\">\n\t\t\t\t\t<div class=\"elementor-column elementor-col-100 elementor-top-column elementor-element elementor-element-96fb351\" data-id=\"96fb351\" data-element_type=\"column\" data-e-type=\"column\" data-settings=\"{&quot;background_background&quot;:&quot;gradient&quot;}\">\n\t\t\t<div class=\"elementor-widget-wrap\">\n\t\t\t\t\t\t\t<\/div>\n\t\t<\/div>\n\t\t\t\t\t<\/div>\n\t\t<\/section>\n\t\t\t\t<section class=\"elementor-section elementor-top-section elementor-element elementor-element-2d89fe5 elementor-section-boxed elementor-section-height-default elementor-section-height-default\" data-id=\"2d89fe5\" data-element_type=\"section\" data-e-type=\"section\">\n\t\t\t\t\t\t<div class=\"elementor-container elementor-column-gap-default\">\n\t\t\t\t\t<div class=\"elementor-column elementor-col-100 elementor-top-column elementor-element elementor-element-42c8ad8\" data-id=\"42c8ad8\" data-element_type=\"column\" data-e-type=\"column\">\n\t\t\t<div class=\"elementor-widget-wrap elementor-element-populated\">\n\t\t\t\t\t\t<div class=\"elementor-element elementor-element-46af263 elementor-widget elementor-widget-heading\" data-id=\"46af263\" data-element_type=\"widget\" data-e-type=\"widget\" data-widget_type=\"heading.default\">\n\t\t\t\t\t<h2 class=\"elementor-heading-title elementor-size-default translation-block\">VACATION WITH THE WHOLE FAMILY<br>\nCHILDREN AND DOGS ARE ALWAYS WELCOME.<\/h2>\t\t\t\t<\/div>\n\t\t\t\t<div class=\"elementor-element elementor-element-f06343b elementor-widget-divider--view-line elementor-widget elementor-widget-divider\" data-id=\"f06343b\" data-element_type=\"widget\" data-e-type=\"widget\" data-widget_type=\"divider.default\">\n\t\t\t\t\t\t\t<div class=\"elementor-divider\">\n\t\t\t<span class=\"elementor-divider-separator\">\n\t\t\t\t\t\t<\/span>\n\t\t<\/div>\n\t\t\t\t\t\t<\/div>\n\t\t\t\t\t<\/div>\n\t\t<\/div>\n\t\t\t\t\t<\/div>\n\t\t<\/section>\n\t\t\t\t<section class=\"elementor-section elementor-top-section elementor-element elementor-element-60364d7 elementor-section-boxed elementor-section-height-default elementor-section-height-default\" data-id=\"60364d7\" data-element_type=\"section\" data-e-type=\"section\">\n\t\t\t\t\t\t<div class=\"elementor-container elementor-column-gap-default\">\n\t\t\t\t\t<div class=\"elementor-column elementor-col-50 elementor-top-column elementor-element elementor-element-a61d484\" data-id=\"a61d484\" data-element_type=\"column\" data-e-type=\"column\">\n\t\t\t<div class=\"elementor-widget-wrap elementor-element-populated\">\n\t\t\t\t\t\t<div class=\"elementor-element elementor-element-6138c17 elementor-widget elementor-widget-text-editor\" data-id=\"6138c17\" data-element_type=\"widget\" data-e-type=\"widget\" data-widget_type=\"text-editor.default\">\n\t\t\t\t\t\t\t\t\t<p>Vacation is meant for the whole family, that is why children and dogs are always welcome in our hotel.\u00a0<\/p><p>For our small guests, we provide an indoor play corner in our restaurant. Here, the kids come first: Play and fun cannot be missed out on just because of bad weather. During nice weather, our pirate ship for climbing in the beer garden is perfect for running around and playing. Also, the neighboring climbing park \u201cFun Forest\u201d offers an awesome kids course.\u00a0<\/p><p>With our pedal and rowing boats you can explore the lake together with your children and can have lots of fun on the water. Our Cannondale children\u2019s bicycles are the perfect companion for a nice bicycle tour. Our family room is ideal for families with 2-3 children and our double rooms \u201cSeeblick\u201d (lake view) and junior suites are very suitable for small families as well.<\/p><p class=\"translation-block\">Dogs are generally known as man\u2019s best friend. If you do not want to do without your faithful companion while you are on vacation, you are at the right place, because well trained dogs are very welcome in our hotel. \n\nHere in the local recreation area of J\u00e4gersburg, dogs and their owners are in good hands and can experience an exciting vacation together.<\/p><p class=\"MsoNormal translation-block\">You are more than welcome to take your beloved pet to our restaurant as well, however your dog should be \u201cused to people\u201d and should be quiet in regard to other guests and therefore not bark. Your dog is welcome in all parts of the hotel except for the wellness area including the roof top terrace. \nPlease mention in your booking whether you are traveling with your dog, since we also provide \u201cdog-free\u201d hotel rooms for allergy sufferers.<\/p>\t\t\t\t\t\t\t\t<\/div>\n\t\t\t\t\t<\/div>\n\t\t<\/div>\n\t\t\t\t<div class=\"elementor-column elementor-col-50 elementor-top-column elementor-element elementor-element-7eeb135\" data-id=\"7eeb135\" data-element_type=\"column\" data-e-type=\"column\">\n\t\t\t<div class=\"elementor-widget-wrap elementor-element-populated\">\n\t\t\t\t\t\t<div class=\"elementor-element elementor-element-89274e1 elementor-widget elementor-widget-image\" data-id=\"89274e1\" data-element_type=\"widget\" data-e-type=\"widget\" data-widget_type=\"image.default\">\n\t\t\t\t\t\t\t\t\t\t\t\t\t\t\t<img fetchpriority=\"high\" decoding=\"async\" width=\"800\" height=\"800\" src=\"https:\/\/peters-jaegersburg.de\/wp-content\/uploads\/2019\/12\/peters-Familien-Willkommen-1024x1024.jpg\" class=\"attachment-large size-large wp-image-3465\" alt=\"Eine vierk\u00f6pfige Familie sitzt bei Sonnenuntergang auf einer Decke in einem grasbewachsenen Feld. Sie l\u00e4cheln und umarmen sich gegenseitig, umgeben von herbstlichen B\u00e4umen und H\u00fcgeln im Hintergrund.\" srcset=\"https:\/\/peters-jaegersburg.de\/wp-content\/uploads\/2019\/12\/peters-Familien-Willkommen-1024x1024.jpg 1024w, https:\/\/peters-jaegersburg.de\/wp-content\/uploads\/2019\/12\/peters-Familien-Willkommen-300x300.jpg 300w, https:\/\/peters-jaegersburg.de\/wp-content\/uploads\/2019\/12\/peters-Familien-Willkommen-150x150.jpg 150w, https:\/\/peters-jaegersburg.de\/wp-content\/uploads\/2019\/12\/peters-Familien-Willkommen-1536x1536.jpg 1536w, https:\/\/peters-jaegersburg.de\/wp-content\/uploads\/2019\/12\/peters-Familien-Willkommen-2048x2048.jpg 2048w, https:\/\/peters-jaegersburg.de\/wp-content\/uploads\/2019\/12\/peters-Familien-Willkommen-20x20.jpg 20w\" sizes=\"(max-width: 800px) 100vw, 800px\" title=\"\">\t\t\t\t\t\t\t\t\t\t\t\t\t\t\t<\/div>\n\t\t\t\t<div class=\"elementor-element elementor-element-1081eea elementor-widget elementor-widget-spacer\" data-id=\"1081eea\" data-element_type=\"widget\" data-e-type=\"widget\" data-widget_type=\"spacer.default\">\n\t\t\t\t\t\t\t<div class=\"elementor-spacer\">\n\t\t\t<div class=\"elementor-spacer-inner\"><\/div>\n\t\t<\/div>\n\t\t\t\t\t\t<\/div>\n\t\t\t\t<div class=\"elementor-element elementor-element-f37efbd elementor-widget elementor-widget-image\" data-id=\"f37efbd\" data-element_type=\"widget\" data-e-type=\"widget\" data-widget_type=\"image.default\">\n\t\t\t\t\t\t\t\t\t\t\t\t\t\t\t<img decoding=\"async\" width=\"800\" height=\"800\" src=\"https:\/\/peters-jaegersburg.de\/wp-content\/uploads\/2019\/12\/PETERS-Hunde-sind-willkommen-1024x1024.jpg\" class=\"attachment-large size-large wp-image-3461\" alt=\"PETERS bei uns sind Hunde willkommen\" srcset=\"https:\/\/peters-jaegersburg.de\/wp-content\/uploads\/2019\/12\/PETERS-Hunde-sind-willkommen-1024x1024.jpg 1024w, https:\/\/peters-jaegersburg.de\/wp-content\/uploads\/2019\/12\/PETERS-Hunde-sind-willkommen-300x300.jpg 300w, https:\/\/peters-jaegersburg.de\/wp-content\/uploads\/2019\/12\/PETERS-Hunde-sind-willkommen-150x150.jpg 150w, https:\/\/peters-jaegersburg.de\/wp-content\/uploads\/2019\/12\/PETERS-Hunde-sind-willkommen-1536x1536.jpg 1536w, https:\/\/peters-jaegersburg.de\/wp-content\/uploads\/2019\/12\/PETERS-Hunde-sind-willkommen-2048x2048.jpg 2048w, https:\/\/peters-jaegersburg.de\/wp-content\/uploads\/2019\/12\/PETERS-Hunde-sind-willkommen-20x20.jpg 20w\" sizes=\"(max-width: 800px) 100vw, 800px\" title=\"\">\t\t\t\t\t\t\t\t\t\t\t\t\t\t\t<\/div>\n\t\t\t\t\t<\/div>\n\t\t<\/div>\n\t\t\t\t\t<\/div>\n\t\t<\/section>\n\t\t\t\t<section class=\"elementor-section elementor-top-section elementor-element elementor-element-b8702d9 elementor-section-stretched elementor-section-boxed elementor-section-height-default elementor-section-height-default\" data-id=\"b8702d9\" data-element_type=\"section\" data-e-type=\"section\" data-settings=\"{&quot;stretch_section&quot;:&quot;section-stretched&quot;,&quot;background_background&quot;:&quot;classic&quot;}\">\n\t\t\t\t\t\t<div class=\"elementor-container elementor-column-gap-default\">\n\t\t\t\t\t<div class=\"elementor-column elementor-col-100 elementor-top-column elementor-element elementor-element-8aab0c5\" data-id=\"8aab0c5\" data-element_type=\"column\" data-e-type=\"column\">\n\t\t\t<div class=\"elementor-widget-wrap elementor-element-populated\">\n\t\t\t\t\t\t<div class=\"elementor-element elementor-element-7be1525 elementor-widget elementor-widget-heading\" data-id=\"7be1525\" data-element_type=\"widget\" data-e-type=\"widget\" data-widget_type=\"heading.default\">\n\t\t\t\t\t<h2 class=\"elementor-heading-title elementor-size-default translation-block\">GET TO KNOW THE DIFFERENT ROOM TYPES OF OUR HOTEL IN J\u00c4GERSBURG CLOSE TO HOMBURG AND <br>BOOK YOUR DESIRED HOTEL ROOM DIRECTLY ONLINE<\/h2>\t\t\t\t<\/div>\n\t\t\t\t\t<\/div>\n\t\t<\/div>\n\t\t\t\t\t<\/div>\n\t\t<\/section>\n\t\t\t\t<section class=\"elementor-section elementor-top-section elementor-element elementor-element-fe00c16 elementor-hidden-desktop elementor-hidden-tablet elementor-hidden-mobile elementor-section-boxed elementor-section-height-default elementor-section-height-default\" data-id=\"fe00c16\" data-element_type=\"section\" data-e-type=\"section\">\n\t\t\t\t\t\t<div class=\"elementor-container elementor-column-gap-default\">\n\t\t\t\t\t<div class=\"elementor-column elementor-col-100 elementor-top-column elementor-element elementor-element-12f1128\" data-id=\"12f1128\" data-element_type=\"column\" data-e-type=\"column\">\n\t\t\t<div class=\"elementor-widget-wrap elementor-element-populated\">\n\t\t\t\t\t\t<div class=\"elementor-element elementor-element-1b51956 elementor-widget elementor-widget-text-editor\" data-id=\"1b51956\" data-element_type=\"widget\" data-e-type=\"widget\" data-widget_type=\"text-editor.default\">\n\t\t\t\t\t\t\t\t\t<div id=\"d21-roomList\"><\/div>\t\t\t\t\t\t\t\t<\/div>\n\t\t\t\t\t<\/div>\n\t\t<\/div>\n\t\t\t\t\t<\/div>\n\t\t<\/section>\n\t\t\t\t<\/div>","protected":false},"excerpt":{"rendered":"<p>Unsere Zimmer &amp; Juniorsuiten Schlafgenuss mit traumhafter Aussicht welches Zimmer passt zu Ihnen? Lieben Sie es morgens mit dem traumhaften Blick auf den See aufzuwachen oder genie\u00dfen Sie lieber den malerischen Blick in den Wald.Ganz gleich: PETERS hat das passende Zimmer f\u00fcr Sie. URLAUB MIT der ganzen FamilieKinder &amp; Hunde Sind herzlich willkommen Urlaub macht [&hellip;]<\/p>\n","protected":false},"author":1,"featured_media":0,"parent":0,"menu_order":0,"comment_status":"closed","ping_status":"closed","template":"","meta":{"footnotes":""},"class_list":["post-171","page","type-page","status-publish","hentry"],"_links":{"self":[{"href":"https:\/\/peters-jaegersburg.de\/en\/wp-json\/wp\/v2\/pages\/171","targetHints":{"allow":["GET"]}}],"collection":[{"href":"https:\/\/peters-jaegersburg.de\/en\/wp-json\/wp\/v2\/pages"}],"about":[{"href":"https:\/\/peters-jaegersburg.de\/en\/wp-json\/wp\/v2\/types\/page"}],"author":[{"embeddable":true,"href":"https:\/\/peters-jaegersburg.de\/en\/wp-json\/wp\/v2\/users\/1"}],"replies":[{"embeddable":true,"href":"https:\/\/peters-jaegersburg.de\/en\/wp-json\/wp\/v2\/comments?post=171"}],"version-history":[{"count":107,"href":"https:\/\/peters-jaegersburg.de\/en\/wp-json\/wp\/v2\/pages\/171\/revisions"}],"predecessor-version":[{"id":11101,"href":"https:\/\/peters-jaegersburg.de\/en\/wp-json\/wp\/v2\/pages\/171\/revisions\/11101"}],"wp:attachment":[{"href":"https:\/\/peters-jaegersburg.de\/en\/wp-json\/wp\/v2\/media?parent=171"}],"curies":[{"name":"wp","href":"https:\/\/api.w.org\/{rel}","templated":true}]}}