{"id":1630,"date":"2019-03-08T22:49:42","date_gmt":"2019-03-08T21:49:42","guid":{"rendered":"https:\/\/peters-jaegersburg.de\/?page_id=1630"},"modified":"2023-09-11T07:38:42","modified_gmt":"2023-09-11T05:38:42","slug":"e-bikes-vermietung-fahrradverleih-und-touren","status":"publish","type":"page","link":"https:\/\/peters-jaegersburg.de\/en\/e-bikes-vermietung-fahrradverleih-und-touren\/","title":{"rendered":"E-Bikes Vermietung, Fahrradverleih und Touren"},"content":{"rendered":"<div data-elementor-type=\"wp-post\" data-elementor-id=\"1630\" class=\"elementor elementor-1630\" data-elementor-post-type=\"page\">\n\t\t\t\t\t\t<section class=\"elementor-section elementor-top-section elementor-element elementor-element-7fced456 elementor-section-height-min-height elementor-section-boxed elementor-section-height-default elementor-section-items-middle\" data-id=\"7fced456\" data-element_type=\"section\" data-e-type=\"section\" data-settings=\"{&quot;background_background&quot;:&quot;classic&quot;}\">\n\t\t\t\t\t\t<div class=\"elementor-container elementor-column-gap-default\">\n\t\t\t\t\t<div class=\"elementor-column elementor-col-50 elementor-top-column elementor-element elementor-element-ad19133\" data-id=\"ad19133\" data-element_type=\"column\" data-e-type=\"column\" data-settings=\"{&quot;background_background&quot;:&quot;classic&quot;}\">\n\t\t\t<div class=\"elementor-widget-wrap elementor-element-populated\">\n\t\t\t\t\t\t<div class=\"elementor-element elementor-element-a88dfe9 elementor-widget elementor-widget-heading\" data-id=\"a88dfe9\" data-element_type=\"widget\" data-e-type=\"widget\" data-widget_type=\"heading.default\">\n\t\t\t\t\t<h1 class=\"elementor-heading-title elementor-size-default\"><a href=\"https:\/\/www.urlaub.saarland\" target=\"_blank\" rel=\"noopener\">E-BIKE RENTAL&nbsp;<div>BICYCLE RENTAL<\/div><\/a><\/h1>\t\t\t\t<\/div>\n\t\t\t\t<div class=\"elementor-element elementor-element-d514743 elementor-widget-divider--view-line elementor-widget elementor-widget-divider\" data-id=\"d514743\" data-element_type=\"widget\" data-e-type=\"widget\" data-widget_type=\"divider.default\">\n\t\t\t\t\t\t\t<div class=\"elementor-divider\">\n\t\t\t<span class=\"elementor-divider-separator\">\n\t\t\t\t\t\t<\/span>\n\t\t<\/div>\n\t\t\t\t\t\t<\/div>\n\t\t\t\t<div class=\"elementor-element elementor-element-89507ae elementor-widget elementor-widget-heading\" data-id=\"89507ae\" data-element_type=\"widget\" data-e-type=\"widget\" data-widget_type=\"heading.default\">\n\t\t\t\t\t<h2 class=\"elementor-heading-title elementor-size-default\">A DIVERSE OFFER FOR CYCLISTS<\/h2>\t\t\t\t<\/div>\n\t\t\t\t<div class=\"elementor-element elementor-element-d2557b0 elementor-widget elementor-widget-text-editor\" data-id=\"d2557b0\" data-element_type=\"widget\" data-e-type=\"widget\" data-widget_type=\"text-editor.default\">\n\t\t\t\t\t\t\t\t\t<p>You would like to go on a bicycle tour during stay without having to transport your own bicycle?\nWe have got the solution. Rent our bicycles for a low price for young and old.\u00a0<\/p>\t\t\t\t\t\t\t\t<\/div>\n\t\t\t\t\t<\/div>\n\t\t<\/div>\n\t\t\t\t<div class=\"elementor-column elementor-col-50 elementor-top-column elementor-element elementor-element-3cf50eb2\" data-id=\"3cf50eb2\" data-element_type=\"column\" data-e-type=\"column\" data-settings=\"{&quot;background_background&quot;:&quot;classic&quot;}\">\n\t\t\t<div class=\"elementor-widget-wrap elementor-element-populated\">\n\t\t\t\t\t\t<div class=\"elementor-element elementor-element-8546262 elementor-widget elementor-widget-image\" data-id=\"8546262\" data-element_type=\"widget\" data-e-type=\"widget\" data-widget_type=\"image.default\">\n\t\t\t\t\t\t\t\t\t\t\t\t\t\t\t<img fetchpriority=\"high\" decoding=\"async\" width=\"800\" height=\"800\" src=\"https:\/\/peters-jaegersburg.de\/wp-content\/uploads\/2019\/03\/ebike-vermietung-fahrradverleih-saarland-peters-hotel-spa-1024x1024.jpg\" class=\"attachment-large size-large wp-image-1670\" alt=\"Ebike - Vermietung Saarland - Fahrradverleih Peters Hotel &amp; Spa\" srcset=\"https:\/\/peters-jaegersburg.de\/wp-content\/uploads\/2019\/03\/ebike-vermietung-fahrradverleih-saarland-peters-hotel-spa-1024x1024.jpg 1024w, https:\/\/peters-jaegersburg.de\/wp-content\/uploads\/2019\/03\/ebike-vermietung-fahrradverleih-saarland-peters-hotel-spa-300x300.jpg 300w, https:\/\/peters-jaegersburg.de\/wp-content\/uploads\/2019\/03\/ebike-vermietung-fahrradverleih-saarland-peters-hotel-spa-150x150.jpg 150w, https:\/\/peters-jaegersburg.de\/wp-content\/uploads\/2019\/03\/ebike-vermietung-fahrradverleih-saarland-peters-hotel-spa-1536x1536.jpg 1536w, https:\/\/peters-jaegersburg.de\/wp-content\/uploads\/2019\/03\/ebike-vermietung-fahrradverleih-saarland-peters-hotel-spa-2048x2048.jpg 2048w, https:\/\/peters-jaegersburg.de\/wp-content\/uploads\/2019\/03\/ebike-vermietung-fahrradverleih-saarland-peters-hotel-spa-20x20.jpg 20w\" sizes=\"(max-width: 800px) 100vw, 800px\" title=\"\">\t\t\t\t\t\t\t\t\t\t\t\t\t\t\t<\/div>\n\t\t\t\t\t<\/div>\n\t\t<\/div>\n\t\t\t\t\t<\/div>\n\t\t<\/section>\n\t\t\t\t<section class=\"elementor-section elementor-top-section elementor-element elementor-element-ea70789 elementor-section-boxed elementor-section-height-default elementor-section-height-default\" data-id=\"ea70789\" data-element_type=\"section\" data-e-type=\"section\">\n\t\t\t\t\t\t<div class=\"elementor-container elementor-column-gap-default\">\n\t\t\t\t\t<div class=\"elementor-column elementor-col-100 elementor-top-column elementor-element elementor-element-0a93e08\" data-id=\"0a93e08\" data-element_type=\"column\" data-e-type=\"column\">\n\t\t\t<div class=\"elementor-widget-wrap elementor-element-populated\">\n\t\t\t\t\t\t<div class=\"elementor-element elementor-element-8d800c0 elementor-widget elementor-widget-spacer\" data-id=\"8d800c0\" data-element_type=\"widget\" data-e-type=\"widget\" data-widget_type=\"spacer.default\">\n\t\t\t\t\t\t\t<div class=\"elementor-spacer\">\n\t\t\t<div class=\"elementor-spacer-inner\"><\/div>\n\t\t<\/div>\n\t\t\t\t\t\t<\/div>\n\t\t\t\t<div class=\"elementor-element elementor-element-c32f757 elementor-widget elementor-widget-html\" data-id=\"c32f757\" data-element_type=\"widget\" data-e-type=\"widget\" data-widget_type=\"html.default\">\n\t\t\t\t\t<iframe src=\"https:\/\/www.facebook.com\/plugins\/like.php?href=https%3A%2F%2Fwww.facebook.com%2FPetersHotelSpa%2F&width=50&layout=standard&action=like&size=large&share=true&height=35&appId\" width=\"50\" height=\"35\" style=\"border:none;overflow:hidden\" scrolling=\"no\" frameborder=\"0\" allowfullscreen=\"true\" allow=\"autoplay; clipboard-write; encrypted-media; picture-in-picture; web-share\"><\/iframe>\t\t\t\t<\/div>\n\t\t\t\t\t<\/div>\n\t\t<\/div>\n\t\t\t\t\t<\/div>\n\t\t<\/section>\n\t\t\t\t<section class=\"elementor-section elementor-top-section elementor-element elementor-element-4d0a73a elementor-section-boxed elementor-section-height-default elementor-section-height-default\" data-id=\"4d0a73a\" data-element_type=\"section\" data-e-type=\"section\">\n\t\t\t\t\t\t<div class=\"elementor-container elementor-column-gap-default\">\n\t\t\t\t\t<div class=\"elementor-column elementor-col-50 elementor-top-column elementor-element elementor-element-72adb12\" data-id=\"72adb12\" data-element_type=\"column\" data-e-type=\"column\">\n\t\t\t<div class=\"elementor-widget-wrap elementor-element-populated\">\n\t\t\t\t\t\t<div class=\"elementor-element elementor-element-08f9579 elementor-widget elementor-widget-heading\" data-id=\"08f9579\" data-element_type=\"widget\" data-e-type=\"widget\" data-widget_type=\"heading.default\">\n\t\t\t\t\t<h2 class=\"elementor-heading-title elementor-size-default\">RENTAL PRICES<\/h2>\t\t\t\t<\/div>\n\t\t\t\t<div class=\"elementor-element elementor-element-dded3c2 elementor-widget elementor-widget-text-editor\" data-id=\"dded3c2\" data-element_type=\"widget\" data-e-type=\"widget\" data-widget_type=\"text-editor.default\">\n\t\t\t\t\t\t\t\t\t<p><strong>CANNONDALE E-Mountainbikes \/ E-Trekkingbike<br><\/strong>ganztags 32 \u20ac<\/p>\n<p><strong>Children\u2019s bicycle (analog)&nbsp;<br><\/strong><span style=\"letter-spacing: 0px;\">Puky 16\u201d for children from 4-6 years<br><\/span><span style=\"letter-spacing: 0px;\">Cannondale 20\u201d for children from 6-8 years<br>Cannondale 24\u201dfor children from 8-12 years<\/span><span style=\"letter-spacing: 0px;\"><br><\/span><span style=\"letter-spacing: 0px;\">all-day 18 \u20ac<\/span><\/p>\t\t\t\t\t\t\t\t<\/div>\n\t\t\t\t\t<\/div>\n\t\t<\/div>\n\t\t\t\t<div class=\"elementor-column elementor-col-50 elementor-top-column elementor-element elementor-element-129f2d9\" data-id=\"129f2d9\" data-element_type=\"column\" data-e-type=\"column\">\n\t\t\t<div class=\"elementor-widget-wrap elementor-element-populated\">\n\t\t\t\t\t\t<div class=\"elementor-element elementor-element-ec41a37 elementor-widget elementor-widget-heading\" data-id=\"ec41a37\" data-element_type=\"widget\" data-e-type=\"widget\" data-widget_type=\"heading.default\">\n\t\t\t\t\t<h2 class=\"elementor-heading-title elementor-size-default\">ACCESSORIES<\/h2>\t\t\t\t<\/div>\n\t\t\t\t<div class=\"elementor-element elementor-element-289cefc elementor-widget elementor-widget-text-editor\" data-id=\"289cefc\" data-element_type=\"widget\" data-e-type=\"widget\" data-widget_type=\"text-editor.default\">\n\t\t\t\t\t\t\t\t\t<div><span style=\"letter-spacing: 0px;\">All prices plus a deposit of 100 \u20ac payable in cash.<\/span><\/div><div><span style=\"letter-spacing: 0px;\">\u00a0<\/span><\/div><div><b>What you need to bring:<\/b><\/div><div><p>ID card or passport<\/p><p>Minimum age: 18 years or accompanied by parents. We ask for reservations ahead of time.<\/p><p>The rental prices include a helmet and a bicycle lock.<\/p><p class=\"translation-block\">We also rent bicycle trailers for the little ones for 10 \u20ac and quality child seats for 5 \u20ac.<\/p><\/div>\t\t\t\t\t\t\t\t<\/div>\n\t\t\t\t\t<\/div>\n\t\t<\/div>\n\t\t\t\t\t<\/div>\n\t\t<\/section>\n\t\t\t\t<section class=\"elementor-section elementor-top-section elementor-element elementor-element-0ec1663 elementor-section-full_width elementor-section-height-default elementor-section-height-default\" data-id=\"0ec1663\" data-element_type=\"section\" data-e-type=\"section\">\n\t\t\t\t\t\t<div class=\"elementor-container elementor-column-gap-default\">\n\t\t\t\t\t<div class=\"elementor-column elementor-col-100 elementor-top-column elementor-element elementor-element-145fb4f\" data-id=\"145fb4f\" data-element_type=\"column\" data-e-type=\"column\">\n\t\t\t<div class=\"elementor-widget-wrap elementor-element-populated\">\n\t\t\t\t\t\t<div class=\"elementor-element elementor-element-a77f512 elementor-widget-divider--view-line elementor-widget elementor-widget-divider\" data-id=\"a77f512\" data-element_type=\"widget\" data-e-type=\"widget\" data-widget_type=\"divider.default\">\n\t\t\t\t\t\t\t<div class=\"elementor-divider\">\n\t\t\t<span class=\"elementor-divider-separator\">\n\t\t\t\t\t\t<\/span>\n\t\t<\/div>\n\t\t\t\t\t\t<\/div>\n\t\t\t\t\t<\/div>\n\t\t<\/div>\n\t\t\t\t\t<\/div>\n\t\t<\/section>\n\t\t\t\t<section class=\"elementor-section elementor-top-section elementor-element elementor-element-e171596 elementor-section-boxed elementor-section-height-default elementor-section-height-default\" data-id=\"e171596\" data-element_type=\"section\" data-e-type=\"section\">\n\t\t\t\t\t\t<div class=\"elementor-container elementor-column-gap-default\">\n\t\t\t\t\t<div class=\"elementor-column elementor-col-50 elementor-top-column elementor-element elementor-element-b68df4b\" data-id=\"b68df4b\" data-element_type=\"column\" data-e-type=\"column\">\n\t\t\t<div class=\"elementor-widget-wrap elementor-element-populated\">\n\t\t\t\t\t\t<div class=\"elementor-element elementor-element-c167ff6 elementor-view-default elementor-widget elementor-widget-icon\" data-id=\"c167ff6\" data-element_type=\"widget\" data-e-type=\"widget\" data-widget_type=\"icon.default\">\n\t\t\t\t\t\t\t<div class=\"elementor-icon-wrapper\">\n\t\t\t<div class=\"elementor-icon\">\n\t\t\t<svg aria-hidden=\"true\" class=\"e-font-icon-svg e-fas-plug\" viewbox=\"0 0 384 512\" xmlns=\"http:\/\/www.w3.org\/2000\/svg\"><path d=\"M320,32a32,32,0,0,0-64,0v96h64Zm48,128H16A16,16,0,0,0,0,176v32a16,16,0,0,0,16,16H32v32A160.07,160.07,0,0,0,160,412.8V512h64V412.8A160.07,160.07,0,0,0,352,256V224h16a16,16,0,0,0,16-16V176A16,16,0,0,0,368,160ZM128,32a32,32,0,0,0-64,0v96h64Z\"><\/path><\/svg>\t\t\t<\/div>\n\t\t<\/div>\n\t\t\t\t\t\t<\/div>\n\t\t\t\t\t<\/div>\n\t\t<\/div>\n\t\t\t\t<div class=\"elementor-column elementor-col-50 elementor-top-column elementor-element elementor-element-d5dd135\" data-id=\"d5dd135\" data-element_type=\"column\" data-e-type=\"column\">\n\t\t\t<div class=\"elementor-widget-wrap elementor-element-populated\">\n\t\t\t\t\t\t<div class=\"elementor-element elementor-element-3f78897 elementor-widget elementor-widget-text-editor\" data-id=\"3f78897\" data-element_type=\"widget\" data-e-type=\"widget\" data-widget_type=\"text-editor.default\">\n\t\t\t\t\t\t\t\t\t<p><strong>Direkt an unserem Hotel befindet sich eine Ladestation f\u00fcr E-Bikes.<\/strong><span style=\"letter-spacing: 0px;\"><br \/><\/span><\/p>\t\t\t\t\t\t\t\t<\/div>\n\t\t\t\t\t<\/div>\n\t\t<\/div>\n\t\t\t\t\t<\/div>\n\t\t<\/section>\n\t\t\t\t<section class=\"elementor-section elementor-top-section elementor-element elementor-element-1193003 elementor-section-boxed elementor-section-height-default elementor-section-height-default\" data-id=\"1193003\" data-element_type=\"section\" data-e-type=\"section\">\n\t\t\t\t\t\t<div class=\"elementor-container elementor-column-gap-default\">\n\t\t\t\t\t<div class=\"elementor-column elementor-col-100 elementor-top-column elementor-element elementor-element-fed521f\" data-id=\"fed521f\" data-element_type=\"column\" data-e-type=\"column\">\n\t\t\t<div class=\"elementor-widget-wrap elementor-element-populated\">\n\t\t\t\t\t\t<div class=\"elementor-element elementor-element-04e8dde elementor-widget elementor-widget-text-editor\" data-id=\"04e8dde\" data-element_type=\"widget\" data-e-type=\"widget\" data-widget_type=\"text-editor.default\">\n\t\t\t\t\t\t\t\t\t<p>F\u00fcr Reservierungen und R\u00fcckfragen verwenden Sie bitte folgende Telefonnummer\u00a0<a href=\"tel:+496841189330\">0 68 41 &#8211; 189 33 -0<\/a><br \/>oder kontaktieren Sie uns \u00fcber die Email-Adresse\u00a0<a href=\"mailto:reservierung@peters-jaegersburg.de\">reservierung@peters-jaegersburg.de<\/a>\u00a0<span style=\"color: #d2b43c;\"><br \/><\/span><\/p>\t\t\t\t\t\t\t\t<\/div>\n\t\t\t\t<div class=\"elementor-element elementor-element-e57a9d1 elementor-widget elementor-widget-spacer\" data-id=\"e57a9d1\" data-element_type=\"widget\" data-e-type=\"widget\" data-widget_type=\"spacer.default\">\n\t\t\t\t\t\t\t<div class=\"elementor-spacer\">\n\t\t\t<div class=\"elementor-spacer-inner\"><\/div>\n\t\t<\/div>\n\t\t\t\t\t\t<\/div>\n\t\t\t\t<div class=\"elementor-element elementor-element-addc9a6 elementor-widget-divider--view-line elementor-widget elementor-widget-divider\" data-id=\"addc9a6\" data-element_type=\"widget\" data-e-type=\"widget\" data-widget_type=\"divider.default\">\n\t\t\t\t\t\t\t<div class=\"elementor-divider\">\n\t\t\t<span class=\"elementor-divider-separator\">\n\t\t\t\t\t\t<\/span>\n\t\t<\/div>\n\t\t\t\t\t\t<\/div>\n\t\t\t\t\t<\/div>\n\t\t<\/div>\n\t\t\t\t\t<\/div>\n\t\t<\/section>\n\t\t\t\t<\/div>","protected":false},"excerpt":{"rendered":"<p>E-Bikes Vermietung\u00a0FahrradVerleih ein Abwechslungsreiches angebot f\u00fcr Fahrradfahrer Sie w\u00fcrden gerne eine Fahrradtour w\u00e4hrend Ihrem Aufenthalt machen ohne Ihr eigenes Fahrrad zu transportieren? Wir haben die L\u00f6sung. Bei uns mieten Sie g\u00fcnstig Fahrr\u00e4der und E-Bikes f\u00fcr Gro\u00df und Klein. Mietpreise CANNONDALE E-Mountainbikes \/ E-Trekkingbike ganztags 32 \u20ac Kinderfahrrad (analog) Puky 16&#8243; f\u00fcr Kinder von 4-6 Jahre [&hellip;]<\/p>\n","protected":false},"author":1,"featured_media":0,"parent":0,"menu_order":0,"comment_status":"closed","ping_status":"closed","template":"","meta":{"footnotes":""},"class_list":["post-1630","page","type-page","status-publish","hentry"],"_links":{"self":[{"href":"https:\/\/peters-jaegersburg.de\/en\/wp-json\/wp\/v2\/pages\/1630","targetHints":{"allow":["GET"]}}],"collection":[{"href":"https:\/\/peters-jaegersburg.de\/en\/wp-json\/wp\/v2\/pages"}],"about":[{"href":"https:\/\/peters-jaegersburg.de\/en\/wp-json\/wp\/v2\/types\/page"}],"author":[{"embeddable":true,"href":"https:\/\/peters-jaegersburg.de\/en\/wp-json\/wp\/v2\/users\/1"}],"replies":[{"embeddable":true,"href":"https:\/\/peters-jaegersburg.de\/en\/wp-json\/wp\/v2\/comments?post=1630"}],"version-history":[{"count":41,"href":"https:\/\/peters-jaegersburg.de\/en\/wp-json\/wp\/v2\/pages\/1630\/revisions"}],"predecessor-version":[{"id":7915,"href":"https:\/\/peters-jaegersburg.de\/en\/wp-json\/wp\/v2\/pages\/1630\/revisions\/7915"}],"wp:attachment":[{"href":"https:\/\/peters-jaegersburg.de\/en\/wp-json\/wp\/v2\/media?parent=1630"}],"curies":[{"name":"wp","href":"https:\/\/api.w.org\/{rel}","templated":true}]}}