{"id":11088,"date":"2026-03-07T11:03:52","date_gmt":"2026-03-07T10:03:52","guid":{"rendered":"https:\/\/peters-jaegersburg.de\/?page_id=11088"},"modified":"2026-03-17T10:15:04","modified_gmt":"2026-03-17T09:15:04","slug":"restplatzboerse-unsere-last-minute-urlaub-peters-hotel-spa-saarland","status":"publish","type":"page","link":"https:\/\/peters-jaegersburg.de\/en\/restplatzboerse-unsere-last-minute-urlaub-peters-hotel-spa-saarland\/","title":{"rendered":"Restplatzb\u00f6rse &#8211; Unsere Last Minute Angebote im Peters Hotel &amp; Spa Saarland"},"content":{"rendered":"<div data-elementor-type=\"wp-post\" data-elementor-id=\"11088\" class=\"elementor elementor-11088\" data-elementor-post-type=\"page\">\n\t\t\t\t<div class=\"elementor-element elementor-element-95810d9 e-flex e-con-boxed e-con e-parent\" data-id=\"95810d9\" data-element_type=\"container\" data-e-type=\"container\" data-settings=\"{&quot;background_background&quot;:&quot;classic&quot;}\">\n\t\t\t\t\t<div class=\"e-con-inner\">\n\t\t<div class=\"elementor-element elementor-element-8c3a058 e-con-full e-flex e-con e-child\" data-id=\"8c3a058\" data-element_type=\"container\" data-e-type=\"container\">\n\t\t\t\t<div class=\"elementor-element elementor-element-fb75904 elementor-widget elementor-widget-heading\" data-id=\"fb75904\" data-element_type=\"widget\" data-e-type=\"widget\" data-settings=\"{&quot;_animation&quot;:&quot;none&quot;}\" data-widget_type=\"heading.default\">\n\t\t\t\t\t<h1 class=\"elementor-heading-title elementor-size-default\">Going out on a whim.<br>Coming back completely relaxed.<br>With our last available rooms.<\/h1>\t\t\t\t<\/div>\n\t\t\t\t<\/div>\n\t\t<div class=\"elementor-element elementor-element-5cacb66 e-con-full e-flex e-con e-child\" data-id=\"5cacb66\" data-element_type=\"container\" data-e-type=\"container\">\n\t\t\t\t<div class=\"elementor-element elementor-element-58f3414 elementor-widget elementor-widget-heading\" data-id=\"58f3414\" data-element_type=\"widget\" data-e-type=\"widget\" data-widget_type=\"heading.default\">\n\t\t\t\t\t<h2 class=\"elementor-heading-title elementor-size-default\"><strong>In their 4-star wellness hotel\nin the J\u00e4gersburg recreation area<\/strong><\/h2>\t\t\t\t<\/div>\n\t\t\t\t<\/div>\n\t\t<div class=\"elementor-element elementor-element-dd15af2 e-con-full e-flex e-con e-child\" data-id=\"dd15af2\" data-element_type=\"container\" data-e-type=\"container\">\n\t\t\t\t<div class=\"elementor-element elementor-element-78e0d99 elementor-widget elementor-widget-text-editor\" data-id=\"78e0d99\" data-element_type=\"widget\" data-e-type=\"widget\" data-widget_type=\"text-editor.default\">\n\t\t\t\t\t\t\t\t\t<p>The perfect opportunity for a short escape from everyday life: Our last available rooms are waiting for you. Different room categories, flexible length of stay, and optional add-ons to our popular packages. Simply book online \u2013 we look forward to welcoming you.<\/p>\t\t\t\t\t\t\t\t<\/div>\n\t\t\t\t<\/div>\n\t\t<div class=\"elementor-element elementor-element-f45eafa e-con-full e-flex e-con e-child\" data-id=\"f45eafa\" data-element_type=\"container\" data-e-type=\"container\">\n\t\t\t\t<div class=\"elementor-element elementor-element-0dc543b elementor-widget elementor-widget-image\" data-id=\"0dc543b\" data-element_type=\"widget\" data-e-type=\"widget\" data-widget_type=\"image.default\">\n\t\t\t\t\t\t\t\t\t\t\t\t\t\t\t<img fetchpriority=\"high\" decoding=\"async\" width=\"800\" height=\"393\" src=\"https:\/\/peters-jaegersburg.de\/wp-content\/uploads\/2026\/03\/peters-wellness-hotel-saarland-last-minute.webp\" class=\"attachment-large size-large wp-image-11094\" alt=\"Ein modernes wei\u00dfes Geb\u00e4ude mit Balkonen blickt auf einen ruhigen See, der an einem sonnigen Tag von \u00fcppigen gr\u00fcnen B\u00e4umen umgeben ist - der perfekte Ort f\u00fcr einen Last-Minute-Urlaub, mit Tischen und St\u00fchlen am Wasser und kleinen Booten, die am Ufer angedockt sind.\" srcset=\"https:\/\/peters-jaegersburg.de\/wp-content\/uploads\/2026\/03\/peters-wellness-hotel-saarland-last-minute.webp 900w, https:\/\/peters-jaegersburg.de\/wp-content\/uploads\/2026\/03\/peters-wellness-hotel-saarland-last-minute-300x147.webp 300w, https:\/\/peters-jaegersburg.de\/wp-content\/uploads\/2026\/03\/peters-wellness-hotel-saarland-last-minute-768x377.webp 768w, https:\/\/peters-jaegersburg.de\/wp-content\/uploads\/2026\/03\/peters-wellness-hotel-saarland-last-minute-18x9.webp 18w\" sizes=\"(max-width: 800px) 100vw, 800px\" title=\"\">\t\t\t\t\t\t\t\t\t\t\t\t\t\t\t<\/div>\n\t\t\t\t<\/div>\n\t\t\t\t\t<\/div>\n\t\t\t\t<\/div>\n\t\t<div class=\"elementor-element elementor-element-2a4f882 e-flex e-con-boxed e-con e-parent\" data-id=\"2a4f882\" data-element_type=\"container\" data-e-type=\"container\">\n\t\t\t\t\t<div class=\"e-con-inner\">\n\t\t\t\t<div class=\"elementor-element elementor-element-16dd3dc elementor-widget elementor-widget-text-editor\" data-id=\"16dd3dc\" data-element_type=\"widget\" data-e-type=\"widget\" data-widget_type=\"text-editor.default\">\n\t\t\t\t\t\t\t\t\t<p>Get out for a moment<\/p>\t\t\t\t\t\t\t\t<\/div>\n\t\t\t\t<div class=\"elementor-element elementor-element-897c754 elementor-widget elementor-widget-heading\" data-id=\"897c754\" data-element_type=\"widget\" data-e-type=\"widget\" data-settings=\"{&quot;_animation&quot;:&quot;none&quot;}\" data-widget_type=\"heading.default\">\n\t\t\t\t\t<h2 class=\"elementor-heading-title elementor-size-default\">Last-minute offers - Our deals<\/h2>\t\t\t\t<\/div>\n\t\t\t\t\t<\/div>\n\t\t\t\t<\/div>\n\t\t<div class=\"elementor-element elementor-element-8056ee6 e-flex e-con-boxed e-con e-parent\" data-id=\"8056ee6\" data-element_type=\"container\" data-e-type=\"container\">\n\t\t\t\t\t<div class=\"e-con-inner\">\n\t\t\t\t<div class=\"elementor-element elementor-element-4cf9497 elementor-widget elementor-widget-html\" data-id=\"4cf9497\" data-element_type=\"widget\" data-e-type=\"widget\" data-widget_type=\"html.default\">\n\t\t\t\t\t<div id=\"wlApiWidgetTarget7\"><\/div>\n\n<script src=\"https:\/\/booking.peters-jaegersburg.de\/Websline-ABM\/Widget\/Inject\/7-de-e5bed6c5f529d311eb502d66c39b7de288747456\"><\/script>\t\t\t\t<\/div>\n\t\t\t\t\t<\/div>\n\t\t\t\t<\/div>\n\t\t<div class=\"elementor-element elementor-element-8f1ad38 e-flex e-con-boxed e-con e-parent\" data-id=\"8f1ad38\" data-element_type=\"container\" data-e-type=\"container\" data-settings=\"{&quot;background_background&quot;:&quot;classic&quot;}\">\n\t\t\t\t\t<div class=\"e-con-inner\">\n\t\t<div class=\"elementor-element elementor-element-09b1747 e-con-full e-flex e-con e-child\" data-id=\"09b1747\" data-element_type=\"container\" data-e-type=\"container\">\n\t\t<div class=\"elementor-element elementor-element-df367d3 e-con-full e-flex e-con e-child\" data-id=\"df367d3\" data-element_type=\"container\" data-e-type=\"container\">\n\t\t\t\t<div class=\"elementor-element elementor-element-59df44c elementor-widget elementor-widget-heading\" data-id=\"59df44c\" data-element_type=\"widget\" data-e-type=\"widget\" data-settings=\"{&quot;_animation&quot;:&quot;none&quot;}\" data-widget_type=\"heading.default\">\n\t\t\t\t\t<h2 class=\"elementor-heading-title elementor-size-default\">Didn't find what you were looking for?<\/h2>\t\t\t\t<\/div>\n\t\t\t\t<div class=\"elementor-element elementor-element-7ce4087 elementor-widget elementor-widget-text-editor\" data-id=\"7ce4087\" data-element_type=\"widget\" data-e-type=\"widget\" data-widget_type=\"text-editor.default\">\n\t\t\t\t\t\t\t\t\t<p>We have even more holiday offers.<br \/>Simply check our booking calendar.<\/p>\t\t\t\t\t\t\t\t<\/div>\n\t\t\t\t<div class=\"elementor-element elementor-element-32f5ebc elementor-align-center elementor-widget elementor-widget-button\" data-id=\"32f5ebc\" data-element_type=\"widget\" data-e-type=\"widget\" data-settings=\"{&quot;_animation_delay&quot;:400,&quot;_animation&quot;:&quot;none&quot;}\" data-widget_type=\"button.default\">\n\t\t\t\t\t\t\t\t\t\t<a class=\"elementor-button elementor-button-link elementor-size-md elementor-animation-float\" href=\"https:\/\/booking.peters-jaegersburg.de\/websLINE-ABM\/Homepage\/Booking\/Preset?PackageId=10&#038;languageIso=de\" target=\"_blank\" id=\"btn-peterswellness\">\n\t\t\t\t\t\t<span class=\"elementor-button-content-wrapper\">\n\t\t\t\t\t\t<span class=\"elementor-button-icon\">\n\t\t\t\t<svg aria-hidden=\"true\" class=\"e-font-icon-svg e-far-bookmark\" viewbox=\"0 0 384 512\" xmlns=\"http:\/\/www.w3.org\/2000\/svg\"><path d=\"M336 0H48C21.49 0 0 21.49 0 48v464l192-112 192 112V48c0-26.51-21.49-48-48-48zm0 428.43l-144-84-144 84V54a6 6 0 0 1 6-6h276c3.314 0 6 2.683 6 5.996V428.43z\"><\/path><\/svg>\t\t\t<\/span>\n\t\t\t\t\t\t\t\t\t<span class=\"elementor-button-text\">To the offers<\/span>\n\t\t\t\t\t<\/span>\n\t\t\t\t\t<\/a>\n\t\t\t\t\t\t\t\t<\/div>\n\t\t\t\t<\/div>\n\t\t\t\t<\/div>\n\t\t<div class=\"elementor-element elementor-element-b524a8c e-con-full e-flex e-con e-child\" data-id=\"b524a8c\" data-element_type=\"container\" data-e-type=\"container\">\n\t\t<div class=\"elementor-element elementor-element-8710b0e e-grid e-con-full e-con e-child\" data-id=\"8710b0e\" data-element_type=\"container\" data-e-type=\"container\">\n\t\t<div class=\"elementor-element elementor-element-e285a2f e-con-full e-flex e-con e-child\" data-id=\"e285a2f\" data-element_type=\"container\" data-e-type=\"container\">\n\t\t<div class=\"elementor-element elementor-element-ffa35b9 e-con-full e-flex e-con e-child\" data-id=\"ffa35b9\" data-element_type=\"container\" data-e-type=\"container\">\n\t\t\t\t<div class=\"elementor-element elementor-element-6b015bf elementor-widget elementor-widget-image\" data-id=\"6b015bf\" data-element_type=\"widget\" data-e-type=\"widget\" data-widget_type=\"image.default\">\n\t\t\t\t\t\t\t\t\t\t\t\t\t\t\t<img decoding=\"async\" width=\"1050\" height=\"700\" src=\"https:\/\/peters-jaegersburg.de\/wp-content\/uploads\/2026\/02\/peters-hotel-spa-jaegersburg-zimmer-seeblick.webp\" class=\"attachment-full size-full wp-image-10854\" alt=\"Ein modernes Hotelzimmer mit einem gro\u00dfen Holzbett, wei\u00dfer Bettw\u00e4sche, zwei Sesseln am Fenster mit dunklen Vorh\u00e4ngen, einer Stehlampe, einem kleinen Tisch mit Blumen und Holzfu\u00dfboden. Das Zimmer ist hell und ger\u00e4umig.\" srcset=\"https:\/\/peters-jaegersburg.de\/wp-content\/uploads\/2026\/02\/peters-hotel-spa-jaegersburg-zimmer-seeblick.webp 1050w, https:\/\/peters-jaegersburg.de\/wp-content\/uploads\/2026\/02\/peters-hotel-spa-jaegersburg-zimmer-seeblick-300x200.webp 300w, https:\/\/peters-jaegersburg.de\/wp-content\/uploads\/2026\/02\/peters-hotel-spa-jaegersburg-zimmer-seeblick-1024x683.webp 1024w, https:\/\/peters-jaegersburg.de\/wp-content\/uploads\/2026\/02\/peters-hotel-spa-jaegersburg-zimmer-seeblick-768x512.webp 768w, https:\/\/peters-jaegersburg.de\/wp-content\/uploads\/2026\/02\/peters-hotel-spa-jaegersburg-zimmer-seeblick-18x12.webp 18w\" sizes=\"(max-width: 1050px) 100vw, 1050px\" title=\"\">\t\t\t\t\t\t\t\t\t\t\t\t\t\t\t<\/div>\n\t\t\t\t<\/div>\n\t\t\t\t<\/div>\n\t\t<div class=\"elementor-element elementor-element-4b0485e e-con-full e-flex e-con e-child\" data-id=\"4b0485e\" data-element_type=\"container\" data-e-type=\"container\">\n\t\t\t\t<div class=\"elementor-element elementor-element-d5d8556 elementor-widget elementor-widget-text-editor\" data-id=\"d5d8556\" data-element_type=\"widget\" data-e-type=\"widget\" data-widget_type=\"text-editor.default\">\n\t\t\t\t\t\t\t\t\tYour retreat\t\t\t\t\t\t\t\t<\/div>\n\t\t\t\t<div class=\"elementor-element elementor-element-9d1f712 elementor-widget elementor-widget-image\" data-id=\"9d1f712\" data-element_type=\"widget\" data-e-type=\"widget\" data-widget_type=\"image.default\">\n\t\t\t\t\t\t\t\t\t\t\t\t\t\t\t<img decoding=\"async\" width=\"400\" height=\"287\" src=\"https:\/\/peters-jaegersburg.de\/wp-content\/uploads\/2021\/04\/peters-tannen.png\" class=\"attachment-full size-full wp-image-5737\" alt=\"Drei stilisierte Baumformen mit Zickzacklinien, die sowohl an Tannenb\u00e4ume als auch an Blitze erinnern. Der mittlere Baum ist dunkelgr\u00fcn, die beiden seitlichen B\u00e4ume sind hellgr\u00fcn. Das Design hat einen modernen, geometrischen Look.\" srcset=\"https:\/\/peters-jaegersburg.de\/wp-content\/uploads\/2021\/04\/peters-tannen.png 400w, https:\/\/peters-jaegersburg.de\/wp-content\/uploads\/2021\/04\/peters-tannen-768x551.png 768w, https:\/\/peters-jaegersburg.de\/wp-content\/uploads\/2021\/04\/peters-tannen-18x12.png 18w\" sizes=\"(max-width: 400px) 100vw, 400px\" title=\"\">\t\t\t\t\t\t\t\t\t\t\t\t\t\t\t<\/div>\n\t\t\t\t<\/div>\n\t\t\t\t<\/div>\n\t\t\t\t<\/div>\n\t\t\t\t\t<\/div>\n\t\t\t\t<\/div>\n\t\t\t\t<\/div>","protected":false},"excerpt":{"rendered":"<p>Spontan raus. Tiefenentspannt zur\u00fcck.Mit unseren letzten freien Zimmern. In ihrem 4-Sterne Wellnesshotel im Naherholungsgebiet J\u00e4gersburg Die perfekte Gelegenheit f\u00fcr eine kleine Flucht aus dem Alltag: Unsere letzten freien Zimmer warten auf Sie. Unterschiedliche Zimmerkategorien, flexible Aufenthaltsdauer und optional mit unseren beliebten Arrangements. Einfach online buchen \u2013 wir freuen uns auf Sie. Kurz mal raus Restplatzb\u00f6rse [&hellip;]<\/p>\n","protected":false},"author":1,"featured_media":0,"parent":0,"menu_order":0,"comment_status":"closed","ping_status":"closed","template":"","meta":{"footnotes":""},"class_list":["post-11088","page","type-page","status-publish","hentry"],"_links":{"self":[{"href":"https:\/\/peters-jaegersburg.de\/en\/wp-json\/wp\/v2\/pages\/11088","targetHints":{"allow":["GET"]}}],"collection":[{"href":"https:\/\/peters-jaegersburg.de\/en\/wp-json\/wp\/v2\/pages"}],"about":[{"href":"https:\/\/peters-jaegersburg.de\/en\/wp-json\/wp\/v2\/types\/page"}],"author":[{"embeddable":true,"href":"https:\/\/peters-jaegersburg.de\/en\/wp-json\/wp\/v2\/users\/1"}],"replies":[{"embeddable":true,"href":"https:\/\/peters-jaegersburg.de\/en\/wp-json\/wp\/v2\/comments?post=11088"}],"version-history":[{"count":26,"href":"https:\/\/peters-jaegersburg.de\/en\/wp-json\/wp\/v2\/pages\/11088\/revisions"}],"predecessor-version":[{"id":11138,"href":"https:\/\/peters-jaegersburg.de\/en\/wp-json\/wp\/v2\/pages\/11088\/revisions\/11138"}],"wp:attachment":[{"href":"https:\/\/peters-jaegersburg.de\/en\/wp-json\/wp\/v2\/media?parent=11088"}],"curies":[{"name":"wp","href":"https:\/\/api.w.org\/{rel}","templated":true}]}}